{"id":2664,"date":"2023-09-27T14:23:44","date_gmt":"2023-09-27T12:23:44","guid":{"rendered":"https:\/\/ujinn.pl\/?page_id=2664"},"modified":"2024-04-26T10:52:15","modified_gmt":"2024-04-26T08:52:15","slug":"kontakt","status":"publish","type":"page","link":"https:\/\/ujinn.pl\/en\/dwor-w-modlnicy\/kontakt\/","title":{"rendered":"Contact"},"content":{"rendered":"<section class=\"wpb-content-wrapper\"><div class=\"vc_row wpb_row vc_row-fluid\"><div class=\"wpb_column vc_column_container vc_col-sm-12\"><div class=\"vc_column-inner\"><div class=\"wpb_wrapper\"><div class=\"nd_options_menu_component nd_options_section nd_options_menu_component_489\"><div class=\"menu-menu-modlnica-container\"><ul id=\"menu-menu-modlnica\" class=\"menu\"><li id=\"menu-item-3553\" class=\"menu-item menu-item-type-post_type menu-item-object-page menu-item-3553\"><a href=\"https:\/\/ujinn.pl\/en\/dwor-w-modlnicy\/\">MANOR HOUSE IN MODLNICA<\/a><\/li>\n<li id=\"menu-item-3554\" class=\"menu-item menu-item-type-post_type menu-item-object-page menu-item-3554\"><a href=\"https:\/\/ujinn.pl\/en\/dwor-w-modlnicy\/o-nas\/\">ABOUT US<\/a><\/li>\n<li id=\"menu-item-3555\" class=\"menu-item menu-item-type-post_type menu-item-object-page menu-item-3555\"><a href=\"https:\/\/ujinn.pl\/en\/dwor-w-modlnicy\/oferta\/\">WHAT WE OFFER<\/a><\/li>\n<li id=\"menu-item-3556\" class=\"menu-item menu-item-type-post_type menu-item-object-page menu-item-3556\"><a href=\"https:\/\/ujinn.pl\/en\/dwor-w-modlnicy\/galeria\/\">GALLERY<\/a><\/li>\n<li id=\"menu-item-3557\" class=\"menu-item menu-item-type-post_type menu-item-object-page menu-item-3557\"><a href=\"https:\/\/ujinn.pl\/en\/dwor-w-modlnicy\/kontakt\/\">CONTACT<\/a><\/li>\n<\/ul><\/div><\/div><\/div><\/div><\/div><\/div><div class=\"vc_row wpb_row vc_row-fluid\"><div class=\"wpb_column vc_column_container vc_col-sm-12\"><div class=\"vc_column-inner\"><div class=\"wpb_wrapper\"><div style=\"background-color:;height: 30px\" class=\"nicdark_section\"><\/div><\/div><\/div><\/div><\/div><div class=\"vc_row wpb_row vc_row-fluid\"><div class=\"wpb_column vc_column_container vc_col-sm-6\"><div class=\"vc_column-inner\"><div class=\"wpb_wrapper\"><div style=\"background-color:#ffffff;height: 50px\" class=\"nicdark_section\"><\/div><div class=\"wpb_gmaps_widget wpb_content_element\"><div class=\"wpb_wrapper\"><div class=\"wpb_map_wraper\"><iframe src=\"https:\/\/www.google.com\/maps\/embed?pb=!1m18!1m12!1m3!1d2221.2599182844333!2d19.86139417590106!3d50.130970410316394!2m3!1f0!2f0!3f0!3m2!1i1024!2i768!4f13.1!3m3!1m2!1s0x471659d8ffa5d337%3A0xc5786e95faaa72ee!2sDw%C3%B3r%20w%20Modlnicy%20UJ!5e1!3m2!1spl!2spl!4v1705995319513!5m2!1spl!2spl\" width=\"600\" height=\"450\" style=\"border:0;\" allowfullscreen=\"\" loading=\"lazy\" referrerpolicy=\"no-referrer-when-downgrade\"><\/iframe><\/div><\/div><\/div><\/div><\/div><\/div><div class=\"wpb_column vc_column_container vc_col-sm-6\"><div class=\"vc_column-inner\"><div class=\"wpb_wrapper\"><div style=\"background-color:;height: 50px\" class=\"nicdark_section\"><\/div>\n\t<div class=\"wpb_text_column wpb_content_element\" >\n\t\t<div class=\"wpb_wrapper\">\n\t\t\t<p>If you are interested in our offer, do not hesitate!<\/p>\n<p>We will be glad to take you on a tour around the Manor House, describing all it has to offer and answering your questions.<\/p>\n<p>&nbsp;<\/p>\n<p class=\"translation-block\">To book a tour, please contact us beforehand via e-mail or phone in order to set up a meeting.<\/p>\n\n\t\t<\/div>\n\t<\/div>\n<div style=\"background-color:;height: 30px\" class=\"nicdark_section\"><\/div>\n\t<div class=\"wpb_text_column wpb_content_element\" >\n\t\t<div class=\"wpb_wrapper\">\n\t\t\t<p><u><a href=\"mailto:dwor.modlnica@uj.edu.pl\">dwor.modlnica@uj.edu.pl<\/a><\/u><\/p>\n<p>&nbsp;<\/p>\n<p>Paulina <a href=\"tel:+48532399184\">+48 532 399 184<\/a><\/p>\n<p>Contact by phone: Monday to Friday from 8.00 a.m. to 4.00 p.m.<\/p>\n\n\t\t<\/div>\n\t<\/div>\n<div style=\"background-color:;height: 20px\" class=\"nicdark_section\"><\/div>\n\t<div class=\"wpb_text_column wpb_content_element\" >\n\t\t<div class=\"wpb_wrapper\">\n\t\t\t<p><strong>JU Manor House in Modlnica<\/strong><\/p>\n<p><a href=\"https:\/\/www.google.com\/maps\/place\/Dw%C3%B3r+w+Modlnicy+UJ\/@50.130967,19.8613942,17z\/data=!3m1!4b1!4m6!3m5!1s0x471659d8ffa5d337:0xc5786e95faaa72ee!8m2!3d50.130967!4d19.8639691!16s%2Fg%2F11cllmvdry?entry=ttu\"><u>\u015bw. Wojciecha 62<\/u><\/a><\/p>\n<p><u><a href=\"https:\/\/www.google.com\/maps\/place\/Dw%C3%B3r+w+Modlnicy+UJ\/@50.130967,19.8613942,17z\/data=!3m1!4b1!4m6!3m5!1s0x471659d8ffa5d337:0xc5786e95faaa72ee!8m2!3d50.130967!4d19.8639691!16s%2Fg%2F11cllmvdry?entry=ttu\">32-085 Modlnica<\/a><\/u><\/p>\n\n\t\t<\/div>\n\t<\/div>\n<div style=\"background-color:;height: 20px\" class=\"nicdark_section\"><\/div><div class=\"vc_row wpb_row vc_inner vc_row-fluid\"><div class=\"wpb_column vc_column_container vc_col-sm-2\"><div class=\"vc_column-inner\"><div class=\"wpb_wrapper\"><div class=\"vc_icon_element vc_icon_element-outer vc_icon_element-align-left vc_icon_element-have-style\"><div class=\"vc_icon_element-inner vc_icon_element-color-blue vc_icon_element-have-style-inner vc_icon_element-size-lg vc_icon_element-style-rounded vc_icon_element-background vc_icon_element-background-color-white\" ><span class=\"vc_icon_element-icon fab fa-facebook-square\" ><\/span><a class=\"vc_icon_element-link\" href=\"https:\/\/www.facebook.com\/DworModlnica\"  title=\"\" target=\"_blank\"><\/a><\/div><\/div><\/div><\/div><\/div><div class=\"wpb_column vc_column_container vc_col-sm-2\"><div class=\"vc_column-inner\"><div class=\"wpb_wrapper\"><div class=\"vc_icon_element vc_icon_element-outer vc_icon_element-align-left vc_icon_element-have-style\"><div class=\"vc_icon_element-inner vc_icon_element-color-juicy_pink vc_icon_element-have-style-inner vc_icon_element-size-lg vc_icon_element-style-rounded vc_icon_element-background vc_icon_element-background-color-white\" ><span class=\"vc_icon_element-icon fab fa-instagram\" ><\/span><a class=\"vc_icon_element-link\" href=\"https:\/\/instagram.com\/dwor_w_modlnicy?igshid=NGVhN2U2NjQ0Yg==\"  title=\"\" target=\"_blank\"><\/a><\/div><\/div><\/div><\/div><\/div><div class=\"wpb_column vc_column_container vc_col-sm-2\"><div class=\"vc_column-inner\"><div class=\"wpb_wrapper\"><\/div><\/div><\/div><div class=\"wpb_column vc_column_container vc_col-sm-2\"><div class=\"vc_column-inner\"><div class=\"wpb_wrapper\"><\/div><\/div><\/div><div class=\"wpb_column vc_column_container vc_col-sm-2\"><div class=\"vc_column-inner\"><div class=\"wpb_wrapper\"><\/div><\/div><\/div><div class=\"wpb_column vc_column_container vc_col-sm-2\"><div class=\"vc_column-inner\"><div class=\"wpb_wrapper\"><\/div><\/div><\/div><\/div><div style=\"background-color:;height: 20px\" class=\"nicdark_section\"><\/div>\n\n    <div class=\"nd_options_section nd_options_position_relative download_btn\">\n\n        <img decoding=\"async\" style=\"top:0px\" alt=\"\" class=\"nd_options_position_absolute nd_options_left_0\" width=\"40\" src=\"https:\/\/ujinn.pl\/wp-content\/uploads\/2023\/10\/dok.jpg\">\n\n        <div style=\"padding-left:60px\" class=\"nd_options_section nd_options_box_sizing_border_box\">\n            \n             \n             \n            <a class=\"nd_options_display_inline_block\" style=\"font-size:px;line-height:px;border-radius:0px;border:0px solid #ffffff;background-color:#ffffff;padding:10px;color:#c19b77\" rel=\"\" href=\"https:\/\/ujinn.pl\/wp-content\/uploads\/2023\/10\/Regulamin-Dworu-w-Modlnicy_PL.pdf\">Regulamin korzystania z kompleksu Dw\u00f3r w Modlnicy UJ<\/a>\n\n        <\/div>\n\n    <\/div>\n\n  <div style=\"background-color:;height: 20px\" class=\"nicdark_section\"><\/div>\n\n    <div class=\"nd_options_section nd_options_position_relative download_btn\">\n\n        <img decoding=\"async\" style=\"top:0px\" alt=\"\" class=\"nd_options_position_absolute nd_options_left_0\" width=\"40\" src=\"https:\/\/ujinn.pl\/wp-content\/uploads\/2023\/10\/dok.jpg\">\n\n        <div style=\"padding-left:60px\" class=\"nd_options_section nd_options_box_sizing_border_box\">\n            \n             \n             \n            <a class=\"nd_options_display_inline_block\" style=\"font-size:px;line-height:px;border-radius:0px;border:0px solid #ffffff;background-color:#ffffff;padding:10px;color:#c19b77\" rel=\"\" href=\"https:\/\/ujinn.pl\/wp-content\/uploads\/2023\/10\/Regulamin-Dworu-w-Modlnicy_ENG.pdf\">The Manor in Modlnica of the JU \u2013 Terms of Use<\/a>\n\n        <\/div>\n\n    <\/div>\n\n  <div style=\"background-color:;height: 20px\" class=\"nicdark_section\"><\/div>\n\t<div class=\"wpb_text_column wpb_content_element\" >\n\t\t<div class=\"wpb_wrapper\">\n\t\t\t<p><u><a href=\"https:\/\/ujinn.pl\/en\/deklaracja-dostepnosci\/\">Deklaracja dost\u0119pno\u015bci<\/a><\/u><\/p>\n\n\t\t<\/div>\n\t<\/div>\n<\/div><\/div><\/div><\/div><div data-vc-full-width=\"true\" data-vc-full-width-init=\"false\" data-vc-stretch-content=\"true\" class=\"vc_row wpb_row vc_row-fluid\"><div class=\"wpb_column vc_column_container vc_col-sm-12\"><div class=\"vc_column-inner\"><div class=\"wpb_wrapper\"><div style=\"background-color:;height: 100px\" class=\"nicdark_section\"><\/div><\/div><\/div><\/div><\/div><div class=\"vc_row-full-width vc_clearfix\"><\/div>\n<\/section>","protected":false},"excerpt":{"rendered":"DW\u00d3R W MODLNICY O NAS OFERTA GALERIA KONTAKT Je\u015bli zainteresowa\u0142a Pa\u0144stwa nasza oferta to czas na kolejny krok! Z przyjemno\u015bci\u0105 oprowadzimy Pa\u0144stwa po obiekcie, opowiadaj\u0105c o wszystkich jego mo\u017cliwo\u015bciach oraz rozwiewaj\u0105c wszelkie w\u0105tpliwo\u015bci. &nbsp; W tym celu prosimy o\u00a0wcze\u015bniejszy\u00a0kontakt telefoniczny lub mailowy, celem um\u00f3wienia spotkania. dwor.modlnica@uj.edu.pl &nbsp; Paulina +48 532 399 184 Kontakt telefoniczny od [...]","protected":false},"author":1,"featured_media":0,"parent":2438,"menu_order":4,"comment_status":"closed","ping_status":"closed","template":"","meta":{"footnotes":""},"class_list":["post-2664","page","type-page","status-publish","hentry"],"_links":{"self":[{"href":"https:\/\/ujinn.pl\/en\/wp-json\/wp\/v2\/pages\/2664","targetHints":{"allow":["GET"]}}],"collection":[{"href":"https:\/\/ujinn.pl\/en\/wp-json\/wp\/v2\/pages"}],"about":[{"href":"https:\/\/ujinn.pl\/en\/wp-json\/wp\/v2\/types\/page"}],"author":[{"embeddable":true,"href":"https:\/\/ujinn.pl\/en\/wp-json\/wp\/v2\/users\/1"}],"replies":[{"embeddable":true,"href":"https:\/\/ujinn.pl\/en\/wp-json\/wp\/v2\/comments?post=2664"}],"version-history":[{"count":54,"href":"https:\/\/ujinn.pl\/en\/wp-json\/wp\/v2\/pages\/2664\/revisions"}],"predecessor-version":[{"id":4056,"href":"https:\/\/ujinn.pl\/en\/wp-json\/wp\/v2\/pages\/2664\/revisions\/4056"}],"up":[{"embeddable":true,"href":"https:\/\/ujinn.pl\/en\/wp-json\/wp\/v2\/pages\/2438"}],"wp:attachment":[{"href":"https:\/\/ujinn.pl\/en\/wp-json\/wp\/v2\/media?parent=2664"}],"curies":[{"name":"wp","href":"https:\/\/api.w.org\/{rel}","templated":true}]}}