{"id":2685,"date":"2023-10-12T22:48:37","date_gmt":"2023-10-12T20:48:37","guid":{"rendered":"https:\/\/ujinn.pl\/?page_id=2685"},"modified":"2024-06-06T09:01:44","modified_gmt":"2024-06-06T07:01:44","slug":"pigoniowka","status":"publish","type":"page","link":"https:\/\/ujinn.pl\/en\/pigoniowka\/","title":{"rendered":"Pigoni\u00f3wka"},"content":{"rendered":"<section class=\"wpb-content-wrapper\"><div data-vc-full-width=\"true\" data-vc-full-width-init=\"false\" class=\"vc_row wpb_row vc_row-fluid vc_custom_1694116303690 vc_row-has-fill\"><div class=\"wpb_column vc_column_container vc_col-sm-12\"><div class=\"vc_column-inner\"><div class=\"wpb_wrapper\"><div style=\"background-color:;height: 100px\" class=\"nicdark_section\"><\/div><\/div><\/div><\/div><\/div><div class=\"vc_row-full-width vc_clearfix\"><\/div><div data-vc-full-width=\"true\" data-vc-full-width-init=\"false\" class=\"vc_row wpb_row vc_row-fluid vc_custom_1694116308325 vc_row-has-fill\"><div class=\"wpb_column vc_column_container vc_col-sm-12\"><div class=\"vc_column-inner\"><div class=\"wpb_wrapper\"><div class=\"vc_row wpb_row vc_inner vc_row-fluid\"><div class=\"wpb_column vc_column_container vc_col-sm-3 vc_col-has-fill\"><div class=\"vc_column-inner vc_custom_1694117569566\"><div class=\"wpb_wrapper\">\n\t<div  class=\"wpb_single_image wpb_content_element vc_align_center\">\n\t\t\n\t\t<figure class=\"wpb_wrapper vc_figure\">\n\t\t\t<a href=\"https:\/\/ujinn.pl\/en\/pigoniowka\/o-nas\/\" target=\"_self\" class=\"vc_single_image-wrapper   vc_box_border_grey\"><img decoding=\"async\" width=\"200\" height=\"200\" src=\"https:\/\/ujinn.pl\/wp-content\/uploads\/2024\/03\/about-us-200x200-1.png\" class=\"vc_single_image-img attachment-large\" alt=\"O nas\" title=\"About us\" srcset=\"https:\/\/ujinn.pl\/wp-content\/uploads\/2024\/03\/about-us-200x200-1.png 200w, https:\/\/ujinn.pl\/wp-content\/uploads\/2024\/03\/about-us-200x200-1-150x150.png 150w, https:\/\/ujinn.pl\/wp-content\/uploads\/2024\/03\/about-us-200x200-1-12x12.png 12w\" sizes=\"(max-width: 200px) 100vw, 200px\" \/><\/a>\n\t\t<\/figure>\n\t<\/div>\n<\/div><\/div><\/div><div class=\"wpb_column vc_column_container vc_col-sm-3 vc_col-has-fill\"><div class=\"vc_column-inner vc_custom_1694117573099\"><div class=\"wpb_wrapper\">\n\t<div  class=\"wpb_single_image wpb_content_element vc_align_center\">\n\t\t\n\t\t<figure class=\"wpb_wrapper vc_figure\">\n\t\t\t<a href=\"https:\/\/ujinn.pl\/en\/pigoniowka\/oferta\/\" target=\"_self\" class=\"vc_single_image-wrapper   vc_box_border_grey\"><img decoding=\"async\" width=\"200\" height=\"200\" src=\"https:\/\/ujinn.pl\/wp-content\/uploads\/2024\/03\/offer-200x200-1.png\" class=\"vc_single_image-img attachment-large\" alt=\"Oferta\" title=\"What we offer\" srcset=\"https:\/\/ujinn.pl\/wp-content\/uploads\/2024\/03\/offer-200x200-1.png 200w, https:\/\/ujinn.pl\/wp-content\/uploads\/2024\/03\/offer-200x200-1-150x150.png 150w, https:\/\/ujinn.pl\/wp-content\/uploads\/2024\/03\/offer-200x200-1-12x12.png 12w\" sizes=\"(max-width: 200px) 100vw, 200px\" \/><\/a>\n\t\t<\/figure>\n\t<\/div>\n<\/div><\/div><\/div><div class=\"wpb_column vc_column_container vc_col-sm-3 vc_col-has-fill\"><div class=\"vc_column-inner vc_custom_1694117588901\"><div class=\"wpb_wrapper\">\n\t<div  class=\"wpb_single_image wpb_content_element vc_align_center\">\n\t\t\n\t\t<figure class=\"wpb_wrapper vc_figure\">\n\t\t\t<a href=\"https:\/\/ujinn.pl\/en\/pigoniowka\/galeria\/\" target=\"_self\" class=\"vc_single_image-wrapper   vc_box_border_grey\"><img decoding=\"async\" width=\"200\" height=\"200\" src=\"https:\/\/ujinn.pl\/wp-content\/uploads\/2024\/03\/gallery-200x200-1.png\" class=\"vc_single_image-img attachment-large\" alt=\"Galeria\" title=\"Gallery\" srcset=\"https:\/\/ujinn.pl\/wp-content\/uploads\/2024\/03\/gallery-200x200-1.png 200w, https:\/\/ujinn.pl\/wp-content\/uploads\/2024\/03\/gallery-200x200-1-150x150.png 150w, https:\/\/ujinn.pl\/wp-content\/uploads\/2024\/03\/gallery-200x200-1-12x12.png 12w\" sizes=\"(max-width: 200px) 100vw, 200px\" \/><\/a>\n\t\t<\/figure>\n\t<\/div>\n<\/div><\/div><\/div><div class=\"wpb_column vc_column_container vc_col-sm-3\"><div class=\"vc_column-inner\"><div class=\"wpb_wrapper\">\n\t<div  class=\"wpb_single_image wpb_content_element vc_align_center\">\n\t\t\n\t\t<figure class=\"wpb_wrapper vc_figure\">\n\t\t\t<a href=\"https:\/\/ujinn.pl\/en\/pigoniowka\/kontakt\/\" target=\"_self\" class=\"vc_single_image-wrapper   vc_box_border_grey\"><img loading=\"lazy\" decoding=\"async\" width=\"200\" height=\"200\" src=\"https:\/\/ujinn.pl\/wp-content\/uploads\/2024\/03\/contact-200x200-1.png\" class=\"vc_single_image-img attachment-large\" alt=\"Kontakt\" title=\"Contact\" srcset=\"https:\/\/ujinn.pl\/wp-content\/uploads\/2024\/03\/contact-200x200-1.png 200w, https:\/\/ujinn.pl\/wp-content\/uploads\/2024\/03\/contact-200x200-1-150x150.png 150w, https:\/\/ujinn.pl\/wp-content\/uploads\/2024\/03\/contact-200x200-1-12x12.png 12w\" sizes=\"(max-width: 200px) 100vw, 200px\" \/><\/a>\n\t\t<\/figure>\n\t<\/div>\n<\/div><\/div><\/div><\/div><\/div><\/div><\/div><\/div><div class=\"vc_row-full-width vc_clearfix\"><\/div><div data-vc-full-width=\"true\" data-vc-full-width-init=\"false\" class=\"vc_row wpb_row vc_row-fluid vc_custom_1694117644804 vc_row-has-fill\"><div class=\"wpb_column vc_column_container vc_col-sm-12\"><div class=\"vc_column-inner\"><div class=\"wpb_wrapper\"><div style=\"background-color:;height: 100px\" class=\"nicdark_section\"><\/div><\/div><\/div><\/div><\/div><div class=\"vc_row-full-width vc_clearfix\"><\/div><div data-vc-full-width=\"true\" data-vc-full-width-init=\"false\" class=\"vc_row wpb_row vc_row-fluid\"><div class=\"wpb_column vc_column_container vc_col-sm-12\"><div class=\"vc_column-inner\"><div class=\"wpb_wrapper\"><div style=\"background-color:;height: 20px\" class=\"nicdark_section\"><\/div><\/div><\/div><\/div><\/div><div class=\"vc_row-full-width vc_clearfix\"><\/div><div class=\"vc_row wpb_row vc_row-fluid\"><div class=\"wpb_column vc_column_container vc_col-sm-12\"><div class=\"vc_column-inner\"><div class=\"wpb_wrapper\">\n\t<div class=\"wpb_text_column wpb_content_element\" >\n\t\t<div class=\"wpb_wrapper\">\n\t\t\t<p><strong>S. Pigo\u0144 Guesthouse<\/strong><br \/>\nul. Garbarska 7A, 33-332 Krak\u00f3w<\/p>\n<p><a href=\"mailto:pigoniowka@uj.edu.pl\">pigoniowka@uj.edu.pl<\/a><\/p>\n<p><a href=\"tel:+48124223008\">+48 12 422 30 08<\/a><\/p>\n\n\t\t<\/div>\n\t<\/div>\n<div style=\"background-color:;height: 10px\" class=\"nicdark_section\"><\/div>\n\t<div class=\"wpb_text_column wpb_content_element\" >\n\t\t<div class=\"wpb_wrapper\">\n\t\t\t<p><u><a href=\"https:\/\/ujinn.pl\/en\/deklaracja-dostepnosci\/\">Deklaracja dost\u0119pno\u015bci<\/a><\/u><\/p>\n\n\t\t<\/div>\n\t<\/div>\n<\/div><\/div><\/div><\/div><div class=\"vc_row wpb_row vc_row-fluid\"><div class=\"wpb_column vc_column_container vc_col-sm-12\"><div class=\"vc_column-inner\"><div class=\"wpb_wrapper\"><div style=\"background-color:;height: 30px\" class=\"nicdark_section\"><\/div><\/div><\/div><\/div><\/div>\n<\/section>","protected":false},"excerpt":{"rendered":"Dom Profesorski im. S. Pigonia ul. Garbarska 7A, 33-332 Krak\u00f3w pigoniowka@uj.edu.pl +48 12 422 30 08 Deklaracja dost\u0119pno\u015bci","protected":false},"author":1,"featured_media":0,"parent":0,"menu_order":0,"comment_status":"closed","ping_status":"closed","template":"","meta":{"footnotes":""},"class_list":["post-2685","page","type-page","status-publish","hentry"],"_links":{"self":[{"href":"https:\/\/ujinn.pl\/en\/wp-json\/wp\/v2\/pages\/2685","targetHints":{"allow":["GET"]}}],"collection":[{"href":"https:\/\/ujinn.pl\/en\/wp-json\/wp\/v2\/pages"}],"about":[{"href":"https:\/\/ujinn.pl\/en\/wp-json\/wp\/v2\/types\/page"}],"author":[{"embeddable":true,"href":"https:\/\/ujinn.pl\/en\/wp-json\/wp\/v2\/users\/1"}],"replies":[{"embeddable":true,"href":"https:\/\/ujinn.pl\/en\/wp-json\/wp\/v2\/comments?post=2685"}],"version-history":[{"count":14,"href":"https:\/\/ujinn.pl\/en\/wp-json\/wp\/v2\/pages\/2685\/revisions"}],"predecessor-version":[{"id":4073,"href":"https:\/\/ujinn.pl\/en\/wp-json\/wp\/v2\/pages\/2685\/revisions\/4073"}],"wp:attachment":[{"href":"https:\/\/ujinn.pl\/en\/wp-json\/wp\/v2\/media?parent=2685"}],"curies":[{"name":"wp","href":"https:\/\/api.w.org\/{rel}","templated":true}]}}