{"id":2687,"date":"2023-10-12T22:51:08","date_gmt":"2023-10-12T20:51:08","guid":{"rendered":"https:\/\/ujinn.pl\/?page_id=2687"},"modified":"2024-06-06T08:58:00","modified_gmt":"2024-06-06T06:58:00","slug":"o-nas","status":"publish","type":"page","link":"https:\/\/ujinn.pl\/en\/florianska\/o-nas\/","title":{"rendered":"About us"},"content":{"rendered":"<section class=\"wpb-content-wrapper\"><div class=\"vc_row wpb_row vc_row-fluid\"><div class=\"wpb_column vc_column_container vc_col-sm-12\"><div class=\"vc_column-inner\"><div class=\"wpb_wrapper\"><div class=\"nd_options_menu_component nd_options_section nd_options_menu_component_216\"><div class=\"menu-menu-florianska-container\"><ul id=\"menu-menu-florianska\" class=\"menu\"><li id=\"menu-item-3578\" class=\"menu-item menu-item-type-post_type menu-item-object-page menu-item-3578\"><a href=\"https:\/\/ujinn.pl\/en\/florianska\/\">FLORIA\u0143SKA GUESTHOUSE<\/a><\/li>\n<li id=\"menu-item-3582\" class=\"menu-item menu-item-type-post_type menu-item-object-page menu-item-3582\"><a href=\"https:\/\/ujinn.pl\/en\/florianska\/o-nas\/\">ABOUT US<\/a><\/li>\n<li id=\"menu-item-3581\" class=\"menu-item menu-item-type-post_type menu-item-object-page menu-item-3581\"><a href=\"https:\/\/ujinn.pl\/en\/florianska\/oferta\/\">WHAT WE OFFER<\/a><\/li>\n<li id=\"menu-item-3580\" class=\"menu-item menu-item-type-post_type menu-item-object-page menu-item-3580\"><a href=\"https:\/\/ujinn.pl\/en\/florianska\/galeria\/\">GALLERY<\/a><\/li>\n<li id=\"menu-item-3579\" class=\"menu-item menu-item-type-post_type menu-item-object-page menu-item-3579\"><a href=\"https:\/\/ujinn.pl\/en\/florianska\/kontakt\/\">CONTACT<\/a><\/li>\n<\/ul><\/div><\/div><\/div><\/div><\/div><\/div><div class=\"vc_row wpb_row vc_row-fluid\"><div class=\"wpb_column vc_column_container vc_col-sm-12\"><div class=\"vc_column-inner\"><div class=\"wpb_wrapper\"><div class=\"vc_empty_space\"   style=\"height: 30px\"><span class=\"vc_empty_space_inner\"><\/span><\/div><\/div><\/div><\/div><\/div><div class=\"vc_row wpb_row vc_row-fluid\"><div class=\"wpb_column vc_column_container vc_col-sm-6\"><div class=\"vc_column-inner\"><div class=\"wpb_wrapper\"><div style=\"background-color:;height: 15px\" class=\"nicdark_section\"><\/div> <h3 style=\"color:;padding:px;text-align:right;font-size:34px;line-height:50px;letter-spacing: px;font-weight:normal\" class=\"nd_options_text_align_center_responsive_important nd_options_first_font\">The Jagiellonian University is pleased to present the Floria\u0144ska Guesthouse \u2013 a cosy building in the very heart of Krak\u00f3w, in close proximity to the historic city walls, Floria\u0144ska Gate, and Barbican.<\/h3> <div style=\"background-color:;height: 15px\" class=\"nicdark_section\"><\/div>\n\t<div class=\"wpb_text_column wpb_content_element\" >\n\t\t<div class=\"wpb_wrapper\">\n\t\t\t<p style=\"text-align: right;\">The JU Guesthouse consists of two parts: a historic house dating back to the 15th century and a recently reconstructed annexe.<\/p>\n\n\t\t<\/div>\n\t<\/div>\n<div class=\"vc_empty_space\"   style=\"height: 32px\"><span class=\"vc_empty_space_inner\"><\/span><\/div><\/div><\/div><\/div><div class=\"wpb_column vc_column_container vc_col-sm-6\"><div class=\"vc_column-inner\"><div class=\"wpb_wrapper\">\n\t<div  class=\"wpb_single_image wpb_content_element vc_align_left\">\n\t\t\n\t\t<figure class=\"wpb_wrapper vc_figure\">\n\t\t\t<div class=\"vc_single_image-wrapper   vc_box_border_grey\"><img fetchpriority=\"high\" decoding=\"async\" width=\"960\" height=\"720\" src=\"https:\/\/ujinn.pl\/wp-content\/uploads\/2023\/10\/Florianska49_UJ-5.jpg\" class=\"vc_single_image-img attachment-full\" alt=\"Dom Go\u015bcinny UJ Floria\u0144ska patio\" title=\"\" srcset=\"https:\/\/ujinn.pl\/wp-content\/uploads\/2023\/10\/Florianska49_UJ-5.jpg 960w, https:\/\/ujinn.pl\/wp-content\/uploads\/2023\/10\/Florianska49_UJ-5-300x225.jpg 300w, https:\/\/ujinn.pl\/wp-content\/uploads\/2023\/10\/Florianska49_UJ-5-768x576.jpg 768w\" sizes=\"(max-width: 960px) 100vw, 960px\" \/><\/div>\n\t\t<\/figure>\n\t<\/div>\n<div style=\"background-color:;height: 15px\" class=\"nicdark_section\"><\/div><div style=\"background-color:;height: 15px\" class=\"nicdark_section\"><\/div><\/div><\/div><\/div><\/div><div class=\"vc_row wpb_row vc_row-fluid\"><div class=\"wpb_column vc_column_container vc_col-sm-12\"><div class=\"vc_column-inner\"><div class=\"wpb_wrapper\"><div class=\"vc_empty_space\"   style=\"height: 50px\"><span class=\"vc_empty_space_inner\"><\/span><\/div><\/div><\/div><\/div><\/div><div data-vc-full-width=\"true\" data-vc-full-width-init=\"false\" class=\"vc_row wpb_row vc_row-fluid vc_custom_1692974270216 vc_row-has-fill\"><div class=\"wpb_column vc_column_container vc_col-sm-12\"><div class=\"vc_column-inner\"><div class=\"wpb_wrapper\"><div class=\"vc_empty_space\"   style=\"height: 50px\"><span class=\"vc_empty_space_inner\"><\/span><\/div>\n\t<div class=\"wpb_text_column wpb_content_element\" >\n\t\t<div class=\"wpb_wrapper\">\n\t\t\t<p><span class=\"nicdark_font_size_50 nicdark_float_left nicdark_padding_28 nicdark_line_height_30 nd_options_first_font\">HISTORY<\/span><\/p>\n<p class=\"translation-block\">The earliest mentions of the building come from the 14th century, when it was owned by Matias Palior, and Floria\u0144ska Street was known as \u2018platea S.Floriami\u2019. An austere gothic stone portal  preserved in the basement dates back to this period. As time passed the building changed owners, and its architectural style also evolved. Finally, the house became the property of the Jagiellonian University, thanks to whose efforts the fa\u00e7ade was fitted with an impressive geometric sgraffito decoration, topped with the JU coat of arms authored by Ludwik Wojtyczko. This technique of wall painting, already known in the antiquity, became especially popular in the Renaissance period. Today, the distinctive black and white front of the Guesthouse still catches the attention of numerous passers-by walking along the historic Royal Road, of which Floria\u0144ska Street is part.<\/p>\n\n\t\t<\/div>\n\t<\/div>\n<div class=\"vc_empty_space\"   style=\"height: 50px\"><span class=\"vc_empty_space_inner\"><\/span><\/div><\/div><\/div><\/div><\/div><div class=\"vc_row-full-width vc_clearfix\"><\/div><div data-vc-full-width=\"true\" data-vc-full-width-init=\"false\" class=\"vc_row wpb_row vc_row-fluid vc_custom_1692974270216 vc_row-has-fill\"><div class=\"wpb_column vc_column_container vc_col-sm-8\"><div class=\"vc_column-inner\"><div class=\"wpb_wrapper\">\n\t<div  class=\"wpb_single_image wpb_content_element vc_align_left\">\n\t\t\n\t\t<figure class=\"wpb_wrapper vc_figure\">\n\t\t\t<div class=\"vc_single_image-wrapper   vc_box_border_grey\"><img decoding=\"async\" width=\"1200\" height=\"799\" src=\"https:\/\/ujinn.pl\/wp-content\/uploads\/2023\/11\/florianska_1200.jpg\" class=\"vc_single_image-img attachment-full\" alt=\"Dom Go\u015bcinny Floria\u0144ska - widok na ulic\u0119\" title=\"\" srcset=\"https:\/\/ujinn.pl\/wp-content\/uploads\/2023\/11\/florianska_1200.jpg 1200w, https:\/\/ujinn.pl\/wp-content\/uploads\/2023\/11\/florianska_1200-300x200.jpg 300w, https:\/\/ujinn.pl\/wp-content\/uploads\/2023\/11\/florianska_1200-1024x682.jpg 1024w, https:\/\/ujinn.pl\/wp-content\/uploads\/2023\/11\/florianska_1200-768x511.jpg 768w\" sizes=\"(max-width: 1200px) 100vw, 1200px\" \/><\/div>\n\t\t<\/figure>\n\t<\/div>\n<div class=\"vc_empty_space\"   style=\"height: 32px\"><span class=\"vc_empty_space_inner\"><\/span><\/div><\/div><\/div><\/div><div class=\"wpb_column vc_column_container vc_col-sm-4\"><div class=\"vc_column-inner\"><div class=\"wpb_wrapper\">\n\t<div  class=\"wpb_single_image wpb_content_element vc_align_left\">\n\t\t\n\t\t<figure class=\"wpb_wrapper vc_figure\">\n\t\t\t<div class=\"vc_single_image-wrapper   vc_box_border_grey\"><img decoding=\"async\" width=\"960\" height=\"640\" src=\"https:\/\/ujinn.pl\/wp-content\/uploads\/2023\/11\/Florianska49_UJ_960-1.jpg\" class=\"vc_single_image-img attachment-full\" alt=\"Dom Go\u015bcinny Floria\u0144ska - patio\" title=\"\" srcset=\"https:\/\/ujinn.pl\/wp-content\/uploads\/2023\/11\/Florianska49_UJ_960-1.jpg 960w, https:\/\/ujinn.pl\/wp-content\/uploads\/2023\/11\/Florianska49_UJ_960-1-300x200.jpg 300w, https:\/\/ujinn.pl\/wp-content\/uploads\/2023\/11\/Florianska49_UJ_960-1-768x512.jpg 768w\" sizes=\"(max-width: 960px) 100vw, 960px\" \/><\/div>\n\t\t<\/figure>\n\t<\/div>\n<div class=\"vc_empty_space\"   style=\"height: 15px\"><span class=\"vc_empty_space_inner\"><\/span><\/div>\n\t<div  class=\"wpb_single_image wpb_content_element vc_align_left\">\n\t\t\n\t\t<figure class=\"wpb_wrapper vc_figure\">\n\t\t\t<div class=\"vc_single_image-wrapper   vc_box_border_grey\"><img loading=\"lazy\" decoding=\"async\" width=\"960\" height=\"640\" src=\"https:\/\/ujinn.pl\/wp-content\/uploads\/2023\/11\/Florianska49_UJ_960-2.jpg\" class=\"vc_single_image-img attachment-full\" alt=\"Dom Go\u015bcinny Floria\u0144ska - klatka schodowa\" title=\"\" srcset=\"https:\/\/ujinn.pl\/wp-content\/uploads\/2023\/11\/Florianska49_UJ_960-2.jpg 960w, https:\/\/ujinn.pl\/wp-content\/uploads\/2023\/11\/Florianska49_UJ_960-2-300x200.jpg 300w, https:\/\/ujinn.pl\/wp-content\/uploads\/2023\/11\/Florianska49_UJ_960-2-768x512.jpg 768w\" sizes=\"(max-width: 960px) 100vw, 960px\" \/><\/div>\n\t\t<\/figure>\n\t<\/div>\n<div class=\"vc_empty_space\"   style=\"height: 32px\"><span class=\"vc_empty_space_inner\"><\/span><\/div><\/div><\/div><\/div><\/div><div class=\"vc_row-full-width vc_clearfix\"><\/div><div data-vc-full-width=\"true\" data-vc-full-width-init=\"false\" data-vc-parallax=\"1\" class=\"vc_row wpb_row vc_row-fluid vc_row-has-fill vc_row-o-content-middle vc_row-flex vc_general vc_parallax vc_parallax-content-moving\"><div class=\"wpb_column vc_column_container vc_col-sm-12\"><div class=\"vc_column-inner\"><div class=\"wpb_wrapper\"><div class=\"vc_empty_space\"   style=\"height: 50px\"><span class=\"vc_empty_space_inner\"><\/span><\/div><\/div><\/div><\/div><\/div><div class=\"vc_row-full-width vc_clearfix\"><\/div><div data-vc-full-width=\"true\" data-vc-full-width-init=\"false\" data-vc-parallax=\"1\" class=\"vc_row wpb_row vc_row-fluid vc_row-has-fill vc_row-o-content-middle vc_row-flex vc_general vc_parallax vc_parallax-content-moving\"><div class=\"wpb_column vc_column_container vc_col-sm-12\"><div class=\"vc_column-inner\"><div class=\"wpb_wrapper\">\n\t<div class=\"wpb_text_column wpb_content_element\" >\n\t\t<div class=\"wpb_wrapper\">\n\t\t\t<p>Since 1993, Floria\u0144ska 49 has been the location of the cosy and peaceful JU Guesthouse, which has accommodated a number of prominent guests from the world of academia, culture, and politics, including Thomas Venclova, Josif Brodski, Miriam Akavia, W\u0142adys\u0142aw Bartoszewski, Simon Wiesenthal, Tadeusz Mazowiecki, Rados\u0142aw Sikorski, Leon Tarasiewicz, Kazimierz Kutz, Marek Kondrat, Daniel Olbrychski, Jerzy Radziwi\u0142owicz, Bogus\u0142aw Linda, Miros\u0142aw Baka, or Katarzyna Figura. They all appreciated the peace and quiet of the place, despite its location in the heart of the crowdy Krak\u00f3w Old Town, as well the warm and welcoming atmosphere. The history of the Floria\u0144ska Guesthouse is still being written and you are welcome to become part of it.<\/p>\n\n\t\t<\/div>\n\t<\/div>\n<div class=\"vc_row wpb_row vc_inner vc_row-fluid vc_custom_1698751184336 vc_row-has-fill\"><div class=\"wpb_column vc_column_container vc_col-sm-12\"><div class=\"vc_column-inner\"><div class=\"wpb_wrapper\"><\/div><\/div><\/div><\/div><\/div><\/div><\/div><\/div><div class=\"vc_row-full-width vc_clearfix\"><\/div><div data-vc-full-width=\"true\" data-vc-full-width-init=\"false\" class=\"vc_row wpb_row vc_row-fluid vc_custom_1692974303639 vc_row-has-fill\"><div class=\"wpb_column vc_column_container vc_col-sm-12\"><div class=\"vc_column-inner\"><div class=\"wpb_wrapper\"><div class=\"vc_empty_space\"   style=\"height: 1px\"><span class=\"vc_empty_space_inner\"><\/span><\/div><\/div><\/div><\/div><\/div><div class=\"vc_row-full-width vc_clearfix\"><\/div><div class=\"vc_row wpb_row vc_row-fluid\"><div class=\"wpb_column vc_column_container vc_col-sm-4\"><div class=\"vc_column-inner\"><div class=\"wpb_wrapper\"><div style=\"background-color:;height: 30px\" class=\"nicdark_section\"><\/div>\n\t<div class=\"wpb_text_column wpb_content_element\" >\n\t\t<div class=\"wpb_wrapper\">\n\t\t\t<p><strong>Floria\u0144ska Guesthouse<\/strong><br \/>\nul. Floria\u0144ska 49, 31-019 Krak\u00f3w<\/p>\n<p><a href=\"mailto:dguj@uj.edu.pl\">dguj@uj.edu.pl<\/a><\/p>\n<p>Reception desk <a href=\"tel:+48124211225\">+48 12 421 12 25<\/a><\/p>\n\n\t\t<\/div>\n\t<\/div>\n<div style=\"background-color:;height: 10px\" class=\"nicdark_section\"><\/div>\n\t<div class=\"wpb_text_column wpb_content_element\" >\n\t\t<div class=\"wpb_wrapper\">\n\t\t\t<p><u><a href=\"https:\/\/ujinn.pl\/en\/deklaracja-dostepnosci\/\">Deklaracja dost\u0119pno\u015bci<\/a><\/u><\/p>\n\n\t\t<\/div>\n\t<\/div>\n<\/div><\/div><\/div><div class=\"wpb_column vc_column_container vc_col-sm-4\"><div class=\"vc_column-inner\"><div class=\"wpb_wrapper\"><\/div><\/div><\/div><div class=\"wpb_column vc_column_container vc_col-sm-4\"><div class=\"vc_column-inner\"><div class=\"wpb_wrapper\"><\/div><\/div><\/div><\/div><div class=\"vc_row wpb_row vc_row-fluid\"><div class=\"wpb_column vc_column_container vc_col-sm-12\"><div class=\"vc_column-inner\"><div class=\"wpb_wrapper\"><div style=\"background-color:;height: 30px\" class=\"nicdark_section\"><\/div><\/div><\/div><\/div><\/div>\n<\/section>","protected":false},"excerpt":{"rendered":"DOM GO\u015aCINNY FLORIA\u0143SKA O NAS OFERTA GALERIA KONTAKT Uniwersytet Jagiello\u0144ski ma przyjemno\u015b\u0107 zaprezentowa\u0107 Dom Go\u015bcinny Floria\u0144ska, b\u0119d\u0105cy kameralnym obiektem w samym sercu starego Krakowa, tu\u017c obok \u015bredniowiecznych mur\u00f3w miejskich, Bramy Floria\u0144skiej i Barbakanu. Dom Go\u015bcinny UJ sk\u0142ada si\u0119 z dw\u00f3ch budynk\u00f3w, historycznej kamienicy si\u0119gaj\u0105cej XV wieku oraz zrekonstruowanej wsp\u00f3\u0142cze\u015bnie oficyny. HISTORIA Pierwsze wzmianki o budynku [...]","protected":false},"author":1,"featured_media":0,"parent":2682,"menu_order":0,"comment_status":"closed","ping_status":"closed","template":"","meta":{"footnotes":""},"class_list":["post-2687","page","type-page","status-publish","hentry"],"_links":{"self":[{"href":"https:\/\/ujinn.pl\/en\/wp-json\/wp\/v2\/pages\/2687","targetHints":{"allow":["GET"]}}],"collection":[{"href":"https:\/\/ujinn.pl\/en\/wp-json\/wp\/v2\/pages"}],"about":[{"href":"https:\/\/ujinn.pl\/en\/wp-json\/wp\/v2\/types\/page"}],"author":[{"embeddable":true,"href":"https:\/\/ujinn.pl\/en\/wp-json\/wp\/v2\/users\/1"}],"replies":[{"embeddable":true,"href":"https:\/\/ujinn.pl\/en\/wp-json\/wp\/v2\/comments?post=2687"}],"version-history":[{"count":18,"href":"https:\/\/ujinn.pl\/en\/wp-json\/wp\/v2\/pages\/2687\/revisions"}],"predecessor-version":[{"id":4069,"href":"https:\/\/ujinn.pl\/en\/wp-json\/wp\/v2\/pages\/2687\/revisions\/4069"}],"up":[{"embeddable":true,"href":"https:\/\/ujinn.pl\/en\/wp-json\/wp\/v2\/pages\/2682"}],"wp:attachment":[{"href":"https:\/\/ujinn.pl\/en\/wp-json\/wp\/v2\/media?parent=2687"}],"curies":[{"name":"wp","href":"https:\/\/api.w.org\/{rel}","templated":true}]}}