{"id":2694,"date":"2023-10-12T22:53:48","date_gmt":"2023-10-12T20:53:48","guid":{"rendered":"https:\/\/ujinn.pl\/?page_id=2694"},"modified":"2025-12-30T08:49:54","modified_gmt":"2025-12-30T07:49:54","slug":"oferta","status":"publish","type":"page","link":"https:\/\/ujinn.pl\/en\/winnica\/oferta\/","title":{"rendered":"What we offer"},"content":{"rendered":"<section class=\"wpb-content-wrapper\"><div class=\"vc_row wpb_row vc_row-fluid\"><div class=\"wpb_column vc_column_container vc_col-sm-12\"><div class=\"vc_column-inner\"><div class=\"wpb_wrapper\"><div class=\"nd_options_menu_component nd_options_section nd_options_menu_component_693\"><div class=\"menu-menu-winnica-container\"><ul id=\"menu-menu-winnica\" class=\"menu\"><li id=\"menu-item-3573\" class=\"menu-item menu-item-type-post_type menu-item-object-page menu-item-3573\"><a href=\"https:\/\/ujinn.pl\/en\/winnica\/\">JU VINEYARD<br \/> \u2018ON MANOR BROOK\u2019<\/a><\/li>\n<li id=\"menu-item-3574\" class=\"menu-item menu-item-type-post_type menu-item-object-page menu-item-3574\"><a href=\"https:\/\/ujinn.pl\/en\/winnica\/o-nas\/\">ABOUT US<\/a><\/li>\n<li id=\"menu-item-3575\" class=\"menu-item menu-item-type-post_type menu-item-object-page menu-item-3575\"><a href=\"https:\/\/ujinn.pl\/en\/winnica\/oferta\/\">WHAT WE OFFER<\/a><\/li>\n<li id=\"menu-item-3576\" class=\"menu-item menu-item-type-post_type menu-item-object-page menu-item-3576\"><a href=\"https:\/\/ujinn.pl\/en\/winnica\/galeria\/\">GALLERY<\/a><\/li>\n<li id=\"menu-item-3577\" class=\"menu-item menu-item-type-post_type menu-item-object-page menu-item-3577\"><a href=\"https:\/\/ujinn.pl\/en\/winnica\/kontakt\/\">CONTACT<\/a><\/li>\n<\/ul><\/div><\/div><\/div><\/div><\/div><\/div><div class=\"vc_row wpb_row vc_row-fluid\"><div class=\"wpb_column vc_column_container vc_col-sm-12\"><div class=\"vc_column-inner\"><div class=\"wpb_wrapper\"><div style=\"background-color:;height: 30px\" class=\"nicdark_section\"><\/div><\/div><\/div><\/div><\/div><div class=\"vc_row wpb_row vc_row-fluid\"><div class=\"wpb_column vc_column_container vc_col-sm-12\"><div class=\"vc_column-inner\"><div class=\"wpb_wrapper\"><div style=\"background-color:;height: 20px\" class=\"nicdark_section\"><\/div>\n\t<div class=\"wpb_text_column wpb_content_element\" >\n\t\t<div class=\"wpb_wrapper\">\n\t\t\t<p>Thew vineyard sells dry, semi-dry and semi-sweet white wines, dry red wines as well as ice wine.<\/p>\n\n\t\t<\/div>\n\t<\/div>\n<div style=\"background-color:;height: 20px\" class=\"nicdark_section\"><\/div><\/div><\/div><\/div><\/div><div class=\"vc_row wpb_row vc_row-fluid\"><div class=\"wpb_column vc_column_container vc_col-sm-12\"><div class=\"vc_column-inner\"><div class=\"wpb_wrapper\"><div class=\"vc_row wpb_row vc_inner vc_row-fluid\"><div class=\"wpb_column vc_column_container vc_col-sm-12\"><div class=\"vc_column-inner\"><div class=\"wpb_wrapper\"><div style=\"background-color:;height: 20px\" class=\"nicdark_section\"><\/div><\/div><\/div><\/div><\/div> <h2 style=\"color:;padding:px;text-align:center;font-size:30px;line-height:40px;letter-spacing: 1px;font-weight:normal\" class=\"nd_options_first_font\">White wines<\/h2> <div style=\"background-color:;height: 50px\" class=\"nicdark_section\"><\/div><div class=\"vc_row wpb_row vc_inner vc_row-fluid\"><div class=\"wpb_column vc_column_container vc_col-sm-6\"><div class=\"vc_column-inner\"><div class=\"wpb_wrapper\">\n\t<div  class=\"wpb_single_image wpb_content_element vc_align_left\">\n\t\t\n\t\t<figure class=\"wpb_wrapper vc_figure\">\n\t\t\t<div class=\"vc_single_image-wrapper   vc_box_border_grey\"><img fetchpriority=\"high\" decoding=\"async\" width=\"960\" height=\"640\" src=\"https:\/\/ujinn.pl\/wp-content\/uploads\/2023\/10\/winno-biale_960.jpg\" class=\"vc_single_image-img attachment-full\" alt=\"Wino bia\u0142e w Winnicy UJ\" title=\"Winnica Nad Dworskim Potokiem UJ\" srcset=\"https:\/\/ujinn.pl\/wp-content\/uploads\/2023\/10\/winno-biale_960.jpg 960w, https:\/\/ujinn.pl\/wp-content\/uploads\/2023\/10\/winno-biale_960-300x200.jpg 300w, https:\/\/ujinn.pl\/wp-content\/uploads\/2023\/10\/winno-biale_960-768x512.jpg 768w\" sizes=\"(max-width: 960px) 100vw, 960px\" \/><\/div>\n\t\t<\/figure>\n\t<\/div>\n<div style=\"background-color:;height: 50px\" class=\"nicdark_section\"><\/div><\/div><\/div><\/div><div class=\"wpb_column vc_column_container vc_col-sm-6\"><div class=\"vc_column-inner\"><div class=\"wpb_wrapper\">\n\t<div class=\"wpb_text_column wpb_content_element\" >\n\t\t<div class=\"wpb_wrapper\">\n\t\t\t<p class=\"translation-block\"><strong><span style=\"color: #e9c281\">BIANCA<\/span> <\/strong> is a white dry wine, with primary flavours of roots and fruit as well as a hint of citrus and honey.<\/p>\n<p>&nbsp;<\/p>\n<p class=\"translation-block\"><strong><span style=\"color: #e9c281\">SEYVAL BLANC<\/span> <\/strong> is a white semi-dry wine, with characteristic aromas and flavours of apricot, pear and green apple. Ideal with cheese and white meat.<\/p>\n<p>&nbsp;<\/p>\n<p class=\"translation-block\"><span style=\"color: #e9c281\"><strong>JUTMUS <\/strong><\/span> is a white, semi-dry wine with an aroma of fresh mint and blackcurrant leaves. Pairs with white meat, blue cheese and fish.<\/p>\n<p>&nbsp;<\/p>\n<p class=\"translation-block\"><span style=\"color: #e9c281\"><strong>HIBERNAL <\/strong><\/span> is a white semi-sweet wine, with primary aromas and flavours of green apple, lemon, lime and flowers. Serve with white meat, fish and desserts.<\/p>\n<p>&nbsp;<\/p>\n<p class=\"translation-block\"><span style=\"color: #e9c281\"><strong>SOLARIS<\/strong><\/span> is a white semi-sweet wine with aromas of  citrus, apple and pear.<\/p>\n\n\t\t<\/div>\n\t<\/div>\n<\/div><\/div><\/div><\/div><\/div><\/div><\/div><\/div><div class=\"vc_row wpb_row vc_row-fluid\"><div class=\"wpb_column vc_column_container vc_col-sm-12\"><div class=\"vc_column-inner\"><div class=\"wpb_wrapper\"><div style=\"background-color:;height: 50px\" class=\"nicdark_section\"><\/div><\/div><\/div><\/div><\/div><div data-vc-full-width=\"true\" data-vc-full-width-init=\"false\" class=\"vc_row wpb_row vc_row-fluid\"><div class=\"wpb_column vc_column_container vc_col-sm-12\"><div class=\"vc_column-inner\"><div class=\"wpb_wrapper\"><div class=\"vc_row wpb_row vc_inner vc_row-fluid\"><div class=\"wpb_column vc_column_container vc_col-sm-12\"><div class=\"vc_column-inner\"><div class=\"wpb_wrapper\"><\/div><\/div><\/div><\/div> <h1 style=\"color:;padding:px;text-align:center;font-size:30px;line-height:40px;letter-spacing: 1px;font-weight:normal\" class=\"nd_options_first_font\">Red wines<\/h1> <div style=\"background-color:;height: 50px\" class=\"nicdark_section\"><\/div><\/div><\/div><\/div><\/div><div class=\"vc_row-full-width vc_clearfix\"><\/div><div data-vc-full-width=\"true\" data-vc-full-width-init=\"false\" class=\"vc_row wpb_row vc_row-fluid\"><div class=\"wpb_column vc_column_container vc_col-sm-12\"><div class=\"vc_column-inner\"><div class=\"wpb_wrapper\"><div class=\"vc_row wpb_row vc_inner vc_row-fluid\"><div class=\"wpb_column vc_column_container vc_col-sm-6\"><div class=\"vc_column-inner\"><div class=\"wpb_wrapper\">\n\t<div class=\"wpb_text_column wpb_content_element\" >\n\t\t<div class=\"wpb_wrapper\">\n\t\t\t<p class=\"translation-block\"><strong><span style=\"color: #e9c281\">REGENT<\/span> <\/strong> is a red dry wine with aromas of raspberry, redcurrant, and dried plum.<\/p>\n<p>&nbsp;<\/p>\n<p class=\"translation-block\"><strong><span style=\"color: #e9c281\">RONDO<\/span> <\/strong> is a red dry wine with aromas of forest fruit (blackberry, billberry) and cherry.<\/p>\n\n\t\t<\/div>\n\t<\/div>\n<div style=\"background-color:;height: 20px\" class=\"nicdark_section\"><\/div><\/div><\/div><\/div><div class=\"wpb_column vc_column_container vc_col-sm-6\"><div class=\"vc_column-inner\"><div class=\"wpb_wrapper\">\n\t<div  class=\"wpb_single_image wpb_content_element vc_align_left\">\n\t\t\n\t\t<figure class=\"wpb_wrapper vc_figure\">\n\t\t\t<div class=\"vc_single_image-wrapper   vc_box_border_grey\"><img decoding=\"async\" width=\"960\" height=\"640\" src=\"https:\/\/ujinn.pl\/wp-content\/uploads\/2023\/10\/wino-czerwone_960-2.jpg\" class=\"vc_single_image-img attachment-full\" alt=\"Wino czerwone w Winnicy UJ\" title=\"Winnica Nad Dworskim Potokiem UJ\" srcset=\"https:\/\/ujinn.pl\/wp-content\/uploads\/2023\/10\/wino-czerwone_960-2.jpg 960w, https:\/\/ujinn.pl\/wp-content\/uploads\/2023\/10\/wino-czerwone_960-2-300x200.jpg 300w, https:\/\/ujinn.pl\/wp-content\/uploads\/2023\/10\/wino-czerwone_960-2-768x512.jpg 768w\" sizes=\"(max-width: 960px) 100vw, 960px\" \/><\/div>\n\t\t<\/figure>\n\t<\/div>\n<div style=\"background-color:;height: 50px\" class=\"nicdark_section\"><\/div><\/div><\/div><\/div><\/div><\/div><\/div><\/div><\/div><div class=\"vc_row-full-width vc_clearfix\"><\/div><div class=\"vc_row wpb_row vc_row-fluid\"><div class=\"wpb_column vc_column_container vc_col-sm-12\"><div class=\"vc_column-inner\"><div class=\"wpb_wrapper\"><\/div><\/div><\/div><\/div><div class=\"vc_row wpb_row vc_row-fluid\"><div class=\"wpb_column vc_column_container vc_col-sm-12\"><div class=\"vc_column-inner\"><div class=\"wpb_wrapper\"><div class=\"vc_row wpb_row vc_inner vc_row-fluid\"><div class=\"wpb_column vc_column_container vc_col-sm-12\"><div class=\"vc_column-inner\"><div class=\"wpb_wrapper\"><div style=\"background-color:;height: 20px\" class=\"nicdark_section\"><\/div><\/div><\/div><\/div><\/div> <h1 style=\"color:;padding:px;text-align:center;font-size:30px;line-height:40px;letter-spacing: 1px;font-weight:normal\" class=\"nd_options_first_font\">Ice wine<\/h1> <div style=\"background-color:;height: 50px\" class=\"nicdark_section\"><\/div><div class=\"vc_row wpb_row vc_inner vc_row-fluid\"><div class=\"wpb_column vc_column_container vc_col-sm-6\"><div class=\"vc_column-inner\"><div class=\"wpb_wrapper\">\n\t<div  class=\"wpb_single_image wpb_content_element vc_align_left\">\n\t\t\n\t\t<figure class=\"wpb_wrapper vc_figure\">\n\t\t\t<div class=\"vc_single_image-wrapper   vc_box_border_grey\"><img decoding=\"async\" width=\"960\" height=\"640\" src=\"https:\/\/ujinn.pl\/wp-content\/uploads\/2023\/10\/wino-lodowe.jpg\" class=\"vc_single_image-img attachment-full\" alt=\"Wino lodowe w Winnicy UJ\" title=\"wino-lodowe\" srcset=\"https:\/\/ujinn.pl\/wp-content\/uploads\/2023\/10\/wino-lodowe.jpg 960w, https:\/\/ujinn.pl\/wp-content\/uploads\/2023\/10\/wino-lodowe-300x200.jpg 300w, https:\/\/ujinn.pl\/wp-content\/uploads\/2023\/10\/wino-lodowe-768x512.jpg 768w\" sizes=\"(max-width: 960px) 100vw, 960px\" \/><\/div>\n\t\t<\/figure>\n\t<\/div>\n<div style=\"background-color:;height: 50px\" class=\"nicdark_section\"><\/div><\/div><\/div><\/div><div class=\"wpb_column vc_column_container vc_col-sm-6\"><div class=\"vc_column-inner\"><div class=\"wpb_wrapper\">\n\t<div class=\"wpb_text_column wpb_content_element\" >\n\t\t<div class=\"wpb_wrapper\">\n\t\t\t<p class=\"translation-block\"><strong><span style=\"color: #e9c281\">VIDAL BLANC (wino lodowe)<\/span> <\/strong> is an exceptionally sweet, fragrant and extractive wine with a noticeable hint of honey and candied fruit. Its unique flavour and character is owed to the unusual circumstances in which it was created: the grapes were harvested frozen during the first frosts of autumn and winter, when temperatures fell below -7\u00b0C. Time was of the essence \u2013 to prevent the grapes from thawing, they had to be pressed early in the morning, before the sunrise.\n\nThanks to high concentration of sugar and the richness and intensity of its aroma, ice wine pairs perfectly with foie gras, blue cheese, fruit salad, walnuts, desserts, and sorbets.<\/p>\n\n\t\t<\/div>\n\t<\/div>\n<\/div><\/div><\/div><\/div><\/div><\/div><\/div><\/div><div data-vc-full-width=\"true\" data-vc-full-width-init=\"false\" class=\"vc_row wpb_row vc_row-fluid vc_custom_1703153901356 vc_row-has-fill\"><div class=\"wpb_column vc_column_container vc_col-sm-12\"><div class=\"vc_column-inner\"><div class=\"wpb_wrapper\"><div style=\"background-color:;height: 50px\" class=\"nicdark_section\"><\/div>\n\t<div class=\"wpb_text_column wpb_content_element\" >\n\t\t<div class=\"wpb_wrapper\">\n\t\t\t<p><span style=\"color: #6e6e6e;\">The wines are available for purchase:<\/span><\/p>\n<ul>\n<li><span style=\"color: #6e6e6e; font-size: 12pt;\">w sklepie przy winnicy <strong>w \u0141azach<\/strong>;<\/span><\/li>\n<li><span style=\"color: #6e6e6e; font-size: 12pt;\"><strong>\u2013 directly from the shop at the vineyard in \u0141azy;<\/strong>: Galeria Boche\u0144ska, Delikatesy Boche\u0144skie, Plac \u015bw. Kingi 1;<\/span><\/li>\n<li><span style=\"color: #6e6e6e; font-size: 12pt;\"><strong>w Krakowie<\/strong>: Wine Bar i Sklep Stoccaggio (ul. Krupnicza 9).<\/span><\/li>\n<\/ul>\n\n\t\t<\/div>\n\t<\/div>\n<div style=\"background-color:;height: 50px\" class=\"nicdark_section\"><\/div><\/div><\/div><\/div><\/div><div class=\"vc_row-full-width vc_clearfix\"><\/div><div data-vc-full-width=\"true\" data-vc-full-width-init=\"false\" class=\"vc_row wpb_row vc_row-fluid vc_custom_1692974303639 vc_row-has-fill\"><div class=\"wpb_column vc_column_container vc_col-sm-12\"><div class=\"vc_column-inner\"><div class=\"wpb_wrapper\"><div class=\"vc_empty_space\"   style=\"height: 1px\"><span class=\"vc_empty_space_inner\"><\/span><\/div><\/div><\/div><\/div><\/div><div class=\"vc_row-full-width vc_clearfix\"><\/div><div class=\"vc_row wpb_row vc_row-fluid\"><div class=\"wpb_column vc_column_container vc_col-sm-4\"><div class=\"vc_column-inner\"><div class=\"wpb_wrapper\"><div style=\"background-color:;height: 30px\" class=\"nicdark_section\"><\/div>\n\t<div class=\"wpb_text_column wpb_content_element\" >\n\t\t<div class=\"wpb_wrapper\">\n\t\t\t<p><strong>JU Vineyard \u2018On Manor Brook\u2019<\/strong><br \/>\n\u0141azy 2, 32-765 Rzezawa<\/p>\n<p><a href=\"mailto:winnica@uj.edu.pl\">winnica@uj.edu.pl<\/a><\/p>\n<p><a href=\"tel:+48146127812\">+48 14 61 278 12<\/a><\/p>\n\n\t\t<\/div>\n\t<\/div>\n<div class=\"vc_row wpb_row vc_inner vc_row-fluid\"><div class=\"wpb_column vc_column_container vc_col-sm-2\"><div class=\"vc_column-inner\"><div class=\"wpb_wrapper\"><div class=\"vc_icon_element vc_icon_element-outer vc_icon_element-align-left vc_icon_element-have-style\"><div class=\"vc_icon_element-inner vc_icon_element-color-black vc_icon_element-have-style-inner vc_icon_element-size-md vc_icon_element-style-rounded vc_icon_element-background vc_icon_element-background-color-white\" ><span class=\"vc_icon_element-icon fab fa-facebook\" ><\/span><a class=\"vc_icon_element-link\" href=\"https:\/\/www.facebook.com\/winnicauj\"  title=\"facebook Winnica nad Dworskim Potokiem\" target=\"_self\"><\/a><\/div><\/div><\/div><\/div><\/div><div class=\"wpb_column vc_column_container vc_col-sm-2\"><div class=\"vc_column-inner\"><div class=\"wpb_wrapper\"><\/div><\/div><\/div><div class=\"wpb_column vc_column_container vc_col-sm-2\"><div class=\"vc_column-inner\"><div class=\"wpb_wrapper\"><\/div><\/div><\/div><div class=\"wpb_column vc_column_container vc_col-sm-2\"><div class=\"vc_column-inner\"><div class=\"wpb_wrapper\"><\/div><\/div><\/div><div class=\"wpb_column vc_column_container vc_col-sm-2\"><div class=\"vc_column-inner\"><div class=\"wpb_wrapper\"><\/div><\/div><\/div><div class=\"wpb_column vc_column_container vc_col-sm-2\"><div class=\"vc_column-inner\"><div class=\"wpb_wrapper\"><\/div><\/div><\/div><\/div>\n\t<div class=\"wpb_text_column wpb_content_element\" >\n\t\t<div class=\"wpb_wrapper\">\n\t\t\t<p><u><a href=\"https:\/\/ujinn.pl\/en\/deklaracja-dostepnosci\/\">Deklaracja dost\u0119pno\u015bci<\/a><\/u><\/p>\n\n\t\t<\/div>\n\t<\/div>\n<\/div><\/div><\/div><div class=\"wpb_column vc_column_container vc_col-sm-4\"><div class=\"vc_column-inner\"><div class=\"wpb_wrapper\"><\/div><\/div><\/div><div class=\"wpb_column vc_column_container vc_col-sm-4\"><div class=\"vc_column-inner\"><div class=\"wpb_wrapper\"><\/div><\/div><\/div><\/div><div class=\"vc_row wpb_row vc_row-fluid\"><div class=\"wpb_column vc_column_container vc_col-sm-12\"><div class=\"vc_column-inner\"><div class=\"wpb_wrapper\"><div style=\"background-color:;height: 30px\" class=\"nicdark_section\"><\/div><\/div><\/div><\/div><\/div>\n<\/section>","protected":false},"excerpt":{"rendered":"WINNICA NAD DWORSKIM POTOKIEM O NAS OFERTA GALERIA KONTAKT W ofercie winnicy \u201eNad Dworskim Potokiem\u201d znajduj\u0105 si\u0119 wina bia\u0142e \u2013 wytrawne, p\u00f3\u0142wytrawne i p\u00f3\u0142s\u0142odkie, wina czerwone wytrawne oraz wino lodowe. Wina bia\u0142e BIANCA to bia\u0142e, wytrawne wino o korzenno-owocowym aromacie z nutami cytrus\u00f3w i miodu. &nbsp; SEYVAL BLANC to bia\u0142e, p\u00f3\u0142wytrawne wino o aromacie owoc\u00f3w [...]","protected":false},"author":1,"featured_media":0,"parent":2676,"menu_order":2,"comment_status":"closed","ping_status":"closed","template":"","meta":{"footnotes":""},"class_list":["post-2694","page","type-page","status-publish","hentry"],"_links":{"self":[{"href":"https:\/\/ujinn.pl\/en\/wp-json\/wp\/v2\/pages\/2694","targetHints":{"allow":["GET"]}}],"collection":[{"href":"https:\/\/ujinn.pl\/en\/wp-json\/wp\/v2\/pages"}],"about":[{"href":"https:\/\/ujinn.pl\/en\/wp-json\/wp\/v2\/types\/page"}],"author":[{"embeddable":true,"href":"https:\/\/ujinn.pl\/en\/wp-json\/wp\/v2\/users\/1"}],"replies":[{"embeddable":true,"href":"https:\/\/ujinn.pl\/en\/wp-json\/wp\/v2\/comments?post=2694"}],"version-history":[{"count":111,"href":"https:\/\/ujinn.pl\/en\/wp-json\/wp\/v2\/pages\/2694\/revisions"}],"predecessor-version":[{"id":4289,"href":"https:\/\/ujinn.pl\/en\/wp-json\/wp\/v2\/pages\/2694\/revisions\/4289"}],"up":[{"embeddable":true,"href":"https:\/\/ujinn.pl\/en\/wp-json\/wp\/v2\/pages\/2676"}],"wp:attachment":[{"href":"https:\/\/ujinn.pl\/en\/wp-json\/wp\/v2\/media?parent=2694"}],"curies":[{"name":"wp","href":"https:\/\/api.w.org\/{rel}","templated":true}]}}