{"id":2699,"date":"2023-10-12T22:56:09","date_gmt":"2023-10-12T20:56:09","guid":{"rendered":"https:\/\/ujinn.pl\/?page_id=2699"},"modified":"2025-04-07T11:45:39","modified_gmt":"2025-04-07T09:45:39","slug":"oferta","status":"publish","type":"page","link":"https:\/\/ujinn.pl\/en\/pigoniowka\/oferta\/","title":{"rendered":"What we offer"},"content":{"rendered":"<section class=\"wpb-content-wrapper\"><div class=\"vc_row wpb_row vc_row-fluid\"><div class=\"wpb_column vc_column_container vc_col-sm-12\"><div class=\"vc_column-inner\"><div class=\"wpb_wrapper\"><div class=\"nd_options_menu_component nd_options_section nd_options_menu_component_218\"><div class=\"menu-menu-pigoniowka-container\"><ul id=\"menu-menu-pigoniowka\" class=\"menu\"><li id=\"menu-item-3583\" class=\"menu-item menu-item-type-post_type menu-item-object-page menu-item-3583\"><a href=\"https:\/\/ujinn.pl\/en\/pigoniowka\/\">S. PIGO\u0143 GUESTHOUSE<\/a><\/li>\n<li id=\"menu-item-3587\" class=\"menu-item menu-item-type-post_type menu-item-object-page menu-item-3587\"><a href=\"https:\/\/ujinn.pl\/en\/pigoniowka\/o-nas\/\">ABOUT US<\/a><\/li>\n<li id=\"menu-item-3586\" class=\"menu-item menu-item-type-post_type menu-item-object-page menu-item-3586\"><a href=\"https:\/\/ujinn.pl\/en\/pigoniowka\/oferta\/\">WHAT WE OFFER<\/a><\/li>\n<li id=\"menu-item-3585\" class=\"menu-item menu-item-type-post_type menu-item-object-page menu-item-3585\"><a href=\"https:\/\/ujinn.pl\/en\/pigoniowka\/galeria\/\">GALLERY<\/a><\/li>\n<li id=\"menu-item-3584\" class=\"menu-item menu-item-type-post_type menu-item-object-page menu-item-3584\"><a href=\"https:\/\/ujinn.pl\/en\/pigoniowka\/kontakt\/\">CONTACT<\/a><\/li>\n<\/ul><\/div><\/div><\/div><\/div><\/div><\/div><div class=\"vc_row wpb_row vc_row-fluid\"><div class=\"wpb_column vc_column_container vc_col-sm-12\"><div class=\"vc_column-inner\"><div class=\"wpb_wrapper\"><div style=\"background-color:;height: 30px\" class=\"nicdark_section\"><\/div><\/div><\/div><\/div><\/div><div class=\"vc_row wpb_row vc_row-fluid\"><div class=\"wpb_column vc_column_container vc_col-sm-12\"><div class=\"vc_column-inner\"><div class=\"wpb_wrapper\"><div style=\"background-color:;height: 30px\" class=\"nicdark_section\"><\/div><\/div><\/div><\/div><\/div><div class=\"vc_row wpb_row vc_row-fluid\"><div class=\"wpb_column vc_column_container vc_col-sm-6\"><div class=\"vc_column-inner\"><div class=\"wpb_wrapper\">\n\t<div  class=\"wpb_single_image wpb_content_element vc_align_left\">\n\t\t\n\t\t<figure class=\"wpb_wrapper vc_figure\">\n\t\t\t<div class=\"vc_single_image-wrapper   vc_box_border_grey\"><img fetchpriority=\"high\" decoding=\"async\" width=\"960\" height=\"720\" src=\"https:\/\/ujinn.pl\/wp-content\/uploads\/2023\/10\/Pigoniowka-Garbarska-UJ-7-1.jpg\" class=\"vc_single_image-img attachment-large\" alt=\"Dom Profesorski UJ im. S. Pigonia pok\u00f3j\" title=\"\" srcset=\"https:\/\/ujinn.pl\/wp-content\/uploads\/2023\/10\/Pigoniowka-Garbarska-UJ-7-1.jpg 960w, https:\/\/ujinn.pl\/wp-content\/uploads\/2023\/10\/Pigoniowka-Garbarska-UJ-7-1-300x225.jpg 300w, https:\/\/ujinn.pl\/wp-content\/uploads\/2023\/10\/Pigoniowka-Garbarska-UJ-7-1-768x576.jpg 768w\" sizes=\"(max-width: 960px) 100vw, 960px\" \/><\/div>\n\t\t<\/figure>\n\t<\/div>\n<div style=\"background-color:;height: 15px\" class=\"nicdark_section\"><\/div><\/div><\/div><\/div><div class=\"wpb_column vc_column_container vc_col-sm-6\"><div class=\"vc_column-inner\"><div class=\"wpb_wrapper\">\n\t<div class=\"wpb_text_column wpb_content_element\" >\n\t\t<div class=\"wpb_wrapper\">\n\t\t\t<p>The Stanis\u0142aw Pigo\u0144 Guesthouse offers accommodation in the very heart of Krak\u00f3w, 500 metres from the Main Marker Square, not far away from such landmarks as the Wawel Castle, St. Mary\u2019s Church or the Cloth Hall and close to many cultural and academic institutions. In spite of this location, the building is situated in peaceful and quiet surroundings, with lots of greenery and most rooms offer views of the beautiful garden of the nearby Carmelite monastery.<\/p>\n\n\t\t<\/div>\n\t<\/div>\n<div style=\"background-color:;height: 15px\" class=\"nicdark_section\"><\/div>\n\t<div class=\"wpb_text_column wpb_content_element\" >\n\t\t<div class=\"wpb_wrapper\">\n\t\t\t<p>At your disposal there are 18 single rooms, 12 double rooms as well as 3 suites: 1 for two people and 2 for four people.<\/p>\n\n\t\t<\/div>\n\t<\/div>\n<div style=\"background-color:;height: 15px\" class=\"nicdark_section\"><\/div><\/div><\/div><\/div><\/div><div class=\"vc_row wpb_row vc_row-fluid\"><div class=\"wpb_column vc_column_container vc_col-sm-12\"><div class=\"vc_column-inner\"><div class=\"wpb_wrapper\"><div style=\"background-color:;height: 50px\" class=\"nicdark_section\"><\/div><\/div><\/div><\/div><\/div><div data-vc-full-width=\"true\" data-vc-full-width-init=\"false\" class=\"vc_row wpb_row vc_row-fluid vc_custom_1698755326255 vc_row-has-fill\"><div class=\"wpb_column vc_column_container vc_col-sm-12\"><div class=\"vc_column-inner\"><div class=\"wpb_wrapper\"><div style=\"background-color:;height: 50px\" class=\"nicdark_section\"><\/div><div class=\"vc_row wpb_row vc_inner vc_row-fluid\"><div class=\"wpb_column vc_column_container vc_col-sm-12\"><div class=\"vc_column-inner\"><div class=\"wpb_wrapper\"><\/div><\/div><\/div><\/div> <h1 style=\"color:#ffffff;padding:px;text-align:center;font-size:30px;line-height:40px;letter-spacing: 1px;font-weight:normal\" class=\"nd_options_first_font\">ACCOMMODATION DETAILS<\/h1> <div style=\"background-color:;height: 20px\" class=\"nicdark_section\"><\/div><div class=\"vc_row wpb_row vc_inner vc_row-fluid\"><div class=\"wpb_column vc_column_container vc_col-sm-12\"><div class=\"vc_column-inner\"><div class=\"wpb_wrapper\"><div style=\"background-color:;height: 20px\" class=\"nicdark_section\"><\/div><\/div><\/div><\/div><\/div><div style=\"background-color:;height: 20px\" class=\"nicdark_section\"><\/div><div class=\"vc_row wpb_row vc_inner vc_row-fluid vc_custom_1693778356933\"><div class=\"wpb_column vc_column_container vc_col-sm-6\"><div class=\"vc_column-inner\"><div class=\"wpb_wrapper\"><\/div><\/div><\/div><div class=\"wpb_column vc_column_container vc_col-sm-6 vc_col-has-fill\"><div class=\"vc_column-inner vc_custom_1693778370050\"><div class=\"wpb_wrapper\">\n\t<div class=\"wpb_text_column wpb_content_element\" >\n\t\t<div class=\"wpb_wrapper\">\n\t\t\t<ul>\n<li>Bright, cosy rooms with full bathroom, first and second floor rooms have floor lining, while third floor rooms have parquet flooring.<\/li>\n<li>Pokoje na pierwszym i drugim pi\u0119trze \u2013 klimatyzowane<\/li>\n<li>Single rooms with a wide bed, double rooms with two separate single beds.<\/li>\n<li>Suites for four people with one large double bed and two single beds.<\/li>\n<li>Suite for two people with a wide doble bed.<\/li>\n<li>Bedding, towels, hair drier, soaps and shampoo sachets, TV set, wi-fi access, mini-fridge, kettle, basic tableware, tea, coffee, sugar on request, possible access to an iron and ironing board.<\/li>\n<li>The accommodation price covers tasty smorgasbord breakfasts served in the breakfast room by a professional catering firm.<\/li>\n<li>Access to a computer room.<\/li>\n<li>Internal car park for guests (extra-charged).<\/li>\n<\/ul>\n\n\t\t<\/div>\n\t<\/div>\n<\/div><\/div><\/div><\/div><\/div><\/div><\/div><\/div><div class=\"vc_row-full-width vc_clearfix\"><\/div><div class=\"vc_row wpb_row vc_row-fluid\"><div class=\"wpb_column vc_column_container vc_col-sm-12\"><div class=\"vc_column-inner\"><div class=\"wpb_wrapper\"><div style=\"background-color:;height: 50px\" class=\"nicdark_section\"><\/div><\/div><\/div><\/div><\/div><div class=\"vc_row wpb_row vc_row-fluid\"><div class=\"wpb_column vc_column_container vc_col-sm-12\"><div class=\"vc_column-inner\"><div class=\"wpb_wrapper\"> <h1 style=\"color:;padding:px;text-align:center;font-size:28px;line-height:40px;letter-spacing: 1px;font-weight:normal\" class=\"nd_options_first_font\">PRICE LIST<\/h1> <div style=\"background-color:;height: 20px\" class=\"nicdark_section\"><\/div>\n\t<div class=\"wpb_text_column wpb_content_element\" >\n\t\t<div class=\"wpb_wrapper\">\n\t\t\t<p style=\"text-align: center; color: #c19b77;\"><strong>Prices for private guests*<\/strong><\/p>\n\n\t\t<\/div>\n\t<\/div>\n<div style=\"background-color:;height: 20px\" class=\"nicdark_section\"><\/div><\/div><\/div><\/div><\/div><div class=\"vc_row wpb_row vc_row-fluid\"><div class=\"wpb_column vc_column_container vc_col-sm-2\"><div class=\"vc_column-inner\"><div class=\"wpb_wrapper\"><\/div><\/div><\/div><div class=\"wpb_column vc_column_container vc_col-sm-4\"><div class=\"vc_column-inner\"><div class=\"wpb_wrapper\"><div style=\"background-color:;height: 20px\" class=\"nicdark_section\"><\/div>\n\n  <!--START FOCUS NUMBER-->\n  <div class=\"nd_options_section nd_options_box_sizing_border_box nd_options_text_align_center\">\n    \n    <div class=\"nd_options_section nd_options_height_15\"><\/div>\n    <div class=\"nd_options_section nd_options_height_1 nd_options_border_bottom_1_solid_grey\">\n      <div style=\"border: 7px solid #c19b77\" class=\"nd_options_bg_white nd_options_width_30 nd_options_height_30 nd_options_margin_top_negative_15 nd_options_margin_auto nd_options_box_sizing_border_box\"><\/div>\n    <\/div>\n    <div class=\"nd_options_section nd_options_height_15\"><\/div>\n\n    <div class=\"nd_options_section nd_options_height_30\"><\/div>\n    <h1 class=\"nd_options_font_size_100\"><\/h1>\n    <div class=\"nd_options_section nd_options_height_20\"><\/div>\n    <h2 class=\"nd_options_padding_0_40\">1 Apr \u2013 31 Oct<\/h2>\n    <div class=\"nd_options_section nd_options_height_20\"><\/div>\n    <p class=\"nd_options_padding_0_40\"><\/p>\n\n  <\/div>\n  <!--END FOCUS NUMBER-->\n\n   <div style=\"background-color:;height: 20px\" class=\"nicdark_section\"><\/div><div style=\"background-color:;height: 20px\" class=\"nicdark_section\"><\/div>\n\t<div class=\"wpb_text_column wpb_content_element\" >\n\t\t<div class=\"wpb_wrapper\">\n\t\t\t<p style=\"text-align: center;\">Single Room 390 PLN<\/p>\n<p style=\"text-align: center;\">Double Room 540 PLN<\/p>\n<p style=\"text-align: center;\">Suite for 1 person 550 PLN<\/p>\n<p style=\"text-align: center;\">Suite for 2 person 660 PLN<\/p>\n<p style=\"text-align: center;\">Suite for 3 person 720 PLN<\/p>\n<p style=\"text-align: center;\">Suite for 4 person 840 PLN<\/p>\n\n\t\t<\/div>\n\t<\/div>\n<div style=\"background-color:;height: 20px\" class=\"nicdark_section\"><\/div><\/div><\/div><\/div><div class=\"wpb_column vc_column_container vc_col-sm-4\"><div class=\"vc_column-inner\"><div class=\"wpb_wrapper\"><div style=\"background-color:;height: 20px\" class=\"nicdark_section\"><\/div>\n\n  <!--START FOCUS NUMBER-->\n  <div class=\"nd_options_section nd_options_box_sizing_border_box nd_options_text_align_center\">\n    \n    <div class=\"nd_options_section nd_options_height_15\"><\/div>\n    <div class=\"nd_options_section nd_options_height_1 nd_options_border_bottom_1_solid_grey\">\n      <div style=\"border: 7px solid #c19b77\" class=\"nd_options_bg_white nd_options_width_30 nd_options_height_30 nd_options_margin_top_negative_15 nd_options_margin_auto nd_options_box_sizing_border_box\"><\/div>\n    <\/div>\n    <div class=\"nd_options_section nd_options_height_15\"><\/div>\n\n    <div class=\"nd_options_section nd_options_height_30\"><\/div>\n    <h1 class=\"nd_options_font_size_100\"><\/h1>\n    <div class=\"nd_options_section nd_options_height_20\"><\/div>\n    <h2 class=\"nd_options_padding_0_40\">1 Nov - 31 Mar<\/h2>\n    <div class=\"nd_options_section nd_options_height_20\"><\/div>\n    <p class=\"nd_options_padding_0_40\"><\/p>\n\n  <\/div>\n  <!--END FOCUS NUMBER-->\n\n   <div style=\"background-color:;height: 20px\" class=\"nicdark_section\"><\/div><div style=\"background-color:;height: 20px\" class=\"nicdark_section\"><\/div>\n\t<div class=\"wpb_text_column wpb_content_element\" >\n\t\t<div class=\"wpb_wrapper\">\n\t\t\t<p style=\"text-align: center;\">Single Room 280 PLN<\/p>\n<p style=\"text-align: center;\">Double Room 390 PLN<\/p>\n<p style=\"text-align: center;\">Suite for 1 person 400 PLN<\/p>\n<p style=\"text-align: center;\">Suite for 2 person 440 PLN<\/p>\n<p style=\"text-align: center;\">Suite for 3 person 560 PLN<\/p>\n<p style=\"text-align: center;\">Suite for 4 person 680 PLN<\/p>\n\n\t\t<\/div>\n\t<\/div>\n<div style=\"background-color:;height: 20px\" class=\"nicdark_section\"><\/div><\/div><\/div><\/div><div class=\"wpb_column vc_column_container vc_col-sm-2\"><div class=\"vc_column-inner\"><div class=\"wpb_wrapper\"><\/div><\/div><\/div><\/div><div class=\"vc_row wpb_row vc_row-fluid\"><div class=\"wpb_column vc_column_container vc_col-sm-12\"><div class=\"vc_column-inner\"><div class=\"wpb_wrapper\"><div style=\"background-color:;height: 20px\" class=\"nicdark_section\"><\/div>\n\t<div class=\"wpb_text_column wpb_content_element\" >\n\t\t<div class=\"wpb_wrapper\">\n\t\t\t<p style=\"text-align: center;\">* Additional person \u2013 120 PLN.<\/p>\n<p style=\"text-align: center;\">All prices are gross prices. The room price includes breakfast.<\/p>\n\n\t\t<\/div>\n\t<\/div>\n<div style=\"background-color:;height: 20px\" class=\"nicdark_section\"><\/div><\/div><\/div><\/div><\/div><div class=\"vc_row wpb_row vc_row-fluid\"><div class=\"wpb_column vc_column_container vc_col-sm-12\"><div class=\"vc_column-inner\"><div class=\"wpb_wrapper\"><div style=\"background-color:;height: 20px\" class=\"nicdark_section\"><\/div><div style=\"background-color:;height: 20px\" class=\"nicdark_section\"><\/div>\n\t<div class=\"wpb_text_column wpb_content_element\" >\n\t\t<div class=\"wpb_wrapper\">\n\t\t\t<p style=\"text-align: center; color: #c19b77;\"><strong>Prices for guests whose accommodation is covered by the JU**<\/strong><\/p>\n\n\t\t<\/div>\n\t<\/div>\n<div style=\"background-color:;height: 20px\" class=\"nicdark_section\"><\/div><\/div><\/div><\/div><\/div><div class=\"vc_row wpb_row vc_row-fluid\"><div class=\"wpb_column vc_column_container vc_col-sm-2\"><div class=\"vc_column-inner\"><div class=\"wpb_wrapper\"><\/div><\/div><\/div><div class=\"wpb_column vc_column_container vc_col-sm-4\"><div class=\"vc_column-inner\"><div class=\"wpb_wrapper\"><div style=\"background-color:;height: 20px\" class=\"nicdark_section\"><\/div>\n\n  <!--START FOCUS NUMBER-->\n  <div class=\"nd_options_section nd_options_box_sizing_border_box nd_options_text_align_center\">\n    \n    <div class=\"nd_options_section nd_options_height_15\"><\/div>\n    <div class=\"nd_options_section nd_options_height_1 nd_options_border_bottom_1_solid_grey\">\n      <div style=\"border: 7px solid #c19b77\" class=\"nd_options_bg_white nd_options_width_30 nd_options_height_30 nd_options_margin_top_negative_15 nd_options_margin_auto nd_options_box_sizing_border_box\"><\/div>\n    <\/div>\n    <div class=\"nd_options_section nd_options_height_15\"><\/div>\n\n    <div class=\"nd_options_section nd_options_height_30\"><\/div>\n    <h1 class=\"nd_options_font_size_100\"><\/h1>\n    <div class=\"nd_options_section nd_options_height_20\"><\/div>\n    <h2 class=\"nd_options_padding_0_40\">1 Apr \u2013 31 Oct<\/h2>\n    <div class=\"nd_options_section nd_options_height_20\"><\/div>\n    <p class=\"nd_options_padding_0_40\"><\/p>\n\n  <\/div>\n  <!--END FOCUS NUMBER-->\n\n   <div style=\"background-color:;height: 20px\" class=\"nicdark_section\"><\/div><div style=\"background-color:;height: 20px\" class=\"nicdark_section\"><\/div>\n\t<div class=\"wpb_text_column wpb_content_element\" >\n\t\t<div class=\"wpb_wrapper\">\n\t\t\t<p style=\"text-align: center;\">Single Room 270 PLN<\/p>\n<p style=\"text-align: center;\">Double Room 410 PLN<\/p>\n<p style=\"text-align: center;\">Suite for 1 person 390 PLN<\/p>\n<p style=\"text-align: center;\">Suite for 2 person 480 PLN<\/p>\n<p style=\"text-align: center;\">Suite for 3 person 590 PLN<\/p>\n<p style=\"text-align: center;\">Suite for 4 person 700 PLN<\/p>\n\n\t\t<\/div>\n\t<\/div>\n<div style=\"background-color:;height: 20px\" class=\"nicdark_section\"><\/div><\/div><\/div><\/div><div class=\"wpb_column vc_column_container vc_col-sm-4\"><div class=\"vc_column-inner\"><div class=\"wpb_wrapper\"><div style=\"background-color:;height: 20px\" class=\"nicdark_section\"><\/div>\n\n  <!--START FOCUS NUMBER-->\n  <div class=\"nd_options_section nd_options_box_sizing_border_box nd_options_text_align_center\">\n    \n    <div class=\"nd_options_section nd_options_height_15\"><\/div>\n    <div class=\"nd_options_section nd_options_height_1 nd_options_border_bottom_1_solid_grey\">\n      <div style=\"border: 7px solid #c19b77\" class=\"nd_options_bg_white nd_options_width_30 nd_options_height_30 nd_options_margin_top_negative_15 nd_options_margin_auto nd_options_box_sizing_border_box\"><\/div>\n    <\/div>\n    <div class=\"nd_options_section nd_options_height_15\"><\/div>\n\n    <div class=\"nd_options_section nd_options_height_30\"><\/div>\n    <h1 class=\"nd_options_font_size_100\"><\/h1>\n    <div class=\"nd_options_section nd_options_height_20\"><\/div>\n    <h2 class=\"nd_options_padding_0_40\">1 Nov - 31 Mar<\/h2>\n    <div class=\"nd_options_section nd_options_height_20\"><\/div>\n    <p class=\"nd_options_padding_0_40\"><\/p>\n\n  <\/div>\n  <!--END FOCUS NUMBER-->\n\n   <div style=\"background-color:;height: 20px\" class=\"nicdark_section\"><\/div><div style=\"background-color:;height: 20px\" class=\"nicdark_section\"><\/div>\n\t<div class=\"wpb_text_column wpb_content_element\" >\n\t\t<div class=\"wpb_wrapper\">\n\t\t\t<p style=\"text-align: center;\">Single Room 230 PLN<\/p>\n<p style=\"text-align: center;\">Double Room 360 PLN<\/p>\n<p style=\"text-align: center;\">Suite for 1 person 360 PLN<\/p>\n<p style=\"text-align: center;\">Suite for 2 person 420 PLN<\/p>\n<p style=\"text-align: center;\">Suite for 3 person 530 PLN<\/p>\n<p style=\"text-align: center;\">Suite for 4 person 640 PLN<\/p>\n\n\t\t<\/div>\n\t<\/div>\n<div style=\"background-color:;height: 20px\" class=\"nicdark_section\"><\/div><\/div><\/div><\/div><div class=\"wpb_column vc_column_container vc_col-sm-2\"><div class=\"vc_column-inner\"><div class=\"wpb_wrapper\"><\/div><\/div><\/div><\/div><div class=\"vc_row wpb_row vc_row-fluid\"><div class=\"wpb_column vc_column_container vc_col-sm-12\"><div class=\"vc_column-inner\"><div class=\"wpb_wrapper\"><div style=\"background-color:;height: 20px\" class=\"nicdark_section\"><\/div>\n\t<div class=\"wpb_text_column wpb_content_element\" >\n\t\t<div class=\"wpb_wrapper\">\n\t\t\t<p style=\"text-align: center;\">** Additional person \u2013 110 PLN. The room price includes breakfast.<\/p>\n\n\t\t<\/div>\n\t<\/div>\n<div style=\"background-color:;height: 20px\" class=\"nicdark_section\"><\/div><div style=\"background-color:;height: 20px\" class=\"nicdark_section\"><\/div><\/div><\/div><\/div><\/div><div data-vc-full-width=\"true\" data-vc-full-width-init=\"false\" class=\"vc_row wpb_row vc_row-fluid vc_custom_1698938382034 vc_row-has-fill\"><div class=\"wpb_column vc_column_container vc_col-sm-12\"><div class=\"vc_column-inner\"><div class=\"wpb_wrapper\"><div style=\"background-color:;height: 50px\" class=\"nicdark_section\"><\/div><\/div><\/div><\/div><\/div><div class=\"vc_row-full-width vc_clearfix\"><\/div><div data-vc-full-width=\"true\" data-vc-full-width-init=\"false\" class=\"vc_row wpb_row vc_row-fluid vc_custom_1698938387417 vc_row-has-fill\"><div class=\"wpb_column vc_column_container vc_col-sm-6\"><div class=\"vc_column-inner\"><div class=\"wpb_wrapper\">\n\t<div  class=\"wpb_single_image wpb_content_element vc_align_left\">\n\t\t\n\t\t<figure class=\"wpb_wrapper vc_figure\">\n\t\t\t<div class=\"vc_single_image-wrapper   vc_box_border_grey\"><img decoding=\"async\" width=\"960\" height=\"720\" src=\"https:\/\/ujinn.pl\/wp-content\/uploads\/2023\/10\/Pigoniowka-Garbarska-UJ-6.jpg\" class=\"vc_single_image-img attachment-full\" alt=\"Dom Profesorski UJ im. S. Pigonia pok\u00f3j\" title=\"\" srcset=\"https:\/\/ujinn.pl\/wp-content\/uploads\/2023\/10\/Pigoniowka-Garbarska-UJ-6.jpg 960w, https:\/\/ujinn.pl\/wp-content\/uploads\/2023\/10\/Pigoniowka-Garbarska-UJ-6-300x225.jpg 300w, https:\/\/ujinn.pl\/wp-content\/uploads\/2023\/10\/Pigoniowka-Garbarska-UJ-6-768x576.jpg 768w\" sizes=\"(max-width: 960px) 100vw, 960px\" \/><\/div>\n\t\t<\/figure>\n\t<\/div>\n<div class=\"vc_empty_space\"   style=\"height: 50px\"><span class=\"vc_empty_space_inner\"><\/span><\/div><\/div><\/div><\/div><div class=\"wpb_column vc_column_container vc_col-sm-6\"><div class=\"vc_column-inner\"><div class=\"wpb_wrapper\">\n\t<div class=\"wpb_text_column wpb_content_element\" >\n\t\t<div class=\"wpb_wrapper\">\n\t\t\t<p>Conference room rental \u2013 70 PLN per hour.<\/p>\n<p>&nbsp;<\/p>\n<p><strong>Parking fees (gross prices):<br \/>\n<\/strong><\/p>\n<p>One month 24h\/day permit \u2013 300 PLN<\/p>\n<p>One month daytime permit \u2013 200 PLN<\/p>\n<p>24h permit \u2013 40 PLN<\/p>\n<p>&nbsp;<\/p>\n<p><em>Price list published pursuant to the JU Rector\u2019s ordinance <\/em><\/p>\n<p><em>no. 1 of 2 January 2024<\/em><\/p>\n\n\t\t<\/div>\n\t<\/div>\n<div style=\"background-color:;height: 20px\" class=\"nicdark_section\"><\/div><div class=\"vc_empty_space\"   style=\"height: 50px\"><span class=\"vc_empty_space_inner\"><\/span><\/div><\/div><\/div><\/div><\/div><div class=\"vc_row-full-width vc_clearfix\"><\/div><div data-vc-full-width=\"true\" data-vc-full-width-init=\"false\" class=\"vc_row wpb_row vc_row-fluid\"><div class=\"wpb_column vc_column_container vc_col-sm-1\/5\"><div class=\"vc_column-inner\"><div class=\"wpb_wrapper\"><\/div><\/div><\/div><div class=\"wpb_column vc_column_container vc_col-sm-3\/5\"><div class=\"vc_column-inner\"><div class=\"wpb_wrapper\"><div style=\"background-color:;height: 20px\" class=\"nicdark_section\"><\/div>\n\n    <div class=\"nd_options_section nd_options_position_relative download_btn\">\n\n        <img decoding=\"async\" style=\"top:0px\" alt=\"\" class=\"nd_options_position_absolute nd_options_left_0\" width=\"40\" src=\"https:\/\/ujinn.pl\/wp-content\/uploads\/2023\/10\/dok.jpg\">\n\n        <div style=\"padding-left:60px\" class=\"nd_options_section nd_options_box_sizing_border_box translation-block\"><a class=\"nd_options_display_inline_block\" style=\"font-size:px;line-height:px;border-radius:0px;border:0px solid #ffffff;background-color:#ffffff;padding:10px;color:#c19b77\" rel=\"\" target=\"_blank\" href=\"https:\/\/ujinn.pl\/wp-content\/uploads\/2024\/01\/komunikat-w-sprawie-zasad-rezerwacji-pokoi-w-DG-UJ-z-5.06.2017.pdf\">JU Chancellor\u2019s circular no. 4 of 5 June 2017 on the rules of room booking in Jagiellonian University Guesthouses<\/a><\/div>\n\n    <\/div>\n\n  <div style=\"background-color:;height: 20px\" class=\"nicdark_section\"><\/div><\/div><\/div><\/div><div class=\"wpb_column vc_column_container vc_col-sm-1\/5\"><div class=\"vc_column-inner\"><div class=\"wpb_wrapper\"><\/div><\/div><\/div><\/div><div class=\"vc_row-full-width vc_clearfix\"><\/div><div data-vc-full-width=\"true\" data-vc-full-width-init=\"false\" class=\"vc_row wpb_row vc_row-fluid\"><div class=\"wpb_column vc_column_container vc_col-sm-12\"><div class=\"vc_column-inner\"><div class=\"wpb_wrapper\"><div class=\"vc_empty_space\"   style=\"height: 50px\"><span class=\"vc_empty_space_inner\"><\/span><\/div><\/div><\/div><\/div><\/div><div class=\"vc_row-full-width vc_clearfix\"><\/div><div class=\"vc_row wpb_row vc_row-fluid\"><div class=\"wpb_column vc_column_container vc_col-sm-12\"><div class=\"vc_column-inner\"><div class=\"wpb_wrapper\">\n\t<div class=\"wpb_text_column wpb_content_element\" >\n\t\t<div class=\"wpb_wrapper\">\n\t\t\t<p><strong>S. Pigo\u0144 Guesthouse<\/strong><br \/>\nul. Garbarska 7A, 33-332 Krak\u00f3w<\/p>\n<p><a href=\"mailto:pigoniowka@uj.edu.pl\">pigoniowka@uj.edu.pl<\/a><\/p>\n<p><a href=\"tel:+48124223008\">+48 12 422 30 08<\/a><\/p>\n\n\t\t<\/div>\n\t<\/div>\n<div style=\"background-color:;height: 10px\" class=\"nicdark_section\"><\/div>\n\t<div class=\"wpb_text_column wpb_content_element\" >\n\t\t<div class=\"wpb_wrapper\">\n\t\t\t<p><u><a href=\"https:\/\/ujinn.pl\/en\/deklaracja-dostepnosci\/\">Deklaracja dost\u0119pno\u015bci<\/a><\/u><\/p>\n\n\t\t<\/div>\n\t<\/div>\n<\/div><\/div><\/div><div class=\"wpb_column vc_column_container vc_col-sm-4\"><div class=\"vc_column-inner\"><div class=\"wpb_wrapper\"><\/div><\/div><\/div><div class=\"wpb_column vc_column_container vc_col-sm-4\"><div class=\"vc_column-inner\"><div class=\"wpb_wrapper\"><\/div><\/div><\/div><\/div><div class=\"vc_row wpb_row vc_row-fluid\"><div class=\"wpb_column vc_column_container vc_col-sm-12\"><div class=\"vc_column-inner\"><div class=\"wpb_wrapper\"><div style=\"background-color:;height: 30px\" class=\"nicdark_section\"><\/div><\/div><\/div><\/div><\/div>\n<\/section>","protected":false},"excerpt":{"rendered":"DOM PROFESORSKI IM. S. PIGONIA O NAS OFERTA GALERIA KONTAKT Bursa im. Stanis\u0142awa Pigonia \u2013 Dom Profesorski \u2013 oferuje Pa\u0144stwu noclegi z samym sercu Krakowa, 500 metr\u00f3w pieszo od p\u0142yty Rynku G\u0142\u00f3wnego. Bursa zlokalizowana jest w doskonale skomunikowanej okolicy w \u015bcis\u0142ym centrum Krakowa, w niewielkiej odleg\u0142o\u015bci od Wawelu, Ko\u015bcio\u0142a Mariackiego czy Sukiennic oraz w pobli\u017cu [...]","protected":false},"author":1,"featured_media":0,"parent":2685,"menu_order":2,"comment_status":"closed","ping_status":"closed","template":"","meta":{"footnotes":""},"class_list":["post-2699","page","type-page","status-publish","hentry"],"_links":{"self":[{"href":"https:\/\/ujinn.pl\/en\/wp-json\/wp\/v2\/pages\/2699","targetHints":{"allow":["GET"]}}],"collection":[{"href":"https:\/\/ujinn.pl\/en\/wp-json\/wp\/v2\/pages"}],"about":[{"href":"https:\/\/ujinn.pl\/en\/wp-json\/wp\/v2\/types\/page"}],"author":[{"embeddable":true,"href":"https:\/\/ujinn.pl\/en\/wp-json\/wp\/v2\/users\/1"}],"replies":[{"embeddable":true,"href":"https:\/\/ujinn.pl\/en\/wp-json\/wp\/v2\/comments?post=2699"}],"version-history":[{"count":33,"href":"https:\/\/ujinn.pl\/en\/wp-json\/wp\/v2\/pages\/2699\/revisions"}],"predecessor-version":[{"id":4208,"href":"https:\/\/ujinn.pl\/en\/wp-json\/wp\/v2\/pages\/2699\/revisions\/4208"}],"up":[{"embeddable":true,"href":"https:\/\/ujinn.pl\/en\/wp-json\/wp\/v2\/pages\/2685"}],"wp:attachment":[{"href":"https:\/\/ujinn.pl\/en\/wp-json\/wp\/v2\/media?parent=2699"}],"curies":[{"name":"wp","href":"https:\/\/api.w.org\/{rel}","templated":true}]}}