{"id":2703,"date":"2023-10-12T22:58:42","date_gmt":"2023-10-12T20:58:42","guid":{"rendered":"https:\/\/ujinn.pl\/?page_id=2703"},"modified":"2024-06-06T09:00:09","modified_gmt":"2024-06-06T07:00:09","slug":"galeria","status":"publish","type":"page","link":"https:\/\/ujinn.pl\/en\/florianska\/galeria\/","title":{"rendered":"Gallery"},"content":{"rendered":"<section class=\"wpb-content-wrapper\"><div class=\"vc_row wpb_row vc_row-fluid\"><div class=\"wpb_column vc_column_container vc_col-sm-12\"><div class=\"vc_column-inner\"><div class=\"wpb_wrapper\"><div class=\"nd_options_menu_component nd_options_section nd_options_menu_component_171\"><div class=\"menu-menu-florianska-container\"><ul id=\"menu-menu-florianska\" class=\"menu\"><li id=\"menu-item-3578\" class=\"menu-item menu-item-type-post_type menu-item-object-page menu-item-3578\"><a href=\"https:\/\/ujinn.pl\/en\/florianska\/\">FLORIA\u0143SKA GUESTHOUSE<\/a><\/li>\n<li id=\"menu-item-3582\" class=\"menu-item menu-item-type-post_type menu-item-object-page menu-item-3582\"><a href=\"https:\/\/ujinn.pl\/en\/florianska\/o-nas\/\">ABOUT US<\/a><\/li>\n<li id=\"menu-item-3581\" class=\"menu-item menu-item-type-post_type menu-item-object-page menu-item-3581\"><a href=\"https:\/\/ujinn.pl\/en\/florianska\/oferta\/\">WHAT WE OFFER<\/a><\/li>\n<li id=\"menu-item-3580\" class=\"menu-item menu-item-type-post_type menu-item-object-page menu-item-3580\"><a href=\"https:\/\/ujinn.pl\/en\/florianska\/galeria\/\">GALLERY<\/a><\/li>\n<li id=\"menu-item-3579\" class=\"menu-item menu-item-type-post_type menu-item-object-page menu-item-3579\"><a href=\"https:\/\/ujinn.pl\/en\/florianska\/kontakt\/\">CONTACT<\/a><\/li>\n<\/ul><\/div><\/div><\/div><\/div><\/div><\/div><div class=\"vc_row wpb_row vc_row-fluid\"><div class=\"wpb_column vc_column_container vc_col-sm-12\"><div class=\"vc_column-inner\"><div class=\"wpb_wrapper\"><div style=\"background-color:;height: 30px\" class=\"nicdark_section\"><\/div><\/div><\/div><\/div><\/div><div data-vc-full-width=\"true\" data-vc-full-width-init=\"false\" class=\"vc_row wpb_row vc_row-fluid\"><div class=\"wpb_column vc_column_container vc_col-sm-12\"><div class=\"vc_column-inner\"><div class=\"wpb_wrapper\">\n<div class=\"vc_grid-container-wrapper vc_clearfix vc_grid-animation-zoomIn\">\n\t<div class=\"vc_grid-container vc_clearfix wpb_content_element vc_masonry_media_grid\" data-initial-loading-animation=\"zoomIn\" data-vc-grid-settings=\"{&quot;page_id&quot;:2703,&quot;style&quot;:&quot;all-masonry&quot;,&quot;action&quot;:&quot;vc_get_vc_grid_data&quot;,&quot;shortcode_id&quot;:&quot;1717657188131-e9f7abc3-55a9-9&quot;,&quot;tag&quot;:&quot;vc_masonry_media_grid&quot;}\" data-vc-request=\"https:\/\/ujinn.pl\/wp-admin\/admin-ajax.php\" data-vc-post-id=\"2703\" data-vc-public-nonce=\"431f7938cd\">\n\t\t\n\t<\/div>\n<\/div><\/div><\/div><\/div><\/div><div class=\"vc_row-full-width vc_clearfix\"><\/div><div class=\"vc_row wpb_row vc_row-fluid\"><div class=\"wpb_column vc_column_container vc_col-sm-12\"><div class=\"vc_column-inner\"><div class=\"wpb_wrapper\"><div class=\"vc_empty_space\"   style=\"height: 50px\"><span class=\"vc_empty_space_inner\"><\/span><\/div><\/div><\/div><\/div><\/div><div data-vc-full-width=\"true\" data-vc-full-width-init=\"false\" class=\"vc_row wpb_row vc_row-fluid vc_custom_1692974303639 vc_row-has-fill\"><div class=\"wpb_column vc_column_container vc_col-sm-12\"><div class=\"vc_column-inner\"><div class=\"wpb_wrapper\"><div class=\"vc_empty_space\"   style=\"height: 1px\"><span class=\"vc_empty_space_inner\"><\/span><\/div><\/div><\/div><\/div><\/div><div class=\"vc_row-full-width vc_clearfix\"><\/div><div class=\"vc_row wpb_row vc_row-fluid\"><div class=\"wpb_column vc_column_container vc_col-sm-4\"><div class=\"vc_column-inner\"><div class=\"wpb_wrapper\"><div style=\"background-color:;height: 30px\" class=\"nicdark_section\"><\/div>\n\t<div class=\"wpb_text_column wpb_content_element\" >\n\t\t<div class=\"wpb_wrapper\">\n\t\t\t<p><strong>Floria\u0144ska Guesthouse<\/strong><br \/>\nul. Floria\u0144ska 49, 31-019 Krak\u00f3w<\/p>\n<p><a href=\"mailto:dguj@uj.edu.pl\">dguj@uj.edu.pl<\/a><\/p>\n<p>Reception desk <a href=\"tel:+48124211225\">+48 12 421 12 25<\/a><\/p>\n\n\t\t<\/div>\n\t<\/div>\n<div style=\"background-color:;height: 10px\" class=\"nicdark_section\"><\/div>\n\t<div class=\"wpb_text_column wpb_content_element\" >\n\t\t<div class=\"wpb_wrapper\">\n\t\t\t<p><u><a href=\"https:\/\/ujinn.pl\/en\/deklaracja-dostepnosci\/\">Deklaracja dost\u0119pno\u015bci<\/a><\/u><\/p>\n\n\t\t<\/div>\n\t<\/div>\n<\/div><\/div><\/div><div class=\"wpb_column vc_column_container vc_col-sm-4\"><div class=\"vc_column-inner\"><div class=\"wpb_wrapper\"><\/div><\/div><\/div><div class=\"wpb_column vc_column_container vc_col-sm-4\"><div class=\"vc_column-inner\"><div class=\"wpb_wrapper\"><\/div><\/div><\/div><\/div><div class=\"vc_row wpb_row vc_row-fluid\"><div class=\"wpb_column vc_column_container vc_col-sm-12\"><div class=\"vc_column-inner\"><div class=\"wpb_wrapper\"><div style=\"background-color:;height: 30px\" class=\"nicdark_section\"><\/div><\/div><\/div><\/div><\/div>\n<\/section>","protected":false},"excerpt":{"rendered":"DOM GO\u015aCINNY FLORIA\u0143SKA O NAS OFERTA GALERIA KONTAKT Dom Go\u015bcinny Floria\u0144ska ul. Floria\u0144ska 49, 31-019 Krak\u00f3w dguj@uj.edu.pl Recepcja +48 12 421 12 25 Deklaracja dost\u0119pno\u015bci","protected":false},"author":1,"featured_media":0,"parent":2682,"menu_order":3,"comment_status":"closed","ping_status":"closed","template":"","meta":{"footnotes":""},"class_list":["post-2703","page","type-page","status-publish","hentry"],"_links":{"self":[{"href":"https:\/\/ujinn.pl\/en\/wp-json\/wp\/v2\/pages\/2703","targetHints":{"allow":["GET"]}}],"collection":[{"href":"https:\/\/ujinn.pl\/en\/wp-json\/wp\/v2\/pages"}],"about":[{"href":"https:\/\/ujinn.pl\/en\/wp-json\/wp\/v2\/types\/page"}],"author":[{"embeddable":true,"href":"https:\/\/ujinn.pl\/en\/wp-json\/wp\/v2\/users\/1"}],"replies":[{"embeddable":true,"href":"https:\/\/ujinn.pl\/en\/wp-json\/wp\/v2\/comments?post=2703"}],"version-history":[{"count":10,"href":"https:\/\/ujinn.pl\/en\/wp-json\/wp\/v2\/pages\/2703\/revisions"}],"predecessor-version":[{"id":4071,"href":"https:\/\/ujinn.pl\/en\/wp-json\/wp\/v2\/pages\/2703\/revisions\/4071"}],"up":[{"embeddable":true,"href":"https:\/\/ujinn.pl\/en\/wp-json\/wp\/v2\/pages\/2682"}],"wp:attachment":[{"href":"https:\/\/ujinn.pl\/en\/wp-json\/wp\/v2\/media?parent=2703"}],"curies":[{"name":"wp","href":"https:\/\/api.w.org\/{rel}","templated":true}]}}