{"id":2708,"date":"2023-10-12T23:01:09","date_gmt":"2023-10-12T21:01:09","guid":{"rendered":"https:\/\/ujinn.pl\/?page_id=2708"},"modified":"2024-06-06T08:55:57","modified_gmt":"2024-06-06T06:55:57","slug":"kontakt","status":"publish","type":"page","link":"https:\/\/ujinn.pl\/en\/winnica\/kontakt\/","title":{"rendered":"Contact"},"content":{"rendered":"<section class=\"wpb-content-wrapper\"><div class=\"vc_row wpb_row vc_row-fluid\"><div class=\"wpb_column vc_column_container vc_col-sm-12\"><div class=\"vc_column-inner\"><div class=\"wpb_wrapper\"><div class=\"nd_options_menu_component nd_options_section nd_options_menu_component_520\"><div class=\"menu-menu-winnica-container\"><ul id=\"menu-menu-winnica\" class=\"menu\"><li id=\"menu-item-3573\" class=\"menu-item menu-item-type-post_type menu-item-object-page menu-item-3573\"><a href=\"https:\/\/ujinn.pl\/en\/winnica\/\">JU VINEYARD<br \/> \u2018ON MANOR BROOK\u2019<\/a><\/li>\n<li id=\"menu-item-3574\" class=\"menu-item menu-item-type-post_type menu-item-object-page menu-item-3574\"><a href=\"https:\/\/ujinn.pl\/en\/winnica\/o-nas\/\">ABOUT US<\/a><\/li>\n<li id=\"menu-item-3575\" class=\"menu-item menu-item-type-post_type menu-item-object-page menu-item-3575\"><a href=\"https:\/\/ujinn.pl\/en\/winnica\/oferta\/\">WHAT WE OFFER<\/a><\/li>\n<li id=\"menu-item-3576\" class=\"menu-item menu-item-type-post_type menu-item-object-page menu-item-3576\"><a href=\"https:\/\/ujinn.pl\/en\/winnica\/galeria\/\">GALLERY<\/a><\/li>\n<li id=\"menu-item-3577\" class=\"menu-item menu-item-type-post_type menu-item-object-page menu-item-3577\"><a href=\"https:\/\/ujinn.pl\/en\/winnica\/kontakt\/\">CONTACT<\/a><\/li>\n<\/ul><\/div><\/div><\/div><\/div><\/div><\/div><div class=\"vc_row wpb_row vc_row-fluid\"><div class=\"wpb_column vc_column_container vc_col-sm-12\"><div class=\"vc_column-inner\"><div class=\"wpb_wrapper\"><div style=\"background-color:;height: 30px\" class=\"nicdark_section\"><\/div><\/div><\/div><\/div><\/div><div class=\"vc_row wpb_row vc_row-fluid\"><div class=\"wpb_column vc_column_container vc_col-sm-6\"><div class=\"vc_column-inner\"><div class=\"wpb_wrapper\"><div style=\"background-color:#ffffff;height: 50px\" class=\"nicdark_section\"><\/div><div class=\"wpb_gmaps_widget wpb_content_element\"><div class=\"wpb_wrapper\"><div class=\"wpb_map_wraper\"><iframe src=\"https:\/\/www.google.com\/maps\/embed?pb=!1m18!1m12!1m3!1d3004.1262501263777!2d20.497799099999998!3d49.966870799999995!2m3!1f0!2f0!3f0!3m2!1i1024!2i768!4f13.1!3m3!1m2!1s0x4716245794cb0695%3A0x63c4bf064cbacca9!2sWinnica%20UJ!5e1!3m2!1spl!2spl!4v1703077586891!5m2!1spl!2spl\" width=\"600\" height=\"450\" style=\"border:0;\" allowfullscreen=\"\" loading=\"lazy\" referrerpolicy=\"no-referrer-when-downgrade\"><\/iframe><\/div><\/div><\/div><\/div><\/div><\/div><div class=\"wpb_column vc_column_container vc_col-sm-6\"><div class=\"vc_column-inner\"><div class=\"wpb_wrapper\"><div style=\"background-color:#ffffff;height: 50px\" class=\"nicdark_section\"><\/div>\n\t<div class=\"wpb_text_column wpb_content_element\" >\n\t\t<div class=\"wpb_wrapper\">\n\t\t\t<p><strong>JU Vineyard \u2018On Manor Brook\u2019<\/strong><\/p>\n<p><u><a title=\"Link otwiera si\u0119 w nowym oknie\" href=\"https:\/\/maps.app.goo.gl\/i6oUkgtqvL7AtE579\" target=\"_blank\" rel=\"noopener\">\u0141azy 2<\/a><\/u><\/p>\n<p><u><a title=\"Link otwiera si\u0119 w nowym oknie\" href=\"https:\/\/maps.app.goo.gl\/i6oUkgtqvL7AtE579\" target=\"_blank\" rel=\"noopener\">32-765 Rzezawa<\/a><\/u><\/p>\n\n\t\t<\/div>\n\t<\/div>\n<div style=\"background-color:;height: 20px\" class=\"nicdark_section\"><\/div>\n\t<div class=\"wpb_text_column wpb_content_element\" >\n\t\t<div class=\"wpb_wrapper\">\n\t\t\t<p>email: <u><a href=\"mailto:winnica@uj.edu.pl\">winnica@uj.edu.pl<\/a><\/u><\/p>\n\n\t\t<\/div>\n\t<\/div>\n<div style=\"background-color:;height: 20px\" class=\"nicdark_section\"><\/div>\n\t<div class=\"wpb_text_column wpb_content_element\" >\n\t\t<div class=\"wpb_wrapper\">\n\t\t\t<p>tel. <a href=\"tel:+48146127812\">+48 14 61 278 12<\/a><\/p>\n\n\t\t<\/div>\n\t<\/div>\n<div style=\"background-color:;height: 20px\" class=\"nicdark_section\"><\/div><div class=\"vc_icon_element vc_icon_element-outer vc_icon_element-align-left vc_icon_element-have-style\"><div class=\"vc_icon_element-inner vc_icon_element-color-black vc_icon_element-have-style-inner vc_icon_element-size-md vc_icon_element-style-rounded vc_icon_element-background vc_icon_element-background-color-white\" ><span class=\"vc_icon_element-icon fab fa-facebook\" ><\/span><a class=\"vc_icon_element-link\" href=\"https:\/\/www.facebook.com\/winnicauj\"  title=\"facebook Winnica nad Dworskim Potokiem\" target=\"_blank\"><\/a><\/div><\/div>\n\t<div class=\"wpb_text_column wpb_content_element\" >\n\t\t<div class=\"wpb_wrapper\">\n\t\t\t<p><u><a href=\"https:\/\/ujinn.pl\/en\/deklaracja-dostepnosci\/\">Deklaracja dost\u0119pno\u015bci<\/a><\/u><\/p>\n\n\t\t<\/div>\n\t<\/div>\n<\/div><\/div><\/div><\/div><div class=\"vc_row wpb_row vc_row-fluid\"><div class=\"wpb_column vc_column_container vc_col-sm-12\"><div class=\"vc_column-inner\"><div class=\"wpb_wrapper\"><div style=\"background-color:;height: 100px\" class=\"nicdark_section\"><\/div><\/div><\/div><\/div><\/div><div class=\"vc_row wpb_row vc_row-fluid\"><div class=\"wpb_column vc_column_container vc_col-sm-12\"><div class=\"vc_column-inner\"><div class=\"wpb_wrapper\">\n\t<div class=\"wpb_text_column wpb_content_element\" >\n\t\t<div class=\"wpb_wrapper\">\n\t\t\t\n\t\t<\/div>\n\t<\/div>\n<\/div><\/div><\/div><\/div>\n<\/section>","protected":false},"excerpt":{"rendered":"WINNICA NAD DWORSKIM POTOKIEM O NAS OFERTA GALERIA KONTAKT Winnica Nad Dworskim Potokiem \u0141azy 2 32-765 Rzezawa email: winnica@uj.edu.pl tel. +48 14 61 278 12 Deklaracja dost\u0119pno\u015bci","protected":false},"author":1,"featured_media":0,"parent":2676,"menu_order":4,"comment_status":"closed","ping_status":"closed","template":"","meta":{"footnotes":""},"class_list":["post-2708","page","type-page","status-publish","hentry"],"_links":{"self":[{"href":"https:\/\/ujinn.pl\/en\/wp-json\/wp\/v2\/pages\/2708","targetHints":{"allow":["GET"]}}],"collection":[{"href":"https:\/\/ujinn.pl\/en\/wp-json\/wp\/v2\/pages"}],"about":[{"href":"https:\/\/ujinn.pl\/en\/wp-json\/wp\/v2\/types\/page"}],"author":[{"embeddable":true,"href":"https:\/\/ujinn.pl\/en\/wp-json\/wp\/v2\/users\/1"}],"replies":[{"embeddable":true,"href":"https:\/\/ujinn.pl\/en\/wp-json\/wp\/v2\/comments?post=2708"}],"version-history":[{"count":30,"href":"https:\/\/ujinn.pl\/en\/wp-json\/wp\/v2\/pages\/2708\/revisions"}],"predecessor-version":[{"id":4067,"href":"https:\/\/ujinn.pl\/en\/wp-json\/wp\/v2\/pages\/2708\/revisions\/4067"}],"up":[{"embeddable":true,"href":"https:\/\/ujinn.pl\/en\/wp-json\/wp\/v2\/pages\/2676"}],"wp:attachment":[{"href":"https:\/\/ujinn.pl\/en\/wp-json\/wp\/v2\/media?parent=2708"}],"curies":[{"name":"wp","href":"https:\/\/api.w.org\/{rel}","templated":true}]}}