{"id":2710,"date":"2023-10-12T23:02:22","date_gmt":"2023-10-12T21:02:22","guid":{"rendered":"https:\/\/ujinn.pl\/?page_id=2710"},"modified":"2024-09-04T10:54:15","modified_gmt":"2024-09-04T08:54:15","slug":"kontakt","status":"publish","type":"page","link":"https:\/\/ujinn.pl\/en\/florianska\/kontakt\/","title":{"rendered":"Contact"},"content":{"rendered":"<section class=\"wpb-content-wrapper\"><div class=\"vc_row wpb_row vc_row-fluid\"><div class=\"wpb_column vc_column_container vc_col-sm-12\"><div class=\"vc_column-inner\"><div class=\"wpb_wrapper\"><div class=\"nd_options_menu_component nd_options_section nd_options_menu_component_208\"><div class=\"menu-menu-florianska-container\"><ul id=\"menu-menu-florianska\" class=\"menu\"><li id=\"menu-item-3578\" class=\"menu-item menu-item-type-post_type menu-item-object-page menu-item-3578\"><a href=\"https:\/\/ujinn.pl\/en\/florianska\/\">FLORIA\u0143SKA GUESTHOUSE<\/a><\/li>\n<li id=\"menu-item-3582\" class=\"menu-item menu-item-type-post_type menu-item-object-page menu-item-3582\"><a href=\"https:\/\/ujinn.pl\/en\/florianska\/o-nas\/\">ABOUT US<\/a><\/li>\n<li id=\"menu-item-3581\" class=\"menu-item menu-item-type-post_type menu-item-object-page menu-item-3581\"><a href=\"https:\/\/ujinn.pl\/en\/florianska\/oferta\/\">WHAT WE OFFER<\/a><\/li>\n<li id=\"menu-item-3580\" class=\"menu-item menu-item-type-post_type menu-item-object-page menu-item-3580\"><a href=\"https:\/\/ujinn.pl\/en\/florianska\/galeria\/\">GALLERY<\/a><\/li>\n<li id=\"menu-item-3579\" class=\"menu-item menu-item-type-post_type menu-item-object-page menu-item-3579\"><a href=\"https:\/\/ujinn.pl\/en\/florianska\/kontakt\/\">CONTACT<\/a><\/li>\n<\/ul><\/div><\/div><\/div><\/div><\/div><\/div><div class=\"vc_row wpb_row vc_row-fluid\"><div class=\"wpb_column vc_column_container vc_col-sm-12\"><div class=\"vc_column-inner\"><div class=\"wpb_wrapper\"><div style=\"background-color:;height: 30px\" class=\"nicdark_section\"><\/div><\/div><\/div><\/div><\/div><div class=\"vc_row wpb_row vc_row-fluid\"><div class=\"wpb_column vc_column_container vc_col-sm-6\"><div class=\"vc_column-inner\"><div class=\"wpb_wrapper\"><div style=\"background-color:;height: 50px\" class=\"nicdark_section\"><\/div>\n\t<div class=\"wpb_text_column wpb_content_element\" >\n\t\t<div class=\"wpb_wrapper\">\n\t\t\t<p>If you are interested in our offer, do not hesitate!<\/p>\n<p>We look forward to seeing you soon!<\/p>\n\n\t\t<\/div>\n\t<\/div>\n<div style=\"background-color:;height: 20px\" class=\"nicdark_section\"><\/div>\n\t<div class=\"wpb_text_column wpb_content_element\" >\n\t\t<div class=\"wpb_wrapper\">\n\t\t\t<p><strong>Floria\u0144ska Guesthouse<\/strong><\/p>\n<p><u><a title=\"Link otwiera si\u0119 w nowym oknie\" href=\"https:\/\/maps.app.goo.gl\/WbqEJ6gYfUWBvBSc7\" target=\"_blank\" rel=\"noopener\">ul. Floria\u0144ska 49<\/a><\/u><\/p>\n<p><u><a title=\"Link otwiera si\u0119 w nowym oknie\" href=\"https:\/\/maps.app.goo.gl\/WbqEJ6gYfUWBvBSc7\" target=\"_blank\" rel=\"noopener\">31-019 Krak\u00f3w<\/a><\/u><\/p>\n\n\t\t<\/div>\n\t<\/div>\n<div style=\"background-color:;height: 20px\" class=\"nicdark_section\"><\/div>\n\t<div class=\"wpb_text_column wpb_content_element\" >\n\t\t<div class=\"wpb_wrapper\">\n\t\t\t<p><strong>Floria\u0144ska Guesthouse booking office<\/strong><\/p>\n<p>email: <u><a href=\"mailto:dguj@uj.edu.pl\">dguj@uj.edu.pl<\/a><\/u><\/p>\n<p>From Monday to Friday 7:00 A.M. - 3:00 P.M.<\/p>\n\n\t\t<\/div>\n\t<\/div>\n<div style=\"background-color:;height: 20px\" class=\"nicdark_section\"><\/div>\n\t<div class=\"wpb_text_column wpb_content_element\" >\n\t\t<div class=\"wpb_wrapper\">\n\t\t\t<p><strong>Reception desk <\/strong><\/p>\n<p><a href=\"tel:+48124211225\">+48 12 421 12 25<\/a><\/p>\n<p>Open 24 hours\/day.<\/p>\n\n\t\t<\/div>\n\t<\/div>\n<div style=\"background-color:;height: 20px\" class=\"nicdark_section\"><\/div>\n\n    <div class=\"nd_options_section nd_options_position_relative download_btn\">\n\n        <img decoding=\"async\" style=\"top:0px\" alt=\"\" class=\"nd_options_position_absolute nd_options_left_0\" width=\"40\" src=\"https:\/\/ujinn.pl\/wp-content\/uploads\/2023\/10\/dok.jpg\">\n\n        <div style=\"padding-left:60px\" class=\"nd_options_section nd_options_box_sizing_border_box\">\n            \n             \n             \n            <a class=\"nd_options_display_inline_block\" style=\"font-size:px;line-height:px;border-radius:0px;border:0px solid #ffffff;background-color:#ffffff;padding:10px;color:#c19b77\" rel=\"\" href=\"https:\/\/ujinn.pl\/wp-content\/uploads\/2024\/07\/Regulamin-DOM-GOSCINNY-FLORIANSKA-49.pdf\">Regulamin Domu Go\u015bcinnego UJ Floria\u0144ska 49<\/a>\n\n        <\/div>\n\n    <\/div>\n\n  <div style=\"background-color:;height: 20px\" class=\"nicdark_section\"><\/div>\n\n    <div class=\"nd_options_section nd_options_position_relative download_btn\">\n\n        <img decoding=\"async\" style=\"top:0px\" alt=\"\" class=\"nd_options_position_absolute nd_options_left_0\" width=\"40\" src=\"https:\/\/ujinn.pl\/wp-content\/uploads\/2023\/10\/dok.jpg\">\n\n        <div style=\"padding-left:60px\" class=\"nd_options_section nd_options_box_sizing_border_box\">\n            \n             \n             \n            <a class=\"nd_options_display_inline_block\" style=\"font-size:px;line-height:px;border-radius:0px;border:0px solid #ffffff;background-color:#ffffff;padding:10px;color:#c19b77\" rel=\"\" href=\"https:\/\/ujinn.pl\/wp-content\/uploads\/2024\/09\/Guesthouse_rules_Jagiellonska.pdf\">Floria\u0144ska Guesthouse rules<\/a>\n\n        <\/div>\n\n    <\/div>\n\n  <div style=\"background-color:;height: 20px\" class=\"nicdark_section\"><\/div>\n\t<div class=\"wpb_text_column wpb_content_element\" >\n\t\t<div class=\"wpb_wrapper\">\n\t\t\t<p><u><a href=\"https:\/\/ujinn.pl\/en\/deklaracja-dostepnosci\/\">Deklaracja dost\u0119pno\u015bci<\/a><\/u><\/p>\n\n\t\t<\/div>\n\t<\/div>\n<\/div><\/div><\/div><div class=\"wpb_column vc_column_container vc_col-sm-6\"><div class=\"vc_column-inner\"><div class=\"wpb_wrapper\"><div style=\"background-color:#ffffff;height: 50px\" class=\"nicdark_section\"><\/div><div class=\"wpb_gmaps_widget wpb_content_element\"><div class=\"wpb_wrapper\"><div class=\"wpb_map_wraper\"><iframe src=\"https:\/\/www.google.com\/maps\/embed?pb=!1m18!1m12!1m3!1d728.1726298235916!2d19.94052220210526!3d50.06433809447158!2m3!1f0!2f0!3f0!3m2!1i1024!2i768!4f13.1!3m3!1m2!1s0x47165b10303e2489%3A0x53008a501dfac8de!2sFloria%C5%84ska%2049%2C%2033-332%20Krak%C3%B3w!5e1!3m2!1spl!2spl!4v1703077462947!5m2!1spl!2spl\" width=\"600\" height=\"450\" style=\"border:0;\" allowfullscreen=\"\" loading=\"lazy\" referrerpolicy=\"no-referrer-when-downgrade\"><\/iframe><\/div><\/div><\/div><\/div><\/div><\/div><\/div><div class=\"vc_row wpb_row vc_row-fluid\"><div class=\"wpb_column vc_column_container vc_col-sm-12\"><div class=\"vc_column-inner\"><div class=\"wpb_wrapper\"><div style=\"background-color:;height: 100px\" class=\"nicdark_section\"><\/div><\/div><\/div><\/div><\/div>\n<\/section>","protected":false},"excerpt":{"rendered":"DOM GO\u015aCINNY FLORIA\u0143SKA O NAS OFERTA GALERIA KONTAKT Je\u015bli zainteresowa\u0142a Pa\u0144stwa nasza oferta to czas na kolejny krok! Dom Go\u015bcinny Floria\u0144ska ju\u017c dzi\u015b czeka na Pa\u0144stwa odwiedziny! Dom Go\u015bcinny Floria\u0144ska ul. Floria\u0144ska 49 31-019 Krak\u00f3w Biuro rezerwacyjne Domu Go\u015bcinnego Floria\u0144ska email: dguj@uj.edu.pl Od poniedzia\u0142ku do pi\u0105tku w godzinach 7:00 -15:00. Recepcja +48 12 421 12 [...]","protected":false},"author":1,"featured_media":0,"parent":2682,"menu_order":4,"comment_status":"closed","ping_status":"closed","template":"","meta":{"footnotes":""},"class_list":["post-2710","page","type-page","status-publish","hentry"],"_links":{"self":[{"href":"https:\/\/ujinn.pl\/en\/wp-json\/wp\/v2\/pages\/2710","targetHints":{"allow":["GET"]}}],"collection":[{"href":"https:\/\/ujinn.pl\/en\/wp-json\/wp\/v2\/pages"}],"about":[{"href":"https:\/\/ujinn.pl\/en\/wp-json\/wp\/v2\/types\/page"}],"author":[{"embeddable":true,"href":"https:\/\/ujinn.pl\/en\/wp-json\/wp\/v2\/users\/1"}],"replies":[{"embeddable":true,"href":"https:\/\/ujinn.pl\/en\/wp-json\/wp\/v2\/comments?post=2710"}],"version-history":[{"count":31,"href":"https:\/\/ujinn.pl\/en\/wp-json\/wp\/v2\/pages\/2710\/revisions"}],"predecessor-version":[{"id":4091,"href":"https:\/\/ujinn.pl\/en\/wp-json\/wp\/v2\/pages\/2710\/revisions\/4091"}],"up":[{"embeddable":true,"href":"https:\/\/ujinn.pl\/en\/wp-json\/wp\/v2\/pages\/2682"}],"wp:attachment":[{"href":"https:\/\/ujinn.pl\/en\/wp-json\/wp\/v2\/media?parent=2710"}],"curies":[{"name":"wp","href":"https:\/\/api.w.org\/{rel}","templated":true}]}}