{"id":2712,"date":"2023-10-12T23:03:28","date_gmt":"2023-10-12T21:03:28","guid":{"rendered":"https:\/\/ujinn.pl\/?page_id=2712"},"modified":"2024-06-06T09:03:55","modified_gmt":"2024-06-06T07:03:55","slug":"kontakt","status":"publish","type":"page","link":"https:\/\/ujinn.pl\/en\/pigoniowka\/kontakt\/","title":{"rendered":"Contact"},"content":{"rendered":"<section class=\"wpb-content-wrapper\"><div class=\"vc_row wpb_row vc_row-fluid\"><div class=\"wpb_column vc_column_container vc_col-sm-12\"><div class=\"vc_column-inner\"><div class=\"wpb_wrapper\"><div class=\"nd_options_menu_component nd_options_section nd_options_menu_component_629\"><div class=\"menu-menu-pigoniowka-container\"><ul id=\"menu-menu-pigoniowka\" class=\"menu\"><li id=\"menu-item-3583\" class=\"menu-item menu-item-type-post_type menu-item-object-page menu-item-3583\"><a href=\"https:\/\/ujinn.pl\/en\/pigoniowka\/\">S. PIGO\u0143 GUESTHOUSE<\/a><\/li>\n<li id=\"menu-item-3587\" class=\"menu-item menu-item-type-post_type menu-item-object-page menu-item-3587\"><a href=\"https:\/\/ujinn.pl\/en\/pigoniowka\/o-nas\/\">ABOUT US<\/a><\/li>\n<li id=\"menu-item-3586\" class=\"menu-item menu-item-type-post_type menu-item-object-page menu-item-3586\"><a href=\"https:\/\/ujinn.pl\/en\/pigoniowka\/oferta\/\">WHAT WE OFFER<\/a><\/li>\n<li id=\"menu-item-3585\" class=\"menu-item menu-item-type-post_type menu-item-object-page menu-item-3585\"><a href=\"https:\/\/ujinn.pl\/en\/pigoniowka\/galeria\/\">GALLERY<\/a><\/li>\n<li id=\"menu-item-3584\" class=\"menu-item menu-item-type-post_type menu-item-object-page menu-item-3584\"><a href=\"https:\/\/ujinn.pl\/en\/pigoniowka\/kontakt\/\">CONTACT<\/a><\/li>\n<\/ul><\/div><\/div><\/div><\/div><\/div><\/div><div class=\"vc_row wpb_row vc_row-fluid\"><div class=\"wpb_column vc_column_container vc_col-sm-12\"><div class=\"vc_column-inner\"><div class=\"wpb_wrapper\"><div style=\"background-color:;height: 30px\" class=\"nicdark_section\"><\/div><\/div><\/div><\/div><\/div><div class=\"vc_row wpb_row vc_row-fluid\"><div class=\"wpb_column vc_column_container vc_col-sm-6\"><div class=\"vc_column-inner\"><div class=\"wpb_wrapper\"><div style=\"background-color:#ffffff;height: 50px\" class=\"nicdark_section\"><\/div><div class=\"wpb_gmaps_widget wpb_content_element\"><div class=\"wpb_wrapper\"><div class=\"wpb_map_wraper\"><iframe src=\"https:\/\/www.google.com\/maps\/embed?pb=!1m14!1m8!1m3!1d841.2647567209142!2d19.932999028150505!3d50.06612787206659!3m2!1i1024!2i768!4f13.1!3m3!1m2!1s0x47165b0f302e523d%3A0x3d3c4fedfdb57aa!2sDom%20Profesorski%20im.%20St.%20Pigonia!5e1!3m2!1spl!2spl!4v1703077201047!5m2!1spl!2spl\" width=\"600\" height=\"450\" style=\"border:0;\" allowfullscreen=\"\" loading=\"lazy\" referrerpolicy=\"no-referrer-when-downgrade\"><\/iframe><\/div><\/div><\/div><\/div><\/div><\/div><div class=\"wpb_column vc_column_container vc_col-sm-6\"><div class=\"vc_column-inner\"><div class=\"wpb_wrapper\"><div style=\"background-color:#ffffff;height: 50px\" class=\"nicdark_section\"><\/div>\n\t<div class=\"wpb_text_column wpb_content_element\" >\n\t\t<div class=\"wpb_wrapper\">\n\t\t\t<p><strong>S. Pigo\u0144 Guesthouse<\/strong><br \/>\n<u><a title=\"Link otwiera si\u0119 w nowym oknie\" href=\"https:\/\/maps.app.goo.gl\/medYJcYKsTyTcbLV6\" target=\"_blank\" rel=\"noopener\">ul. Garbarska 7A<\/a><\/u><br \/>\n<u><a title=\"Link otwiera si\u0119 w nowym oknie\" href=\"https:\/\/maps.app.goo.gl\/medYJcYKsTyTcbLV6\" target=\"_blank\" rel=\"noopener\">33-332 Krak\u00f3w<\/a><\/u><\/p>\n\n\t\t<\/div>\n\t<\/div>\n<div style=\"background-color:;height: 20px\" class=\"nicdark_section\"><\/div>\n\t<div class=\"wpb_text_column wpb_content_element\" >\n\t\t<div class=\"wpb_wrapper\">\n\t\t\t<p>email: <u><a href=\"mailto:pigoniowka@uj.edu.pl\">pigoniowka@uj.edu.pl<\/a><\/u><\/p>\n\n\t\t<\/div>\n\t<\/div>\n<div style=\"background-color:;height: 20px\" class=\"nicdark_section\"><\/div>\n\t<div class=\"wpb_text_column wpb_content_element\" >\n\t\t<div class=\"wpb_wrapper\">\n\t\t\t<p><strong>Reception desk<\/strong><\/p>\n<p><a href=\"tel:+48124223008\">+48 12 422 30 08<\/a><\/p>\n<p>Open 24 hours\/day.<\/p>\n\n\t\t<\/div>\n\t<\/div>\n<div style=\"background-color:;height: 20px\" class=\"nicdark_section\"><\/div>\n\t<div class=\"wpb_text_column wpb_content_element\" >\n\t\t<div class=\"wpb_wrapper\">\n\t\t\t<p><u><a href=\"https:\/\/ujinn.pl\/en\/deklaracja-dostepnosci\/\">Deklaracja dost\u0119pno\u015bci<\/a><\/u><\/p>\n\n\t\t<\/div>\n\t<\/div>\n<\/div><\/div><\/div><\/div><div class=\"vc_row wpb_row vc_row-fluid\"><div class=\"wpb_column vc_column_container vc_col-sm-12\"><div class=\"vc_column-inner\"><div class=\"wpb_wrapper\"><div style=\"background-color:;height: 100px\" class=\"nicdark_section\"><\/div><\/div><\/div><\/div><\/div>\n<\/section>","protected":false},"excerpt":{"rendered":"DOM PROFESORSKI IM. S. PIGONIA O NAS OFERTA GALERIA KONTAKT Dom Profesorski im. S. Pigonia ul. Garbarska 7A 33-332 Krak\u00f3w email: pigoniowka@uj.edu.pl Recepcja +48 12 422 30 08 Czynna ca\u0142\u0105 dob\u0119. Deklaracja dost\u0119pno\u015bci","protected":false},"author":1,"featured_media":0,"parent":2685,"menu_order":4,"comment_status":"closed","ping_status":"closed","template":"","meta":{"footnotes":""},"class_list":["post-2712","page","type-page","status-publish","hentry"],"_links":{"self":[{"href":"https:\/\/ujinn.pl\/en\/wp-json\/wp\/v2\/pages\/2712","targetHints":{"allow":["GET"]}}],"collection":[{"href":"https:\/\/ujinn.pl\/en\/wp-json\/wp\/v2\/pages"}],"about":[{"href":"https:\/\/ujinn.pl\/en\/wp-json\/wp\/v2\/types\/page"}],"author":[{"embeddable":true,"href":"https:\/\/ujinn.pl\/en\/wp-json\/wp\/v2\/users\/1"}],"replies":[{"embeddable":true,"href":"https:\/\/ujinn.pl\/en\/wp-json\/wp\/v2\/comments?post=2712"}],"version-history":[{"count":21,"href":"https:\/\/ujinn.pl\/en\/wp-json\/wp\/v2\/pages\/2712\/revisions"}],"predecessor-version":[{"id":4077,"href":"https:\/\/ujinn.pl\/en\/wp-json\/wp\/v2\/pages\/2712\/revisions\/4077"}],"up":[{"embeddable":true,"href":"https:\/\/ujinn.pl\/en\/wp-json\/wp\/v2\/pages\/2685"}],"wp:attachment":[{"href":"https:\/\/ujinn.pl\/en\/wp-json\/wp\/v2\/media?parent=2712"}],"curies":[{"name":"wp","href":"https:\/\/api.w.org\/{rel}","templated":true}]}}