{"id":3,"date":"2023-09-25T10:39:40","date_gmt":"2023-09-25T08:39:40","guid":{"rendered":"https:\/\/ujinn.pl\/?page_id=3"},"modified":"2024-06-06T09:42:21","modified_gmt":"2024-06-06T07:42:21","slug":"polityka-prywatnosci","status":"publish","type":"page","link":"https:\/\/ujinn.pl\/en\/polityka-prywatnosci\/","title":{"rendered":"Polityka prywatno\u015bci"},"content":{"rendered":"<p>&nbsp;<\/p>\n<p style=\"text-align: left;\"><span style=\"font-size: 14pt;\"><strong>Polityka prywatno\u015bci<\/strong><\/span><\/p>\n<p>&nbsp;<\/p>\n<p>1. Niniejsza Polityka Prywatno\u015bci okre\u015bla zasady przetwarzania danych osobowych pozyskanych za po\u015brednictwem strony internetowej ujinn.pl (zwanej dalej: \u201eStron\u0105 Internetow\u0105\u201d).<br \/>\n2. W\u0142a\u015bcicielem Strony Internetowej i jednocze\u015bnie administratorem danych jest UNIWERSYTET JAGIELLO\u0143SKI z siedzib\u0105 w Krakowie (31-007), ul. Go\u0142\u0119bia 24, posiadaj\u0105cy numer NIP: 6750002236, REGON: 000001270, zwany dalej Uniwersytet Jagiello\u0144ski.<br \/>\n3. Dane osobowe zbierane przez Uniwersytet Jagiello\u0144ski za po\u015brednictwem Strony Internetowej s\u0105 przetwarzane zgodnie z Rozporz\u0105dzeniem Parlamentu Europejskiego i Rady (UE) 2016\/679 z dnia 27 kwietnia 2016 r. w sprawie ochrony os\u00f3b fizycznych w zwi\u0105zku z przetwarzaniem danych osobowych i w sprawie swobodnego przep\u0142ywu takich danych oraz uchylenia dyrektywy 95\/46\/WE (og\u00f3lne rozporz\u0105dzenie o ochronie danych), zwane r\u00f3wnie\u017c RODO.<br \/>\n4. Uniwersytet Jagiello\u0144ski dok\u0142ada szczeg\u00f3lnej staranno\u015bci do poszanowania prywatno\u015bci U\u017cytkownik\u00f3w odwiedzaj\u0105cych Stron\u0119 Internetow\u0105.<\/p>\n<p>&nbsp;<\/p>\n<p><strong>\u00a7 1 Rodzaj przetwarzanych danych, cele oraz podstawa prawna<\/strong><br \/>\n1. Uniwersytet Jagiello\u0144ski zbiera informacje dotycz\u0105ce os\u00f3b fizycznych dokonuj\u0105cych czynno\u015bci prawnej niezwi\u0105zanej bezpo\u015brednio z ich dzia\u0142alno\u015bci\u0105, os\u00f3b fizycznych prowadz\u0105cych we w\u0142asnym imieniu dzia\u0142alno\u015b\u0107 gospodarcz\u0105 lub zawodow\u0105 oraz os\u00f3b fizycznych reprezentuj\u0105cych osoby prawne, lub jednostki organizacyjne nieb\u0119d\u0105ce osobami prawnymi, kt\u00f3rym ustawa przyznaje zdolno\u015b\u0107 prawn\u0105, zwanych dalej \u0142\u0105cznie U\u017cytkownikami.<br \/>\n2. Dane osobowe U\u017cytkownik\u00f3w s\u0105 zbierane w przypadku:<br \/>\na) kontaktu telefonicznego. Podstawa prawna: niezb\u0119dno\u015b\u0107 do wykonania umowy lub podj\u0119cia dzia\u0142a\u0144 na \u017c\u0105danie osoby, kt\u00f3rej dane dotycz\u0105, przed zawarciem umowy (art. 6 ust. 1 lit. b RODO);<br \/>\nb) podania adresu e-mail. Podstawa prawna: niezb\u0119dno\u015b\u0107 do wykonania umowy lub podj\u0119cia dzia\u0142a\u0144 na \u017c\u0105danie osoby, kt\u00f3rej dane dotycz\u0105, przed zawarciem umowy (art. 6 ust. 1 lit. b RODO).<br \/>\n3. W przypadku podj\u0119cia kontaktu telefonicznego, Uniwersytet Jagiello\u0144ski pobiera dane osobowe w szczeg\u00f3lno\u015bci: imi\u0119 i nazwisko, numer telefonu, adres e-mail.<br \/>\n4. W przypadku podj\u0119cia kontaktu na adres poczty elektronicznej, Uniwersytet Jagiello\u0144ski pobiera dane osobowe w szczeg\u00f3lno\u015bci: imi\u0119 i nazwisko, numer telefonu, adres e-mail.<br \/>\n5. Podczas korzystania ze Strony Internetowej mog\u0105 by\u0107 pobierane dodatkowe informacje, w szczeg\u00f3lno\u015bci: adres IP przypisany do komputera U\u017cytkownika lub zewn\u0119trzny adres IP dostawcy Internetu, nazwa domeny, rodzaj przegl\u0105darki, czas dost\u0119pu, typ systemu operacyjnego.<br \/>\n6. Od U\u017cytkownik\u00f3w mog\u0105 by\u0107 tak\u017ce gromadzone dane nawigacyjne, w tym informacje o linkach i odno\u015bnikach, w kt\u00f3re zdecyduj\u0105 si\u0119 klikn\u0105\u0107 lub innych czynno\u015bciach, podejmowanych na Stronie Internetowej. Podstawa prawna &#8211; prawnie uzasadniony interes (art. 6 ust. 1 lit. f RODO), polegaj\u0105cy na u\u0142atwieniu korzystania z us\u0142ug \u015bwiadczonych drog\u0105 elektroniczn\u0105 oraz na poprawie funkcjonalno\u015bci tych us\u0142ug.<br \/>\n7. W celu ustalania, dochodzenia i egzekucji roszcze\u0144 mog\u0105 by\u0107 przetwarzane niekt\u00f3re dane osobowe podane przez U\u017cytkownika w ramach korzystania z funkcjonalno\u015bci na Stronie Internetowej takie jak: imi\u0119, nazwisko, dane dotycz\u0105ce korzystania z us\u0142ug, je\u017celi roszczenia wynikaj\u0105 ze sposobu, w jaki U\u017cytkownik korzysta z us\u0142ug, inne dane niezb\u0119dne do udowodnienia istnienia roszczenia, w tym rozmiar\u00f3w poniesionej szkody. Podstawa prawna &#8211; prawnie uzasadniony interes (art. 6 ust. 1 lit. f RODO), polegaj\u0105cy na ustaleniu, dochodzeniu i egzekucji roszcze\u0144 oraz na obronie przed roszczeniami w post\u0119powaniu przed s\u0105dami i innymi organami pa\u0144stwowymi.<br \/>\n8. Przekazanie danych osobowych do Uniwersytet Jagiello\u0144ski jest dobrowolne.<\/p>\n<p>&nbsp;<\/p>\n<p><strong>\u00a7 2 Komu udost\u0119pniane lub powierzane s\u0105 dane oraz jak d\u0142ugo s\u0105 przechowywane?<\/strong><br \/>\n1. Dane osobowe U\u017cytkownika przekazywane s\u0105 dostawcom us\u0142ug, z kt\u00f3rych korzysta Uniwersytet Jagiello\u0144ski przy prowadzeniu Strony Internetowej. Dostawcy us\u0142ug, kt\u00f3rym przekazywane s\u0105 dane osobowe, w zale\u017cno\u015bci od uzgodnie\u0144 umownych i okoliczno\u015bci, albo podlegaj\u0105 poleceniom Uniwersytet Jagiello\u0144ski co do cel\u00f3w i sposob\u00f3w przetwarzania tych danych (podmioty przetwarzaj\u0105ce), albo samodzielnie okre\u015blaj\u0105 cele i sposoby ich przetwarzania (administratorzy).<br \/>\na) Podmioty przetwarzaj\u0105ce. Uniwersytet Jagiello\u0144ski korzysta z dostawc\u00f3w, kt\u00f3rzy przetwarzaj\u0105 dane osobowe wy\u0142\u0105cznie na polecenie Uniwersytet Jagiello\u0144ski. Nale\u017c\u0105 do nich m.in. dostawcy \u015bwiadcz\u0105cy us\u0142ug\u0119 hostingu, us\u0142ugi ksi\u0119gowe.<br \/>\nb) Administratorzy. Uniwersytet Jagiello\u0144ski korzysta z dostawc\u00f3w, kt\u00f3rzy nie dzia\u0142aj\u0105 wy\u0142\u0105cznie na polecenie i sami ustalaj\u0105 cele i sposoby wykorzystania danych osobowych U\u017cytkownik\u00f3w. \u015awiadcz\u0105 oni us\u0142ugi bankowe.<br \/>\n2. Lokalizacja. Dostawcy us\u0142ug maj\u0105 siedziby w Polsce i w innych krajach Europejskiego Obszaru Gospodarczego (EOG).<br \/>\n3. Dane osobowe U\u017cytkownik\u00f3w przechowywane s\u0105:<br \/>\na) W przypadku gdy podstaw\u0105 przetwarzania danych osobowych jest zgoda, w\u00f3wczas dane osobowe U\u017cytkownika przetwarzane s\u0105 przez Uniwersytet Jagiello\u0144ski tak d\u0142ugo, a\u017c zgoda nie zostanie odwo\u0142ana, a po odwo\u0142aniu zgody przez okres czasu odpowiadaj\u0105cy okresowi przedawnienia roszcze\u0144 jakie mo\u017ce podnosi\u0107 Uniwersytet Jagiello\u0144ski i jakie mog\u0105 by\u0107 podnoszone wobec niego. Je\u017celi przepis szczeg\u00f3lny nie stanowi inaczej, termin przedawnienia wynosi lat sze\u015b\u0107, a dla roszcze\u0144 o \u015bwiadczenia okresowe oraz roszcze\u0144 zwi\u0105zanych z prowadzeniem dzia\u0142alno\u015bci gospodarczej &#8211; trzy lata.<br \/>\nb) W przypadku gdy podstaw\u0105 przetwarzania danych jest wykonanie umowy, w\u00f3wczas dane osobowe U\u017cytkownika przetwarzane s\u0105 przez Uniwersytet Jagiello\u0144ski tak d\u0142ugo, jak jest to niezb\u0119dne do wykonania umowy, a po tym czasie przez okres odpowiadaj\u0105cy okresowi przedawnienia roszcze\u0144. Je\u017celi przepis szczeg\u00f3lny nie stanowi inaczej, termin przedawnienia wynosi lat sze\u015b\u0107, a dla roszcze\u0144 o \u015bwiadczenia okresowe oraz roszcze\u0144 zwi\u0105zanych z prowadzeniem dzia\u0142alno\u015bci gospodarczej &#8211; trzy lata.<br \/>\n4. Dane nawigacyjne mog\u0105 by\u0107 wykorzystywane w celu zapewnienia U\u017cytkownikom lepszej obs\u0142ugi, analizy danych statystycznych i dostosowania Strony Internetowej do preferencji U\u017cytkownik\u00f3w, a tak\u017ce administrowania Stron\u0105 Internetow\u0105.<br \/>\n5. W przypadku skierowania \u017c\u0105dania Uniwersytet Jagiello\u0144ski udost\u0119pnia dane osobowe uprawnionym organom pa\u0144stwowym, w szczeg\u00f3lno\u015bci jednostkom organizacyjnym Prokuratury, Policji, Prezesowi Urz\u0119du Ochrony Danych Osobowych, Prezesowi Urz\u0119du Ochrony Konkurencji i Konsument\u00f3w lub Prezesowi Urz\u0119du Komunikacji Elektronicznej.<\/p>\n<p>&nbsp;<\/p>\n<p><strong>\u00a7 3 Mechanizm cookies, adres IP<\/strong><br \/>\n1. Stron\u0119 Internetow\u0105 u\u017cywa niewielkich plik\u00f3w, zwanych cookies. Zapisywane s\u0105 one przez Uniwersytet Jagiello\u0144ski na urz\u0105dzeniu ko\u0144cowym osoby odwiedzaj\u0105cej Stron\u0119 Internetow\u0105, je\u017celi przegl\u0105darka internetowa na to pozwala. Plik cookie zwykle zawiera nazw\u0119 domeny, z kt\u00f3rej pochodzi, sw\u00f3j \u201eczas wyga\u015bni\u0119cia&#8221; oraz indywidualn\u0105, losowo wybran\u0105 liczb\u0119 identyfikuj\u0105c\u0105 ten plik. Informacje zbierane za pomoc\u0105 plik\u00f3w tego typu pomagaj\u0105 dostosowywa\u0107 oferowane przez Uniwersytet Jagiello\u0144ski produkty do indywidualnych preferencji i rzeczywistych potrzeb os\u00f3b odwiedzaj\u0105cych Stron\u0119 Internetow\u0105. Daj\u0105 te\u017c mo\u017cliwo\u015b\u0107 opracowywania og\u00f3lnych statystyk odwiedzin prezentowanych produkt\u00f3w na Stronie Internetowej.<br \/>\n2. Uniwersytet Jagiello\u0144ski wykorzystuje dwa typy plik\u00f3w cookies:<br \/>\na) Cookies sesyjne: po zako\u0144czeniu sesji danej przegl\u0105darki lub wy\u0142\u0105czeniu komputera zapisane informacje s\u0105 usuwane z pami\u0119ci urz\u0105dzenia. Mechanizm cookies sesyjnych nie pozwala na pobieranie jakichkolwiek danych osobowych ani \u017cadnych informacji poufnych z komputer\u00f3w U\u017cytkownik\u00f3w.<br \/>\nb) Cookies trwa\u0142e: s\u0105 przechowywane w pami\u0119ci urz\u0105dzenia ko\u0144cowego U\u017cytkownika i pozostaj\u0105 tam do momentu ich skasowania lub wyga\u015bni\u0119cia. Mechanizm cookies trwa\u0142ych nie pozwala na pobieranie jakichkolwiek danych osobowych ani \u017cadnych informacji poufnych z komputera U\u017cytkownik\u00f3w.<br \/>\n3. Uniwersytet Jagiello\u0144ski wykorzystuje cookies w\u0142asne w celu:<br \/>\na) analiz i bada\u0144 oraz audytu ogl\u0105dalno\u015bci, a w szczeg\u00f3lno\u015bci do tworzenia anonimowych statystyk, kt\u00f3re pomagaj\u0105 zrozumie\u0107, w jaki spos\u00f3b U\u017cytkownicy korzystaj\u0105 ze Strony Internetowej, co umo\u017cliwia ulepszanie jej struktury i zawarto\u015bci.<br \/>\n4. Uniwersytet Jagiello\u0144ski wykorzystuje cookies zewn\u0119trzne w celu:<br \/>\na) popularyzacji Strony Internetowej za pomoc\u0105 serwisu spo\u0142eczno\u015bciowego facebook.com (administrator cookies zewn\u0119trznego: Meta Platforms Ireland Limited z siedzib\u0105 w Irlandii);<br \/>\nb) popularyzacji Strony Internetowej za pomoc\u0105 serwisu Instagram (administrator cookies zewn\u0119trznego: Instagram LLC.z siedzib\u0105 w USA);<br \/>\nc) prezentowania na stronach informacyjnych Strony Internetowej, mapy wskazuj\u0105cej lokalizacj\u0119 biura Uniwersytet Jagiello\u0144ski, za pomoc\u0105 serwisu internetowego maps.google.com (administrator cookies zewn\u0119trznego: Google Inc z siedzib\u0105 w USA);<br \/>\nd) prezentacji Certyfikatu Rzetelny Regulamin za po\u015brednictwem serwisu internetowego rzetelnyregulamin.pl (administrator cookies zewn\u0119trznego: Rzetelna Grupa sp. z o.o. z siedzib\u0105 w Warszawie).<br \/>\n5. Mechanizm cookies jest bezpieczny dla komputer\u00f3w U\u017cytkownik\u00f3w Strony Internetowej. W szczeg\u00f3lno\u015bci t\u0105 drog\u0105 nie jest mo\u017cliwe przedostanie si\u0119 do komputer\u00f3w U\u017cytkownik\u00f3w wirus\u00f3w lub innego niechcianego oprogramowania lub oprogramowania z\u0142o\u015bliwego. Niemniej w swoich przegl\u0105darkach U\u017cytkownicy maj\u0105 mo\u017cliwo\u015b\u0107 ograniczenia lub wy\u0142\u0105czenia dost\u0119pu plik\u00f3w cookies do komputer\u00f3w. W przypadku skorzystania z tej opcji korzystanie ze Strony Internetowej b\u0119dzie mo\u017cliwe, poza funkcjami, kt\u00f3re ze swojej natury wymagaj\u0105 plik\u00f3w cookies.<br \/>\n6. Poni\u017cej przedstawiamy, jak mo\u017cna zmieni\u0107 ustawienia popularnych przegl\u0105darek internetowych w zakresie stosowania plik\u00f3w cookies:<br \/>\na) przegl\u0105darka Internet Explorer;<br \/>\nb) przegl\u0105darka Microsoft EDGE;<br \/>\nc) przegl\u0105darka Mozilla Firefox;<br \/>\nd) przegl\u0105darka Chrome i Chrome Mobile;<br \/>\ne) przegl\u0105darka Safari i Safari Mobile;<br \/>\nf) przegl\u0105darka Opera.<br \/>\n7. Uniwersytet Jagiello\u0144ski mo\u017ce gromadzi\u0107 adresy IP U\u017cytkownik\u00f3w. Adres IP to numer przydzielany komputerowi osoby odwiedzaj\u0105cej Stron\u0119 Internetow\u0105 przez dostawc\u0119 us\u0142ug internetowych. Numer IP umo\u017cliwia dost\u0119p do Internetu. W wi\u0119kszo\u015bci przypadk\u00f3w jest przypisywany komputerowi dynamicznie, tj. zmienia si\u0119 przy ka\u017cdym po\u0142\u0105czeniu z Internetem. Adres IP jest wykorzystywany przez Uniwersytet Jagiello\u0144ski przy diagnozowaniu problem\u00f3w technicznych z serwerem, tworzeniu analiz statystycznych (np. okre\u015bleniu, z jakich region\u00f3w notujemy najwi\u0119cej odwiedzin), jako informacja przydatna przy administrowaniu i udoskonalaniu Strony Internetowej, a tak\u017ce w celach bezpiecze\u0144stwa oraz ewentualnej identyfikacji obci\u0105\u017caj\u0105cych serwer, niepo\u017c\u0105danych automatycznych program\u00f3w do przegl\u0105dania tre\u015bci Strony Internetowej.<br \/>\n8. Stron\u0119 Internetow\u0105 zawiera linki i odno\u015bniki do innych stron internetowych. Uniwersytet Jagiello\u0144ski nie ponosi odpowiedzialno\u015bci za zasady ochrony prywatno\u015bci na nich obowi\u0105zuj\u0105ce.<\/p>\n<p>&nbsp;<\/p>\n<p><strong>\u00a7 4 Prawa os\u00f3b, kt\u00f3rych dane dotycz\u0105<\/strong><br \/>\n1. Prawo do cofni\u0119cia zgody &#8211; podstawa prawna: art. 7 ust. 3 RODO.<br \/>\na) U\u017cytkownik ma prawo do cofni\u0119cia ka\u017cdej zgody, jakiej udzieli\u0142 Uniwersytet Jagiello\u0144ski.<br \/>\nb) Cofni\u0119cie zgody ma skutek od momentu wycofania zgody.<br \/>\nc) Cofni\u0119cie zgody nie wp\u0142ywa na przetwarzanie dokonywane przez Uniwersytet Jagiello\u0144ski zgodnie z prawem przed jej cofni\u0119ciem.<br \/>\nd) Cofni\u0119cie zgody nie poci\u0105ga za sob\u0105 dla U\u017cytkownika \u017cadnych negatywnych konsekwencji, mo\u017ce jednak uniemo\u017cliwi\u0107 dalsze korzystanie z us\u0142ug lub funkcjonalno\u015bci, kt\u00f3re zgodnie z prawem Uniwersytet Jagiello\u0144ski mo\u017ce \u015bwiadczy\u0107 jedynie za zgod\u0105.<br \/>\n2. Prawo do sprzeciwu wobec przetwarzania danych &#8211; podstawa prawna: art. 21 RODO.<br \/>\na) U\u017cytkownik ma prawo w dowolnym momencie wnie\u015b\u0107 sprzeciw &#8211; z przyczyn zwi\u0105zanych z jego szczeg\u00f3ln\u0105 sytuacj\u0105 &#8211; wobec przetwarzania jego danych osobowych, w tym profilowania, je\u017celi Uniwersytet Jagiello\u0144ski przetwarza jego dane w oparciu o prawnie uzasadniony interes, np. marketing produkt\u00f3w i us\u0142ug Uniwersytet Jagiello\u0144ski, prowadzenie statystyki korzystania z poszczeg\u00f3lnych funkcjonalno\u015bci Strony Internetowej oraz u\u0142atwienie korzystania ze Strony Internetowej, a tak\u017ce badanie satysfakcji.<br \/>\nb) Rezygnacja w formie wiadomo\u015bci e-mail z otrzymywania komunikat\u00f3w marketingowych dotycz\u0105cych produkt\u00f3w lub us\u0142ug, b\u0119dzie oznacza\u0107 sprzeciw U\u017cytkownika na przetwarzanie jego danych osobowych, w tym profilowania w tych celach.<br \/>\nc) Je\u017celi sprzeciw U\u017cytkownika oka\u017ce si\u0119 zasadny i Uniwersytet Jagiello\u0144ski nie b\u0119dzie mia\u0142 innej podstawy prawnej do przetwarzania danych osobowych, dane osobowe U\u017cytkownika zostan\u0105 usuni\u0119te, wobec przetwarzania kt\u00f3rych, U\u017cytkownik wni\u00f3s\u0142 sprzeciw.<br \/>\n3. Prawo do usuni\u0119cia danych (\u201eprawo do bycia zapomnianym\u201d) &#8211; podstawa prawna: art. 17 RODO.<br \/>\na) U\u017cytkownik ma prawo do \u017c\u0105dania usuni\u0119cia wszystkich lub niekt\u00f3rych danych osobowych.<br \/>\nb) U\u017cytkownik ma prawo \u017c\u0105dania usuni\u0119cia danych osobowych, je\u017celi:<br \/>\na. dane osobowe nie s\u0105 ju\u017c niezb\u0119dne do cel\u00f3w, w kt\u00f3rych zosta\u0142y zebrane lub w kt\u00f3rych by\u0142y przetwarzane;<br \/>\nb. wycofa\u0142 okre\u015blon\u0105 zgod\u0119, w zakresie w jakim dane osobowe by\u0142y przetwarzane w oparciu o jego zgod\u0119;<br \/>\nc. wni\u00f3s\u0142 sprzeciw wobec wykorzystywania jego danych w celach marketingowych;<br \/>\nd. dane osobowe s\u0105 przetwarzane niezgodnie z prawem;<br \/>\ne. dane osobowe musz\u0105 zosta\u0107 usuni\u0119te w celu wywi\u0105zania si\u0119 z obowi\u0105zku prawnego przewidzianego w prawie Unii lub prawie Pa\u0144stwa cz\u0142onkowskiego, kt\u00f3remu Uniwersytet Jagiello\u0144ski podlega;<br \/>\nf. dane osobowe zosta\u0142y zebrane w zwi\u0105zku z oferowaniem us\u0142ug spo\u0142ecze\u0144stwa informacyjnego.<br \/>\nc) Pomimo \u017c\u0105dania usuni\u0119cia danych osobowych, w zwi\u0105zku z wniesieniem sprzeciwu lub wycofaniem zgody, Uniwersytet Jagiello\u0144ski mo\u017ce zachowa\u0107 pewne dane osobowe w zakresie, w jakim przetwarzanie jest niezb\u0119dne do ustalenia, dochodzenia lub obrony roszcze\u0144, jak r\u00f3wnie\u017c do wywi\u0105zania si\u0119 z prawnego obowi\u0105zku wymagaj\u0105cego przetwarzania na mocy prawa Unii lub prawa pa\u0144stwa cz\u0142onkowskiego, kt\u00f3remu podlega Uniwersytet Jagiello\u0144ski. Dotyczy to w szczeg\u00f3lno\u015bci danych osobowych obejmuj\u0105cych: imi\u0119, nazwisko, adres e-mail, kt\u00f3re to dane zachowywane s\u0105 dla cel\u00f3w rozpatrywania skarg oraz roszcze\u0144 zwi\u0105zanych z korzystaniem z us\u0142ug Uniwersytet Jagiello\u0144ski, czy te\u017c dodatkowo adresu zamieszkania\/adresu korespondencyjnego, numeru zam\u00f3wienia, kt\u00f3re to dane zachowywane s\u0105 dla cel\u00f3w rozpatrywania skarg oraz roszcze\u0144 zwi\u0105zanych z zawartymi umowami sprzeda\u017cy lub \u015bwiadczeniem us\u0142ug.<br \/>\n4. Prawo do ograniczenia przetwarzania danych &#8211; podstawa prawna: art. 18 RODO.<br \/>\na) U\u017cytkownik ma prawo do \u017c\u0105dania ograniczenia przetwarzania jego danych osobowych. Zg\u0142oszenie \u017c\u0105dania, do czasu jego rozpatrzenia uniemo\u017cliwia korzystanie z okre\u015blonych funkcjonalno\u015bci lub us\u0142ug, z kt\u00f3rych korzystanie b\u0119dzie si\u0119 wi\u0105za\u0142o z przetwarzaniem danych obj\u0119tych \u017c\u0105daniem. Uniwersytet Jagiello\u0144ski nie b\u0119dzie te\u017c wysy\u0142a\u0142 \u017cadnych komunikat\u00f3w, w tym marketingowych.<br \/>\nb) U\u017cytkownik ma prawo do \u017c\u0105dania ograniczenia wykorzystania danych osobowych w nast\u0119puj\u0105cych przypadkach:<br \/>\na. gdy kwestionuje prawid\u0142owo\u015b\u0107 swoich danych osobowych \u2013 w\u00f3wczas Uniwersytet Jagiello\u0144ski ogranicza ich wykorzystanie na czas potrzebny do sprawdzenia prawid\u0142owo\u015bci danych, nie d\u0142u\u017cej jednak ni\u017c na 7 dni;<br \/>\nb. gdy przetwarzanie danych jest niezgodne z prawem, a zamiast usuni\u0119cia danych U\u017cytkownik za\u017c\u0105da ograniczenia ich wykorzystania;<br \/>\nc. gdy dane osobowe przesta\u0142y by\u0107 niezb\u0119dne do cel\u00f3w, w kt\u00f3rych zosta\u0142y zebrane lub wykorzystywane ale s\u0105 one potrzebne U\u017cytkownikowi w celu ustalenia, dochodzenia lub obrony roszcze\u0144;<br \/>\nd. gdy wni\u00f3s\u0142 sprzeciw wobec wykorzystania jego danych \u2013 w\u00f3wczas ograniczenie nast\u0119puje na czas potrzebny do rozwa\u017cenia, czy \u2013 ze wzgl\u0119du na szczeg\u00f3ln\u0105 sytuacj\u0119 \u2013 ochrona interes\u00f3w, praw i wolno\u015bci U\u017cytkownika przewa\u017ca nad interesami, kt\u00f3re realizuje Administrator, przetwarzaj\u0105c dane osobowe U\u017cytkownika.<br \/>\n5. Prawo dost\u0119pu do danych &#8211; podstawa prawna: art. 15 RODO.<br \/>\na) U\u017cytkownik ma prawo uzyska\u0107 od Administratora potwierdzenie, czy przetwarza dane osobowe, a je\u017celi ma to miejsce, U\u017cytkownik ma prawo:<br \/>\na. uzyska\u0107 dost\u0119p do swoich danych osobowych;<br \/>\nb. uzyska\u0107 informacje o celach przetwarzania, kategoriach przetwarzanych danych osobowych, o odbiorcach lub kategoriach odbiorc\u00f3w tych danych, planowanym okresie przechowywania danych U\u017cytkownika albo o kryteriach ustalania tego okresu (gdy okre\u015blenie planowanego okresu przetwarzania danych nie jest mo\u017cliwe), o prawach przys\u0142uguj\u0105cych U\u017cytkownikowi na mocy RODO oraz o prawie wniesienia skargi do organu nadzorczego, o \u017ar\u00f3dle tych danych, o zautomatyzowanym podejmowaniu decyzji, w tym o profilowaniu oraz o zabezpieczeniach stosowanych w zwi\u0105zku z przekazaniem tych danych poza Uni\u0119 Europejsk\u0105;<br \/>\nc. uzyska\u0107 kopi\u0119 swoich danych osobowych.<br \/>\n6. Prawo do sprostowania danych &#8211; podstawa prawna: art. 16 RODO.<br \/>\na) U\u017cytkownik ma prawo do \u017c\u0105dania od Administratora niezw\u0142ocznego sprostowania dotycz\u0105cych jego danych osobowych, kt\u00f3re s\u0105 nieprawid\u0142owe. Z uwzgl\u0119dnieniem cel\u00f3w przetwarzania, U\u017cytkownik, kt\u00f3rego dane dotycz\u0105 ma prawo \u017c\u0105dania uzupe\u0142nienia niekompletnych danych osobowych, w tym przez przedstawienie dodatkowego o\u015bwiadczenia, kieruj\u0105c pro\u015bb\u0119 na adres poczty elektronicznej zgodnie z \u00a75 Polityki Prywatno\u015bci.<br \/>\n7. Prawo do przenoszenia danych &#8211; podstawa prawna: art. 20 RODO.<br \/>\na) U\u017cytkownik ma prawo otrzyma\u0107 swoje dane osobowe, kt\u00f3re dostarczy\u0142 Administratorowi, a nast\u0119pnie przes\u0142a\u0107 je do innego, wybranego przez siebie, administratora danych osobowych. U\u017cytkownik ma r\u00f3wnie\u017c prawo \u017c\u0105da\u0107, by dane osobowe zosta\u0142y przes\u0142ane przez Administratora bezpo\u015brednio takiemu administratorowi, o ile jest to technicznie mo\u017cliwe. W takim przypadku Administrator prze\u015ble dane osobowe U\u017cytkownika w postaci pliku w formacie csv, kt\u00f3ry jest formatem powszechnie u\u017cywanym, nadaj\u0105cym si\u0119 do odczytu maszynowego i pozwalaj\u0105cym na przes\u0142anie otrzymanych danych do innego administratora danych osobowych.<br \/>\n8. W sytuacji wyst\u0105pienia przez U\u017cytkownika z uprawnieniem wynikaj\u0105cym z powy\u017cszych praw, Uniwersytet Jagiello\u0144ski spe\u0142nia \u017c\u0105danie albo odmawia jego spe\u0142nienia niezw\u0142ocznie, nie p\u00f3\u017aniej jednak ni\u017c w ci\u0105gu miesi\u0105ca po jego otrzymaniu. Je\u017celi jednak &#8211; z uwagi na skomplikowany charakter \u017c\u0105dania lub liczb\u0119 \u017c\u0105da\u0144 \u2013 Uniwersytet Jagiello\u0144ski nie b\u0119dzie m\u00f3g\u0142 spe\u0142ni\u0107 \u017c\u0105dania w ci\u0105gu miesi\u0105ca, spe\u0142ni je w ci\u0105gu kolejnych dw\u00f3ch miesi\u0119cy informuj\u0105c U\u017cytkownika uprzednio w terminie miesi\u0105ca od otrzymania \u017c\u0105dania &#8211; o zamierzonym przed\u0142u\u017ceniu terminu oraz jego przyczynach.<br \/>\n9. U\u017cytkownik mo\u017ce zg\u0142asza\u0107 do Administratora skargi, zapytania i wnioski dotycz\u0105ce przetwarzania jego danych osobowych oraz realizacji przys\u0142uguj\u0105cych mu uprawnie\u0144.<br \/>\n10. U\u017cytkownik ma prawo \u017c\u0105da\u0107 od Uniwersytet Jagiello\u0144ski przekazania kopii standardowych klauzul umownych kieruj\u0105c zapytanie w spos\u00f3b wskazany w \u00a75 Polityki Prywatno\u015bci.<br \/>\n11. U\u017cytkownikowi przys\u0142uguje prawo do wniesienia skargi do Prezesa Urz\u0119du Ochrony Danych Osobowych, w zakresie naruszenia jego praw do ochrony danych osobowych lub innych praw przyznanych na mocy RODO.<\/p>\n<p>&nbsp;<\/p>\n<p><strong>\u00a7 5 Zmiany Polityki Prywatno\u015bci<\/strong><br \/>\n1. Polityka Prywatno\u015bci mo\u017ce ulec zmianie, o czym Uniwersytet Jagiello\u0144ski poinformuje U\u017cytkownik\u00f3w z wyprzedzeniem 7 dni.<br \/>\n2. Pytania zwi\u0105zane z Polityk\u0105 Prywatno\u015bci prosimy kierowa\u0107 na adres: sekretariat.dp@uj.edu.pl<\/p>\n<p>&nbsp;<\/p>\n<p>&nbsp;<\/p>","protected":false},"excerpt":{"rendered":"<p>&nbsp; Polityka prywatno\u015bci &nbsp; 1. Niniejsza Polityka Prywatno\u015bci okre\u015bla zasady przetwarzania danych osobowych pozyskanych za po\u015brednictwem strony internetowej ujinn.pl (zwanej dalej: \u201eStron\u0105 Internetow\u0105\u201d). 2. W\u0142a\u015bcicielem Strony Internetowej i jednocze\u015bnie administratorem danych jest UNIWERSYTET JAGIELLO\u0143SKI z siedzib\u0105 w Krakowie (31-007), ul. Go\u0142\u0119bia 24, posiadaj\u0105cy numer NIP: 6750002236, REGON: 000001270, zwany dalej Uniwersytet Jagiello\u0144ski. 3. Dane osobowe [&hellip;]<\/p>","protected":false},"author":1,"featured_media":0,"parent":0,"menu_order":0,"comment_status":"closed","ping_status":"open","template":"","meta":{"footnotes":""},"class_list":["post-3","page","type-page","status-publish","hentry"],"_links":{"self":[{"href":"https:\/\/ujinn.pl\/en\/wp-json\/wp\/v2\/pages\/3","targetHints":{"allow":["GET"]}}],"collection":[{"href":"https:\/\/ujinn.pl\/en\/wp-json\/wp\/v2\/pages"}],"about":[{"href":"https:\/\/ujinn.pl\/en\/wp-json\/wp\/v2\/types\/page"}],"author":[{"embeddable":true,"href":"https:\/\/ujinn.pl\/en\/wp-json\/wp\/v2\/users\/1"}],"replies":[{"embeddable":true,"href":"https:\/\/ujinn.pl\/en\/wp-json\/wp\/v2\/comments?post=3"}],"version-history":[{"count":6,"href":"https:\/\/ujinn.pl\/en\/wp-json\/wp\/v2\/pages\/3\/revisions"}],"predecessor-version":[{"id":4085,"href":"https:\/\/ujinn.pl\/en\/wp-json\/wp\/v2\/pages\/3\/revisions\/4085"}],"wp:attachment":[{"href":"https:\/\/ujinn.pl\/en\/wp-json\/wp\/v2\/media?parent=3"}],"curies":[{"name":"wp","href":"https:\/\/api.w.org\/{rel}","templated":true}]}}