{"id":4029,"date":"2024-04-22T13:13:33","date_gmt":"2024-04-22T11:13:33","guid":{"rendered":"https:\/\/ujinn.pl\/?page_id=4029"},"modified":"2025-12-31T08:35:05","modified_gmt":"2025-12-31T07:35:05","slug":"deklaracja-dostepnosci","status":"publish","type":"page","link":"https:\/\/ujinn.pl\/en\/deklaracja-dostepnosci\/","title":{"rendered":"Deklaracja dost\u0119pno\u015bci"},"content":{"rendered":"<section class=\"wpb-content-wrapper\"><div class=\"vc_row wpb_row vc_row-fluid\"><div class=\"wpb_column vc_column_container vc_col-sm-12\"><div class=\"vc_column-inner\"><div class=\"wpb_wrapper\"><div style=\"background-color:;height: 20px\" class=\"nicdark_section\"><\/div>\n\t<div class=\"wpb_text_column wpb_content_element\" >\n\t\t<div class=\"wpb_wrapper\">\n\t\t\t<h1 id=\"a11y-deklaracja\">Deklaracja dost\u0119pno\u015bci strony ujinn.pl<\/h1>\n\n\t\t<\/div>\n\t<\/div>\n<div style=\"background-color:;height: 20px\" class=\"nicdark_section\"><\/div>\n\t<div class=\"wpb_text_column wpb_content_element\" >\n\t\t<div class=\"wpb_wrapper\">\n\t\t\t<p><strong>Wst\u0119p<\/strong><\/p>\n\n\t\t<\/div>\n\t<\/div>\n\n\t<div class=\"wpb_text_column wpb_content_element\" >\n\t\t<div class=\"wpb_wrapper\">\n\t\t\t<p>Uniwersytet Jagiello\u0144ski w Krakowie zobowi\u0105zuje si\u0119 zapewni\u0107 dost\u0119pno\u015b\u0107 swojej strony internetowej zgodnie z ustaw\u0105 z dnia 4 kwietnia 2019 r. o dost\u0119pno\u015bci cyfrowej stron internetowych i aplikacji mobilnych podmiot\u00f3w publicznych.<br \/>\nDeklaracja dost\u0119pno\u015bci dotyczy strony ujinn.pl (nazwa strony: UJINN, liczba podstron: 56).<\/p>\n\n\t\t<\/div>\n\t<\/div>\n<div style=\"background-color:;height: 20px\" class=\"nicdark_section\"><\/div>\n\t<div class=\"wpb_text_column wpb_content_element\" >\n\t\t<div class=\"wpb_wrapper\">\n\t\t\t<p><strong>Data publikacji i aktualizacji strony<\/strong><\/p>\n\n\t\t<\/div>\n\t<\/div>\n\n\t<div class=\"wpb_text_column wpb_content_element\" >\n\t\t<div class=\"wpb_wrapper\">\n\t\t\t<p>Data publikacji strony internetowej: 22 kwietnia 2024 roku . Data ostatniej istotnej aktualizacji: 30 grudnia 2025 roku.<\/p>\n\n\t\t<\/div>\n\t<\/div>\n<div style=\"background-color:;height: 20px\" class=\"nicdark_section\"><\/div>\n\t<div class=\"wpb_text_column wpb_content_element\" >\n\t\t<div class=\"wpb_wrapper\">\n\t\t\t<p><strong>Stan dost\u0119pno\u015bci cyfrowej<\/strong><\/p>\n\n\t\t<\/div>\n\t<\/div>\n\n\t<div class=\"wpb_text_column wpb_content_element\" >\n\t\t<div class=\"wpb_wrapper\">\n\t\t\t<p>Ta strona internetowa jest\u00a0cz\u0119\u015bciowo zgodna\u00a0z za\u0142\u0105cznikiem do ustawy z dnia 4 kwietnia 2019 r. o dost\u0119pno\u015bci cyfrowej stron internetowych i aplikacji mobilnych podmiot\u00f3w publicznych z powodu niezgodno\u015bci i wy\u0142\u0105cze\u0144 wymienionych poni\u017cej.<\/p>\n\n\t\t<\/div>\n\t<\/div>\n<div style=\"background-color:;height: 20px\" class=\"nicdark_section\"><\/div>\n\t<div class=\"wpb_text_column wpb_content_element\" >\n\t\t<div class=\"wpb_wrapper\">\n\t\t\t<p><strong>Niedost\u0119pne tre\u015bci<\/strong><\/p>\n\n\t\t<\/div>\n\t<\/div>\n\n\t<div class=\"wpb_text_column wpb_content_element\" >\n\t\t<div class=\"wpb_wrapper\">\n\t\t\t<p><strong>Niezgodno\u015b\u0107 z za\u0142\u0105cznikiem<\/strong><\/p>\n<ul>\n<li>Graficzne linki nie informuj\u0105 jasno o celu.<\/li>\n<li>Nie posiadaj\u0105 atrybut\u00f3w alt lub maj\u0105 nieprawid\u0142owe opisy alternatywne.<\/li>\n<li>Strona mo\u017ce zawiera\u0107 pliki graficzne z nieprawid\u0142owymi opisami alternatywnymi.<\/li>\n<li>Niekt\u00f3re podstrony mog\u0105 posiada\u0107 nag\u0142\u00f3wki z nieprawid\u0142ow\u0105 hierarchi\u0105.<\/li>\n<li>Niekt\u00f3re podstrony mog\u0105 posiada\u0107 puste nag\u0142\u00f3wki.<\/li>\n<li>Na stronie mog\u0105 wyst\u0119powa\u0107 nag\u0142\u00f3wki nie okre\u015blone programowo.<\/li>\n<li>Niekt\u00f3re listy element\u00f3w w tek\u015bcie mog\u0105 nie by\u0107 zgrupowane przy pomocy odpowiednich oznacze\u0144 systemowych.<\/li>\n<li>Niekt\u00f3re elementy strony nie spe\u0142niaj\u0105 minimalnych wymog\u00f3w dla kontrastu.<\/li>\n<li>Strona nie posiada skiplink\u00f3w.<\/li>\n<li>Struktura strony mo\u017ce utrudnia\u0107 pomini\u0119cie blok\u00f3w.<\/li>\n<li>Strona mo\u017ce posiada\u0107 linki nieczytelne w kontek\u015bcie lub nie posiadaj\u0105ce kontekstu okre\u015blonego programowo.<\/li>\n<li>Na stronie mog\u0105 wyst\u0119powa\u0107 elementy ze s\u0142abo widocznym fokusem klawiatury.<\/li>\n<li>Strona posiada tre\u015b\u0107 w j\u0119zyku innym ni\u017c okre\u015blony dla strony, kt\u00f3ry nie jest programowo oznaczony.<\/li>\n<li>Strona mo\u017ce nie posiada\u0107 odpowiednich komunikat\u00f3w ostrzegaj\u0105cych o otwarciu nowej karty lub okna przegl\u0105darki.<\/li>\n<li>Na stronie mog\u0105 wyst\u0119powa\u0107 b\u0142\u0119dy parsowania.<\/li>\n<\/ul>\n\n\t\t<\/div>\n\t<\/div>\n<div style=\"background-color:;height: 20px\" class=\"nicdark_section\"><\/div>\n\t<div class=\"wpb_text_column wpb_content_element\" >\n\t\t<div class=\"wpb_wrapper\">\n\t\t\t<p><strong>Przygotowanie deklaracji dost\u0119pno\u015bci i jej aktualizacja<\/strong><\/p>\n\n\t\t<\/div>\n\t<\/div>\n\n\t<div class=\"wpb_text_column wpb_content_element\" >\n\t\t<div class=\"wpb_wrapper\">\n\t\t\t<p>O\u015bwiadczenie sporz\u0105dzone przez\u00a0Estera Podobi\u0144ska.<\/p>\n<ul>\n<li>Data sporz\u0105dzenia Deklaracji:\u00a022 marca 2024 roku<\/li>\n<li>Data ostatniego przegl\u0105du Deklaracji:\u00a030 grudnia 2025 roku<\/li>\n<\/ul>\n<p>Deklaracj\u0119 sporz\u0105dzono na podstawie\u00a0samooceny\u00a0przeprowadzonej przez podmiot publiczny.<\/p>\n\n\t\t<\/div>\n\t<\/div>\n<div style=\"background-color:;height: 20px\" class=\"nicdark_section\"><\/div>\n\t<div class=\"wpb_text_column wpb_content_element\" >\n\t\t<div class=\"wpb_wrapper\">\n\t\t\t<p><strong>Skr\u00f3ty klawiszowe<\/strong><\/p>\n\n\t\t<\/div>\n\t<\/div>\n\n\t<div class=\"wpb_text_column wpb_content_element\" >\n\t\t<div class=\"wpb_wrapper\">\n\t\t\t<p>Do w\u0142a\u015bciwej tre\u015bci na stronie (skiplink) mo\u017cna si\u0119 przenie\u015b\u0107 za pomoc\u0105 klawisza &#8222;TAB&#8221;. Do deklaracji dost\u0119pno\u015bci mo\u017cna przenie\u015b\u0107 si\u0119 u\u017cywaj\u0105c w witrynie klawiszy &#8222;LEWY ALT+ACCESSKEY+0&#8221; (Chrome,Safari,Opera, IE, Edge) lub &#8222;LEWY ALT+SHIFT+ACCESSKEY+0&#8221; (Firefox)<\/p>\n\n\t\t<\/div>\n\t<\/div>\n<div style=\"background-color:;height: 20px\" class=\"nicdark_section\"><\/div>\n\t<div class=\"wpb_text_column wpb_content_element\" >\n\t\t<div class=\"wpb_wrapper\">\n\t\t\t<p><strong>Informacje zwrotne i dane kontaktowe<\/strong><\/p>\n\n\t\t<\/div>\n\t<\/div>\n\n\t<div class=\"wpb_text_column wpb_content_element\" >\n\t\t<div class=\"wpb_wrapper\">\n\t\t\t<p>Wszystkie problemy z dost\u0119pno\u015bci\u0105 cyfrow\u0105 tej strony internetowej mo\u017cesz zg\u0142osi\u0107 do Estera Podobi\u0144ska \u2014 mejlowo\u00a0<a href=\"mailto:estera.podobinska@uj.edu.pl\">estera.podobinska@uj.edu.pl\u00a0<\/a>lub telefonicznie\u00a0<a href=\"tel:(12)%20663%2023%2016\">(12) 663 23 16\u00a0<\/a>.<\/p>\n<p>Ka\u017cdy ma prawo wyst\u0105pi\u0107 z \u017c\u0105daniem zapewnienia dost\u0119pno\u015bci cyfrowej tej strony internetowej lub jej element\u00f3w.<\/p>\n<p>\u017b\u0105danie zapewnienia dost\u0119pno\u015bci mo\u017cesz z\u0142o\u017cy\u0107 listownie do Koordynatora Dost\u0119pno\u015bci UJ na adres:<\/p>\n<p>Koordynator Dost\u0119pno\u015bci UJ<\/p>\n<p>Adres: ul. Czapskich 4, pok\u00f3j 202, 31-110 Krak\u00f3w<\/p>\n<p>lub poprzez odpowiedni formularz dost\u0119pny na stronie:\u00a0<a href=\"https:\/\/dostepnosc.uj.edu.pl\/zgloszenia\">https:\/\/dostepnosc.uj.edu.pl\/zgloszenia<\/a>.<\/p>\n<p>Zg\u0142aszaj\u0105c takie \u017c\u0105danie podaj:<\/p>\n<ul>\n<li>swoje imi\u0119 i nazwisko,<\/li>\n<li>swoje dane kontaktowe (np. numer telefonu, e-mail),<\/li>\n<li>dok\u0142adny adres strony internetowej, na kt\u00f3rej jest niedost\u0119pny cyfrowo element lub tre\u015b\u0107,<\/li>\n<li>opis na czym polega problem i jaki spos\u00f3b jego rozwi\u0105zania by\u0142by dla Ciebie najwygodniejszy.<\/li>\n<\/ul>\n<p>Na Twoje \u017c\u0105danie odpowiemy najszybciej jak to mo\u017cliwe, nie p\u00f3\u017aniej ni\u017c w ci\u0105gu 7 dni od jego otrzymania.<\/p>\n<p>Je\u017celi ten termin b\u0119dzie dla nas zbyt kr\u00f3tki poinformujemy Ci\u0119 o tym. W tej informacji podamy nowy termin, do kt\u00f3rego poprawimy zg\u0142oszone przez Ciebie b\u0142\u0119dy lub przygotujemy informacje w alternatywny spos\u00f3b. Ten nowy termin nie b\u0119dzie d\u0142u\u017cszy ni\u017c 2 miesi\u0105ce.<\/p>\n<p>Je\u017celi nie b\u0119dziemy w stanie zapewni\u0107 dost\u0119pno\u015bci cyfrowej strony internetowej lub tre\u015bci, wskazanej w Twoim \u017c\u0105daniu, zaproponujemy Ci dost\u0119p do nich w alternatywny spos\u00f3b.<\/p>\n\n\t\t<\/div>\n\t<\/div>\n<div style=\"background-color:;height: 20px\" class=\"nicdark_section\"><\/div>\n\t<div class=\"wpb_text_column wpb_content_element\" >\n\t\t<div class=\"wpb_wrapper\">\n\t\t\t<p><strong>Obs\u0142uga wniosk\u00f3w i skarg zwi\u0105zanych z dost\u0119pno\u015bci\u0105<\/strong><\/p>\n\n\t\t<\/div>\n\t<\/div>\n\n\t<div class=\"wpb_text_column wpb_content_element\" >\n\t\t<div class=\"wpb_wrapper\">\n\t\t\t<p>Je\u017celi w odpowiedzi na Twoje \u017c\u0105danie o zapewnienie dost\u0119pno\u015bci cyfrowej, odm\u00f3wimy zapewnienia \u017c\u0105danej przez Ciebie dost\u0119pno\u015bci cyfrowej, a Ty nie zgadzasz si\u0119 z t\u0105 odmow\u0105, masz prawo z\u0142o\u017cy\u0107 skarg\u0119.<\/p>\n<p>Skarg\u0119 masz prawo z\u0142o\u017cy\u0107 tak\u017ce, je\u015bli nie zgadzasz si\u0119 na skorzystanie z alternatywnego sposobu dost\u0119pu, kt\u00f3ry zaproponowali\u015bmy Ci w odpowiedzi na Twoje \u017c\u0105danie o zapewnienie dost\u0119pno\u015bci cyfrowej.<\/p>\n<p>Ewentualn\u0105 skarg\u0119 z\u0142\u00f3\u017c listownie do Koordynatora Dost\u0119pno\u015bci UJ na adres:<\/p>\n<p>Koordynator Dost\u0119pno\u015bci UJ<\/p>\n<p>Adres: ul. Czapskich 4, pok\u00f3j 202, 31-110 Krak\u00f3w<\/p>\n<p>lub poprzez odpowiedni formularz dost\u0119pny na stronie:\u00a0<a href=\"https:\/\/dostepnosc.uj.edu.pl\/zgloszenia\">https:\/\/dostepnosc.uj.edu.pl\/zgloszenia<\/a>.<\/p>\n<p>Pomocne mog\u0105 by\u0107 informacje, kt\u00f3re mo\u017cna znale\u017a\u0107 na rz\u0105dowym portalu\u00a0<a href=\"https:\/\/www.gov.pl\/web\/gov\/zloz-wniosek-o-zapewnienie-dostepnosci-cyfrowej-strony-internetowej-lub-aplikacji-mobilnej\">gov.pl<\/a>.<\/p>\n<p>Mo\u017cesz tak\u017ce poinformowa\u0107 o tej sytuacji\u00a0<a href=\"https:\/\/bip.brpo.gov.pl\/\">Rzecznika Praw Obywatelskich<\/a>\u00a0i poprosi\u0107 o interwencj\u0119 w Twojej sprawie.<\/p>\n\n\t\t<\/div>\n\t<\/div>\n<div style=\"background-color:;height: 20px\" class=\"nicdark_section\"><\/div>\n\t<div class=\"wpb_text_column wpb_content_element\" >\n\t\t<div class=\"wpb_wrapper\">\n\t\t\t<p><strong>Pozosta\u0142e informacje<\/strong><\/p>\n\n\t\t<\/div>\n\t<\/div>\n\n\t<div class=\"wpb_text_column wpb_content_element\" >\n\t\t<div class=\"wpb_wrapper\">\n\t\t\t<p><strong>Aplikacje mobilne<\/strong><\/p>\n<p>Brak aplikacji.<\/p>\n\n\t\t<\/div>\n\t<\/div>\n<div style=\"background-color:;height: 20px\" class=\"nicdark_section\"><\/div>\n\t<div class=\"wpb_text_column wpb_content_element\" >\n\t\t<div class=\"wpb_wrapper\">\n\t\t\t<p><b>Dost\u0119pno\u015b\u0107 architektoniczna<\/b><\/p>\n\n\t\t<\/div>\n\t<\/div>\n\n\t<div class=\"wpb_text_column wpb_content_element\" >\n\t\t<div class=\"wpb_wrapper\">\n\t\t\t<p>Dost\u0119pno\u015b\u0107 architektoniczna obiekt\u00f3w:<\/p>\n<p><strong>Dw\u00f3r w Modlnicy:<\/strong><\/p>\n<ol>\n<li>Budynek dworu ma trzy wej\u015bcia. Wej\u015bcie g\u0142\u00f3wne od frontu dworu jest na wy\u017cszym poziomie i wymaga pokonania schod\u00f3w. Wej\u015bcie boczne od frontu dworu jest na wy\u017cszym poziomie i wymaga pokonania schod\u00f3w. Wej\u015bcie od ty\u0142u dworu jest na poziomie ziemi, jednak prowadzi przez nier\u00f3wny trawnik, kt\u00f3ry nale\u017cy pokona\u0107, aby dosta\u0107 si\u0119 do wej\u015bcia od ty\u0142u dworu.<\/li>\n<li>Brak komunikacji pionowej budynku dworu.<\/li>\n<li>Pomieszczenia dworu umo\u017cliwiaj\u0105 swobodne poruszanie si\u0119.<\/li>\n<li>W budynku dworu znajduj\u0105 si\u0119 4 toalety: 2 toalety (damsko-m\u0119skie) po\u015br\u00f3d pomieszcze\u0144 dworskich, w tym 1 z nich dostosowana dla os\u00f3b z niepe\u0142nosprawno\u015bciami. 2 toalety w piwnicy dworu (osobno damska, osobno m\u0119ska), wymagaj\u0105ce pokonanie schod\u00f3w, nie dostosowane dla os\u00f3b z niepe\u0142nosprawno\u015bciami.<\/li>\n<li>We dworze znajduje si\u0119 biuro kierownika, w kt\u00f3rym mo\u017cna uzyska\u0107 informacj\u0119 i pomoc, jak r\u00f3wnie\u017c we dworze znajduje si\u0119 portiernia (wej\u015bcie przez kuchni\u0119), gdzie jest portier i obs\u0142uga dworu, u kt\u00f3rej mo\u017cna uzyska\u0107 informacj\u0119 i pomoc.<\/li>\n<li>Budynek dworu nie posiada utwardzonego parkingu. Na terenie dworu samochody s\u0105 parkowane w odpowiednim miejscu na trawniku. Istnieje mo\u017cliwo\u015b\u0107 podjechania utwardzon\u0105 drog\u0105 pod drzwi g\u0142\u00f3wne i boczne od strony frontu.<\/li>\n<li>Na terenie dworu znajduje si\u0119 budynek z 4 pokojami sypialnymi z \u0142azienkami. Do budynku sypialnego mo\u017cna dosta\u0107 si\u0119 za pomoc\u0105 schod\u00f3w lub kamienistego podjazdu. Pokoje oraz \u0142azienki nie s\u0105 dostosowane dla os\u00f3b z niepe\u0142nosprawno\u015bciami.<\/li>\n<li>Obiekt jest dost\u0119pny dla osoby korzystaj\u0105cej z psa asystuj\u0105cego.<\/li>\n<\/ol>\n<p><strong>Dom Go\u015bcinny Floria\u0144ska:<\/strong><\/p>\n<ol>\n<li>Budynek g\u0142\u00f3wny ma 1 wej\u015bcie dostosowane dla os\u00f3b poruszaj\u0105cych si\u0119 na w\u00f3zkach inwalidzkich, przy kt\u00f3rym znajduje si\u0119 przycisk przywo\u0142ania portiera (domofon). Budynek oficyny nie jest przystosowany dla os\u00f3b poruszaj\u0105cych si\u0119 na w\u00f3zkach.<\/li>\n<li>Komunikacja pionowa w budynku \u2013 winda. Korytarze i hol umo\u017cliwiaj\u0105 swobodne poruszanie si\u0119 (wyj\u0105tki: pojedyncze stopnie na poziomie I, II i III p.) W budynku g\u0142\u00f3wnym na I pi\u0119trze znajduje si\u0119 jeden pok\u00f3j z \u0142azienk\u0105 ca\u0142kowicie przystosowan\u0105 dla os\u00f3b z niepe\u0142nosprawno\u015bciami (wyposa\u017cona w system przywo\u0142ywania pomocy). Og\u00f3lnodost\u0119pna toaleta dla os\u00f3b z niepe\u0142nosprawno\u015bciami zlokalizowana jest na parterze, w cz\u0119\u015bci sklepu UJ.<\/li>\n<li>Recepcja Domu Go\u015bcinnego UJ zlokalizowana jest na parterze. Pomoc i informacj\u0119 mo\u017cna uzyska\u0107 przez ca\u0142\u0105 dob\u0119.<\/li>\n<li>Budynek nie ma w\u0142asnego parkingu.<\/li>\n<li>Obiekt dost\u0119pny jest dla osoby korzystaj\u0105cej z psa asystuj\u0105cego.<\/li>\n<\/ol>\n<p><strong>Dom Profesorski im. S. Pigonia:<\/strong><\/p>\n<ol>\n<li>Wej\u015bcie na teren posesji odbywa si\u0119 od strony ulicy Garbarskiej, przez bram\u0119 automatyczn\u0105 wyposa\u017con\u0105 w domofon. Brama obs\u0142ugiwana jest ca\u0142odobowo przez pracownik\u00f3w recepcji.<\/li>\n<li>Budynek posiada 2 wej\u015bcia: do jednego, znajduj\u0105cego si\u0119 od strony wschodniej z zewn\u0105trz prowadzi p\u0142aski chodnik (klasyczne p\u0142yty chodnikowe), a wewn\u0105trz, na poziom -1 prowadzi 5 schod\u00f3w pozbawionych pochylni. Do drugiego wej\u015bcia, od strony po\u0142udniowej, z zewn\u0105trz prowadzi p\u0142aska droga (p\u0142yty betonowe). Przed drzwiami wej\u015bciowymi znajduje si\u0119 jeden stopie\u0144, za\u015b w \u015brodku 13 schod\u00f3w pozbawionych pochylni. Drzwi wewn\u0119trzne do holu otwieraj\u0105 si\u0119 automatycznie (na zewn\u0105trz).<\/li>\n<li>Komunikacja pionowa w budynku to 2 klatki schodowe oraz winda. Korytarze i hol s\u0105 szerokie, umo\u017cliwiaj\u0105 swobodne poruszanie si\u0119. W budynku brak toalety dla os\u00f3b z niepe\u0142nosprawno\u015bciami.<\/li>\n<li>W holu g\u0142\u00f3wnym znajduje si\u0119 portiernia, w kt\u00f3rej mo\u017cna uzyska\u0107 pomoc i informacj\u0119.<\/li>\n<li>Budynek posiada parking wewn\u0119trzny niestrze\u017cony.<\/li>\n<li>Obiekt jest dost\u0119pny dla osoby korzystaj\u0105cej z pomocy psa asystuj\u0105cego. Planowany fakt pobytu z psem asystuj\u0105cym oraz jego potrzeby uprzejmie prosimy zg\u0142asza\u0107 w recepcji Bursy podczas dokonywania rezerwacji \u2013 u\u0142atwi to pracownikom zapewnienie zwierz\u0119ciu optymalnej przestrzeni oraz niezb\u0119dnego wyposa\u017cenia.<\/li>\n<\/ol>\n<p><strong>Stoisko Promocyjne w Muzeum UJ Collegium Maius \u2013 dziedziniec (parter)<\/strong><\/p>\n<ol>\n<li>Siedziba Muzeum Uniwersytetu Jagiello\u0144skiego, Collegium Maius, jest obiektem zabytkowym o utrudnionej lub ograniczonej mo\u017cliwo\u015bci przeprowadzania adaptacji architektonicznych celem przystosowania jej do potrzeb os\u00f3b niepe\u0142nosprawnych.<\/li>\n<li>Mo\u017cliwo\u015b\u0107 wjazdu na w\u00f3zku.<\/li>\n<li>Mo\u017cliwo\u015b\u0107 wej\u015bcia z psem przewodnikiem.<\/li>\n<li>\u0141atwo dost\u0119pna toaleta przeznaczona dla os\u00f3b z niepe\u0142nosprawno\u015bci\u0105 ruchow\u0105.<\/li>\n<li>\u0141atwo dost\u0119pna winda osobowa prowadz\u0105ca na wy\u017csze kondygnacje budynku.<\/li>\n<li>Obecno\u015b\u0107 tzw. podjazd\u00f3w umo\u017cliwiaj\u0105cych wjazd w\u00f3zkiem inwalidzkim na progi, schodki itd..<\/li>\n<\/ol>\n<p><strong>Stoisko Promocyjne Online ul. Micha\u0142owskiego 9<\/strong><\/p>\n<ol>\n<li>Budynek ma 2 wej\u015bcia, w tym jedno od strony dziedzi\u0144ca przystosowane jest dla os\u00f3b poruszaj\u0105cych si\u0119 na w\u00f3zkach inwalidzkich.<\/li>\n<li>Jest mo\u017cliwo\u015b\u0107 wjazdu do budynku na w\u00f3zku inwalidzkim \u2013 do windy, a nast\u0119pnie na wybrane pi\u0119tro.<\/li>\n<li>Budynek posiada drzwi szklane oznaczone kontrastow\u0105 ta\u015bm\u0105.<\/li>\n<li>Wszystkie schody w budynku s\u0105 wyposa\u017cone w por\u0119cze.<\/li>\n<li>Stopnie schod\u00f3w w budynku nie s\u0105 oznaczone kontrastowymi pasami.<\/li>\n<li>W budynku jest winda.<\/li>\n<li>W budynku nie ma toalet dla os\u00f3b z niepe\u0142nosprawno\u015bciami.<\/li>\n<li>Budynek nie posiada w\u0142asnego parkingu. Mo\u017cliwo\u015b\u0107 skorzystania z miejsc postojowych w strefie p\u0142atnego parkowania.<\/li>\n<li>Budynek nie zosta\u0142 wyposa\u017cony w tyflomapy.<\/li>\n<li>Budynek nie zosta\u0142 wyposa\u017cony w tabliczki z wypuk\u0142ymi cyframi i alfabetem Braille\u2019a.<\/li>\n<li>W budynku nie zastosowano d\u017awi\u0119kowego systemu nawigacyjnego.<\/li>\n<li>Obiekt jest dost\u0119pny dla osoby korzystaj\u0105cej z psa asystuj\u0105cego.<\/li>\n<\/ol>\n\n\t\t<\/div>\n\t<\/div>\n<div style=\"background-color:;height: 20px\" class=\"nicdark_section\"><\/div>\n\t<div class=\"wpb_text_column wpb_content_element\" >\n\t\t<div class=\"wpb_wrapper\">\n\t\t\t<p><b>Dost\u0119pno\u015b\u0107 komunikacyjno-informacyjna<\/b><\/p>\n\n\t\t<\/div>\n\t<\/div>\n\n\t<div class=\"wpb_text_column wpb_content_element\" >\n\t\t<div class=\"wpb_wrapper\">\n\t\t\t<p>W UJ mo\u017cna skorzysta\u0107 z t\u0142umacza polskiego j\u0119zyka migowego. Us\u0142uga jest dost\u0119pna w godzinach 7:30-15:30. W celu zapewnienia lepszego komfortu t\u0142umaczenia, nale\u017cy zg\u0142osi\u0107 do Centrum Dost\u0119pno\u015bci UJ zapotrzebowanie na skorzystanie z us\u0142ug t\u0142umacza z wyprzedzeniem. Skorzystanie z us\u0142ugi jest bezp\u0142atne.<\/p>\n<p>W Centrum Dost\u0119pno\u015bci UJ mo\u017cna skorzysta\u0107 z us\u0142ugi t\u0142umacza polskiego j\u0119zyka migowego online (T\u0142umacz Migam). Aby po\u0142\u0105czy\u0107 si\u0119 z T\u0142umaczem Migam nale\u017cy klikn\u0105\u0107 w ikon\u0119 j\u0119zyka migowego: https:\/\/cd.uj.edu.pl\/kontakt\/sposoby-kontaktu.<\/p>\n\n\t\t<\/div>\n\t<\/div>\n<div style=\"background-color:;height: 20px\" class=\"nicdark_section\"><\/div><\/div><\/div><\/div><\/div>\n<\/section>","protected":false},"excerpt":{"rendered":"Deklaracja dost\u0119pno\u015bci strony ujinn.pl Wst\u0119p Uniwersytet Jagiello\u0144ski w Krakowie zobowi\u0105zuje si\u0119 zapewni\u0107 dost\u0119pno\u015b\u0107 swojej strony internetowej zgodnie z ustaw\u0105 z dnia 4 kwietnia 2019 r. o dost\u0119pno\u015bci cyfrowej stron internetowych i aplikacji mobilnych podmiot\u00f3w publicznych. Deklaracja dost\u0119pno\u015bci dotyczy strony ujinn.pl (nazwa strony: UJINN, liczba podstron: 56). Data publikacji i aktualizacji strony Data publikacji strony internetowej: [...]","protected":false},"author":1,"featured_media":0,"parent":0,"menu_order":0,"comment_status":"closed","ping_status":"closed","template":"","meta":{"footnotes":""},"class_list":["post-4029","page","type-page","status-publish","hentry"],"_links":{"self":[{"href":"https:\/\/ujinn.pl\/en\/wp-json\/wp\/v2\/pages\/4029","targetHints":{"allow":["GET"]}}],"collection":[{"href":"https:\/\/ujinn.pl\/en\/wp-json\/wp\/v2\/pages"}],"about":[{"href":"https:\/\/ujinn.pl\/en\/wp-json\/wp\/v2\/types\/page"}],"author":[{"embeddable":true,"href":"https:\/\/ujinn.pl\/en\/wp-json\/wp\/v2\/users\/1"}],"replies":[{"embeddable":true,"href":"https:\/\/ujinn.pl\/en\/wp-json\/wp\/v2\/comments?post=4029"}],"version-history":[{"count":16,"href":"https:\/\/ujinn.pl\/en\/wp-json\/wp\/v2\/pages\/4029\/revisions"}],"predecessor-version":[{"id":4352,"href":"https:\/\/ujinn.pl\/en\/wp-json\/wp\/v2\/pages\/4029\/revisions\/4352"}],"wp:attachment":[{"href":"https:\/\/ujinn.pl\/en\/wp-json\/wp\/v2\/media?parent=4029"}],"curies":[{"name":"wp","href":"https:\/\/api.w.org\/{rel}","templated":true}]}}