{"id":4097,"date":"2025-01-27T13:51:53","date_gmt":"2025-01-27T12:51:53","guid":{"rendered":"https:\/\/ujinn.pl\/?page_id=4097"},"modified":"2025-04-09T14:14:25","modified_gmt":"2025-04-09T12:14:25","slug":"stoisko-promocyjne","status":"publish","type":"page","link":"https:\/\/ujinn.pl\/en\/stoisko-promocyjne\/","title":{"rendered":"Stoisko Promocyjne UJ"},"content":{"rendered":"<section class=\"wpb-content-wrapper\"><div data-vc-full-width=\"true\" data-vc-full-width-init=\"false\" class=\"vc_row wpb_row vc_row-fluid vc_custom_1694116303690 vc_row-has-fill\"><div class=\"wpb_column vc_column_container vc_col-sm-12\"><div class=\"vc_column-inner\"><div class=\"wpb_wrapper\"><div style=\"background-color:;height: 100px\" class=\"nicdark_section\"><\/div><\/div><\/div><\/div><\/div><div class=\"vc_row-full-width vc_clearfix\"><\/div><div data-vc-full-width=\"true\" data-vc-full-width-init=\"false\" class=\"vc_row wpb_row vc_row-fluid vc_custom_1694116308325 vc_row-has-fill\"><div class=\"wpb_column vc_column_container vc_col-sm-12\"><div class=\"vc_column-inner\"><div class=\"wpb_wrapper\"><div class=\"vc_row wpb_row vc_inner vc_row-fluid\"><div class=\"wpb_column vc_column_container vc_col-sm-3 vc_col-has-fill\"><div class=\"vc_column-inner vc_custom_1694117569566\"><div class=\"wpb_wrapper\">\n\t<div  class=\"wpb_single_image wpb_content_element vc_align_center\">\n\t\t\n\t\t<figure class=\"wpb_wrapper vc_figure\">\n\t\t\t<a href=\"https:\/\/ujinn.pl\/en\/stoisko-promocyjne\/o-nas\/\" target=\"_self\" class=\"vc_single_image-wrapper   vc_box_border_grey\"><img decoding=\"async\" width=\"200\" height=\"200\" src=\"https:\/\/ujinn.pl\/wp-content\/uploads\/2024\/03\/about-us-200x200-1.png\" class=\"vc_single_image-img attachment-large\" alt=\"O nas\" title=\"About us\" srcset=\"https:\/\/ujinn.pl\/wp-content\/uploads\/2024\/03\/about-us-200x200-1.png 200w, https:\/\/ujinn.pl\/wp-content\/uploads\/2024\/03\/about-us-200x200-1-150x150.png 150w, https:\/\/ujinn.pl\/wp-content\/uploads\/2024\/03\/about-us-200x200-1-12x12.png 12w\" sizes=\"(max-width: 200px) 100vw, 200px\" \/><\/a>\n\t\t<\/figure>\n\t<\/div>\n<\/div><\/div><\/div><div class=\"wpb_column vc_column_container vc_col-sm-3 vc_col-has-fill\"><div class=\"vc_column-inner vc_custom_1694117573099\"><div class=\"wpb_wrapper\">\n\t<div  class=\"wpb_single_image wpb_content_element vc_align_center\">\n\t\t\n\t\t<figure class=\"wpb_wrapper vc_figure\">\n\t\t\t<a href=\"https:\/\/ujinn.pl\/en\/stoisko-promocyjne\/oferta\/\" target=\"_self\" class=\"vc_single_image-wrapper   vc_box_border_grey\"><img decoding=\"async\" width=\"200\" height=\"200\" src=\"https:\/\/ujinn.pl\/wp-content\/uploads\/2024\/03\/offer-200x200-1.png\" class=\"vc_single_image-img attachment-large\" alt=\"Oferta\" title=\"What we offer\" srcset=\"https:\/\/ujinn.pl\/wp-content\/uploads\/2024\/03\/offer-200x200-1.png 200w, https:\/\/ujinn.pl\/wp-content\/uploads\/2024\/03\/offer-200x200-1-150x150.png 150w, https:\/\/ujinn.pl\/wp-content\/uploads\/2024\/03\/offer-200x200-1-12x12.png 12w\" sizes=\"(max-width: 200px) 100vw, 200px\" \/><\/a>\n\t\t<\/figure>\n\t<\/div>\n<\/div><\/div><\/div><div class=\"wpb_column vc_column_container vc_col-sm-3 vc_col-has-fill\"><div class=\"vc_column-inner vc_custom_1694117588901\"><div class=\"wpb_wrapper\">\n\t<div  class=\"wpb_single_image wpb_content_element vc_align_center\">\n\t\t\n\t\t<figure class=\"wpb_wrapper vc_figure\">\n\t\t\t<a href=\"https:\/\/ujinn.pl\/en\/stoisko-promocyjne\/galeria\/\" target=\"_self\" class=\"vc_single_image-wrapper   vc_box_border_grey\"><img decoding=\"async\" width=\"200\" height=\"200\" src=\"https:\/\/ujinn.pl\/wp-content\/uploads\/2024\/03\/gallery-200x200-1.png\" class=\"vc_single_image-img attachment-large\" alt=\"Galeria\" title=\"Gallery\" srcset=\"https:\/\/ujinn.pl\/wp-content\/uploads\/2024\/03\/gallery-200x200-1.png 200w, https:\/\/ujinn.pl\/wp-content\/uploads\/2024\/03\/gallery-200x200-1-150x150.png 150w, https:\/\/ujinn.pl\/wp-content\/uploads\/2024\/03\/gallery-200x200-1-12x12.png 12w\" sizes=\"(max-width: 200px) 100vw, 200px\" \/><\/a>\n\t\t<\/figure>\n\t<\/div>\n<\/div><\/div><\/div><div class=\"wpb_column vc_column_container vc_col-sm-3\"><div class=\"vc_column-inner\"><div class=\"wpb_wrapper\">\n\t<div  class=\"wpb_single_image wpb_content_element vc_align_center\">\n\t\t\n\t\t<figure class=\"wpb_wrapper vc_figure\">\n\t\t\t<a href=\"https:\/\/ujinn.pl\/en\/stoisko-promocyjne\/kontakt\/\" target=\"_self\" class=\"vc_single_image-wrapper   vc_box_border_grey\"><img loading=\"lazy\" decoding=\"async\" width=\"200\" height=\"200\" src=\"https:\/\/ujinn.pl\/wp-content\/uploads\/2024\/03\/contact-200x200-1.png\" class=\"vc_single_image-img attachment-large\" alt=\"Kontakt\" title=\"Contact\" srcset=\"https:\/\/ujinn.pl\/wp-content\/uploads\/2024\/03\/contact-200x200-1.png 200w, https:\/\/ujinn.pl\/wp-content\/uploads\/2024\/03\/contact-200x200-1-150x150.png 150w, https:\/\/ujinn.pl\/wp-content\/uploads\/2024\/03\/contact-200x200-1-12x12.png 12w\" sizes=\"(max-width: 200px) 100vw, 200px\" \/><\/a>\n\t\t<\/figure>\n\t<\/div>\n<\/div><\/div><\/div><\/div><\/div><\/div><\/div><\/div><div class=\"vc_row-full-width vc_clearfix\"><\/div><div data-vc-full-width=\"true\" data-vc-full-width-init=\"false\" class=\"vc_row wpb_row vc_row-fluid vc_custom_1694117644804 vc_row-has-fill\"><div class=\"wpb_column vc_column_container vc_col-sm-12\"><div class=\"vc_column-inner\"><div class=\"wpb_wrapper\"><div style=\"background-color:;height: 100px\" class=\"nicdark_section\"><\/div><\/div><\/div><\/div><\/div><div class=\"vc_row-full-width vc_clearfix\"><\/div><div class=\"vc_row wpb_row vc_row-fluid\"><div class=\"wpb_column vc_column_container vc_col-sm-6\"><div class=\"vc_column-inner\"><div class=\"wpb_wrapper\"><div style=\"background-color:;height: 30px\" class=\"nicdark_section\"><\/div>\n\t<div class=\"wpb_text_column wpb_content_element\" >\n\t\t<div class=\"wpb_wrapper\">\n\t\t\t<p><strong>Stoisko Promocyjne w Muzeum UJ Collegium Maius<\/strong><br \/>\nadres: ul. Jagiello\u0144ska 15, 31-010 Krak\u00f3w<br \/>\nemail: sklep-maius@uj.edu.pl<br \/>\ntelefon: + 48 12 663 15 22<\/p>\n<p><a href=\"https:\/\/promocja.uj.edu.pl\/materialy-promocyjne\" target=\"_blank\" rel=\"noopener\">https:\/\/promocja.uj.edu.pl\/materialy-promocyjne<\/a><\/p>\n\n\t\t<\/div>\n\t<\/div>\n<div class=\"vc_row wpb_row vc_inner vc_row-fluid\"><div class=\"wpb_column vc_column_container vc_col-sm-2\"><div class=\"vc_column-inner\"><div class=\"wpb_wrapper\"><\/div><\/div><\/div><div class=\"wpb_column vc_column_container vc_col-sm-2\"><div class=\"vc_column-inner\"><div class=\"wpb_wrapper\"><div class=\"vc_icon_element vc_icon_element-outer vc_icon_element-align-left vc_icon_element-have-style\"><div class=\"vc_icon_element-inner vc_icon_element-color-black vc_icon_element-have-style-inner vc_icon_element-size-md vc_icon_element-style-rounded vc_icon_element-background vc_icon_element-background-color-white\" ><span class=\"vc_icon_element-icon fab fa-instagram\" ><\/span><a class=\"vc_icon_element-link\" href=\"https:\/\/www.instagram.com\/uj.merch\/\"  title=\"Instagram Merch Uniwersytetu Jagiello\u0144skiego\" target=\"_blank\"><\/a><\/div><\/div><\/div><\/div><\/div><div class=\"wpb_column vc_column_container vc_col-sm-2\"><div class=\"vc_column-inner\"><div class=\"wpb_wrapper\"><\/div><\/div><\/div><div class=\"wpb_column vc_column_container vc_col-sm-2\"><div class=\"vc_column-inner\"><div class=\"wpb_wrapper\"><\/div><\/div><\/div><div class=\"wpb_column vc_column_container vc_col-sm-2\"><div class=\"vc_column-inner\"><div class=\"wpb_wrapper\"><\/div><\/div><\/div><div class=\"wpb_column vc_column_container vc_col-sm-2\"><div class=\"vc_column-inner\"><div class=\"wpb_wrapper\"><\/div><\/div><\/div><\/div>\n\t<div class=\"wpb_text_column wpb_content_element\" >\n\t\t<div class=\"wpb_wrapper\">\n\t\t\t<p><u><a href=\"https:\/\/ujinn.pl\/en\/deklaracja-dostepnosci\/\">Deklaracja dost\u0119pno\u015bci<\/a><\/u><\/p>\n\n\t\t<\/div>\n\t<\/div>\n<\/div><\/div><\/div><div class=\"wpb_column vc_column_container vc_col-sm-6\"><div class=\"vc_column-inner\"><div class=\"wpb_wrapper\"><div style=\"background-color:;height: 30px\" class=\"nicdark_section\"><\/div>\n\t<div class=\"wpb_text_column wpb_content_element\" >\n\t\t<div class=\"wpb_wrapper\">\n\t\t\t<p><strong>Stoisko Promocyjne Online<\/strong><br \/>\nadres: ul. Micha\u0142owskiego 9\/3, 31-126 Krak\u00f3w<br \/>\nemail: stoisko-online@uj.edu.pl<br \/>\ntelefon: +48 506 006 756<\/p>\n<p><a href=\"https:\/\/stoisko-online.uj.edu.pl\/\" target=\"_blank\" rel=\"noopener\">https:\/\/stoisko-online.uj.edu.pl\/<\/a><\/p>\n\n\t\t<\/div>\n\t<\/div>\n<div style=\"background-color:;height: 30px\" class=\"nicdark_section\"><\/div><\/div><\/div><\/div><\/div>\n<\/section>","protected":false},"excerpt":{"rendered":"Stoisko Promocyjne w Muzeum UJ Collegium Maius adres: ul. Jagiello\u0144ska 15, 31-010 Krak\u00f3w email: sklep-maius@uj.edu.pl telefon: + 48 12 663 15 22 https:\/\/promocja.uj.edu.pl\/materialy-promocyjne Deklaracja dost\u0119pno\u015bci Stoisko Promocyjne Online adres: ul. Micha\u0142owskiego 9\/3, 31-126 Krak\u00f3w email: stoisko-online@uj.edu.pl telefon: +48 506 006 756 https:\/\/stoisko-online.uj.edu.pl\/","protected":false},"author":1,"featured_media":0,"parent":0,"menu_order":0,"comment_status":"closed","ping_status":"closed","template":"","meta":{"footnotes":""},"class_list":["post-4097","page","type-page","status-publish","hentry"],"_links":{"self":[{"href":"https:\/\/ujinn.pl\/en\/wp-json\/wp\/v2\/pages\/4097","targetHints":{"allow":["GET"]}}],"collection":[{"href":"https:\/\/ujinn.pl\/en\/wp-json\/wp\/v2\/pages"}],"about":[{"href":"https:\/\/ujinn.pl\/en\/wp-json\/wp\/v2\/types\/page"}],"author":[{"embeddable":true,"href":"https:\/\/ujinn.pl\/en\/wp-json\/wp\/v2\/users\/1"}],"replies":[{"embeddable":true,"href":"https:\/\/ujinn.pl\/en\/wp-json\/wp\/v2\/comments?post=4097"}],"version-history":[{"count":11,"href":"https:\/\/ujinn.pl\/en\/wp-json\/wp\/v2\/pages\/4097\/revisions"}],"predecessor-version":[{"id":4216,"href":"https:\/\/ujinn.pl\/en\/wp-json\/wp\/v2\/pages\/4097\/revisions\/4216"}],"wp:attachment":[{"href":"https:\/\/ujinn.pl\/en\/wp-json\/wp\/v2\/media?parent=4097"}],"curies":[{"name":"wp","href":"https:\/\/api.w.org\/{rel}","templated":true}]}}