{"id":4103,"date":"2025-01-27T14:09:31","date_gmt":"2025-01-27T13:09:31","guid":{"rendered":"https:\/\/ujinn.pl\/?page_id=4103"},"modified":"2025-07-07T07:57:11","modified_gmt":"2025-07-07T05:57:11","slug":"o-nas","status":"publish","type":"page","link":"https:\/\/ujinn.pl\/en\/stoisko-promocyjne\/o-nas\/","title":{"rendered":"About us"},"content":{"rendered":"<section class=\"wpb-content-wrapper\"><div class=\"vc_row wpb_row vc_row-fluid\"><div class=\"wpb_column vc_column_container vc_col-sm-12\"><div class=\"vc_column-inner\"><div class=\"wpb_wrapper\"><div class=\"nd_options_menu_component nd_options_section nd_options_menu_component_828\"><div class=\"menu-menu-stoiska-container\"><ul id=\"menu-menu-stoiska\" class=\"menu\"><li id=\"menu-item-4108\" class=\"menu-item menu-item-type-post_type menu-item-object-page menu-item-4108\"><a href=\"https:\/\/ujinn.pl\/en\/stoisko-promocyjne\/\">STOISKO PROMOCYJNE<\/a><\/li>\n<li id=\"menu-item-4107\" class=\"menu-item menu-item-type-post_type menu-item-object-page menu-item-4107\"><a href=\"https:\/\/ujinn.pl\/en\/stoisko-promocyjne\/o-nas\/\">ABOUT US<\/a><\/li>\n<li id=\"menu-item-4158\" class=\"menu-item menu-item-type-post_type menu-item-object-page menu-item-4158\"><a href=\"https:\/\/ujinn.pl\/en\/stoisko-promocyjne\/oferta\/\">WHAT WE OFFER<\/a><\/li>\n<li id=\"menu-item-4180\" class=\"menu-item menu-item-type-post_type menu-item-object-page menu-item-4180\"><a href=\"https:\/\/ujinn.pl\/en\/stoisko-promocyjne\/galeria\/\">GALLERY<\/a><\/li>\n<li id=\"menu-item-4186\" class=\"menu-item menu-item-type-post_type menu-item-object-page menu-item-4186\"><a href=\"https:\/\/ujinn.pl\/en\/stoisko-promocyjne\/kontakt\/\">CONTACT<\/a><\/li>\n<\/ul><\/div><\/div><\/div><\/div><\/div><\/div><div class=\"vc_row wpb_row vc_row-fluid\"><div class=\"wpb_column vc_column_container vc_col-sm-12\"><div class=\"vc_column-inner\"><div class=\"wpb_wrapper\"><div class=\"vc_empty_space\"   style=\"height: 30px\"><span class=\"vc_empty_space_inner\"><\/span><\/div><\/div><\/div><\/div><\/div><div class=\"vc_row wpb_row vc_row-fluid\"><div class=\"wpb_column vc_column_container vc_col-sm-6\"><div class=\"vc_column-inner\"><div class=\"wpb_wrapper\"><div style=\"background-color:;height: 15px\" class=\"nicdark_section\"><\/div> <h3 style=\"color:;padding:px;text-align:right;font-size:34px;line-height:50px;letter-spacing: px;font-weight:normal\" class=\"nd_options_text_align_center_responsive_important nd_options_first_font\">Uniwersytet Jagiello\u0144ski ma przyjemno\u015b\u0107 zaprezentowa\u0107<br \/>\nStoiska Promocyjne,<br \/>\ngdzie mo\u017cna kupi\u0107 gad\u017cety z logo uczelni.<\/h3> <div style=\"background-color:;height: 15px\" class=\"nicdark_section\"><\/div>\n\t<div class=\"wpb_text_column wpb_content_element\" >\n\t\t<div class=\"wpb_wrapper\">\n\t\t\t<p style=\"text-align: right;\">Stoiska Promocyjne dysponuj\u0105 punktem stacjonarnym<br \/>\nna ul. Jagiello\u0144skiej 15 (Muzeum UJ Collegium Maius),<br \/>\na tak\u017ce punktem online: <a href=\"https:\/\/stoisko-online.uj.edu.pl\/\" target=\"_blank\" rel=\"noopener\">https:\/\/stoisko-online.uj.edu.pl\/<\/a>.<\/p>\n\n\t\t<\/div>\n\t<\/div>\n<div class=\"vc_empty_space\"   style=\"height: 32px\"><span class=\"vc_empty_space_inner\"><\/span><\/div><\/div><\/div><\/div><div class=\"wpb_column vc_column_container vc_col-sm-3\"><div class=\"vc_column-inner\"><div class=\"wpb_wrapper\">\n\t<div class=\"wpb_text_column wpb_content_element\" >\n\t\t<div class=\"wpb_wrapper\">\n\t\t\t<p>Uniwersytet Jagiello\u0144ski jest najstarszym uniwersytetem w Polsce i jednym z najstarszych w Europie. Jego za\u0142o\u017cenie zapocz\u0105tkowa\u0142o histori\u0119 szkolnictwa wy\u017cszego w Polsce. To instytucja nierozerwalnie zwi\u0105zana z dziejami Krakowa i Polski ju\u017c od ponad 650 lat. Kilkaset lat dzia\u0142alno\u015bci akademickiej zaowocowa\u0142o wieloma wybitnymi absolwentami, kt\u00f3rych odkrycia, osi\u0105gni\u0119cia i dzia\u0142alno\u015b\u0107 na sta\u0142e wpisa\u0142y si\u0119 w karty historii Polski i \u015bwiata.<\/p>\n\n\t\t<\/div>\n\t<\/div>\n<div style=\"background-color:;height: 15px\" class=\"nicdark_section\"><\/div><\/div><\/div><\/div><div class=\"wpb_column vc_column_container vc_col-sm-3\"><div class=\"vc_column-inner\"><div class=\"wpb_wrapper\">\n\t<div class=\"wpb_text_column wpb_content_element\" >\n\t\t<div class=\"wpb_wrapper\">\n\t\t\t<p>Obecnie uniwersytet \u0142\u0105czy tradycj\u0119 oraz wyzwania wsp\u00f3\u0142czesno\u015bci z nowoczesnymi kierunkami bada\u0144. Stara si\u0119 i\u015b\u0107 z duchem czasu i odpowiada\u0107 na potrzeby uniwersyteckiej spo\u0142eczno\u015bci.<\/p>\n\n\t\t<\/div>\n\t<\/div>\n<div style=\"background-color:;height: 15px\" class=\"nicdark_section\"><\/div><\/div><\/div><\/div><\/div><div class=\"vc_row wpb_row vc_row-fluid\"><div class=\"wpb_column vc_column_container vc_col-sm-12\"><div class=\"vc_column-inner\"><div class=\"wpb_wrapper\"><div class=\"vc_empty_space\"   style=\"height: 50px\"><span class=\"vc_empty_space_inner\"><\/span><\/div><\/div><\/div><\/div><\/div><div data-vc-full-width=\"true\" data-vc-full-width-init=\"false\" class=\"vc_row wpb_row vc_row-fluid vc_custom_1692974444531 vc_row-has-fill\"><div class=\"wpb_column vc_column_container vc_col-sm-12\"><div class=\"vc_column-inner\"><div class=\"wpb_wrapper\"><div class=\"vc_empty_space\"   style=\"height: 50px\"><span class=\"vc_empty_space_inner\"><\/span><\/div><\/div><\/div><\/div><\/div><div class=\"vc_row-full-width vc_clearfix\"><\/div><div data-vc-full-width=\"true\" data-vc-full-width-init=\"false\" class=\"vc_row wpb_row vc_row-fluid vc_custom_1692974270216 vc_row-has-fill\"><div class=\"wpb_column vc_column_container vc_col-sm-12\"><div class=\"vc_column-inner\"><div class=\"wpb_wrapper\">\n\t<div class=\"wpb_text_column wpb_content_element\" >\n\t\t<div class=\"wpb_wrapper\">\n\t\t\t<p>Uniwersytet Jagiello\u0144ski co roku przyjmuje na uczelni\u0119 tysi\u0105ce student\u00f3w. Spo\u0142eczno\u015b\u0107 akademicka cechuje si\u0119 wyj\u0105tkowym przywi\u0105zaniem do swojej uczelni, st\u0105d pomys\u0142 na utworzenie Stoiska Promocyjnego. Pierwsze Stoisko Promocyjne na ul. Floria\u0144skiej 49 powsta\u0142o w 2018 r. Pocz\u0105tkowo cieszy\u0142o si\u0119 ogromnym zainteresowaniem student\u00f3w i absolwent\u00f3w UJ, jednak z biegiem czasu okaza\u0142o si\u0119, \u017ce jego popularno\u015b\u0107 wzrasta r\u00f3wnie\u017c w\u015br\u00f3d turyst\u00f3w. Go\u015bcie z Polski i zagranicy, kt\u00f3rzy zwiedzaj\u0105 Krak\u00f3w, a tak\u017ce przybywaj\u0105 do niego ze wzgl\u0119du na konferencje naukowe, wydarzenia akademickie z wielkim entuzjazmem odbierali mo\u017cliwo\u015b\u0107 kupna pami\u0105tki z Uniwersytetu Jagiello\u0144skiego.<\/p>\n\n\t\t<\/div>\n\t<\/div>\n<div class=\"vc_empty_space\"   style=\"height: 50px\"><span class=\"vc_empty_space_inner\"><\/span><\/div><\/div><\/div><\/div><\/div><div class=\"vc_row-full-width vc_clearfix\"><\/div><div data-vc-full-width=\"true\" data-vc-full-width-init=\"false\" class=\"vc_row wpb_row vc_row-fluid vc_custom_1692974270216 vc_row-has-fill\"><div class=\"wpb_column vc_column_container vc_col-sm-6\"><div class=\"vc_column-inner\"><div class=\"wpb_wrapper\">\n\t<div  class=\"wpb_single_image wpb_content_element vc_align_left\">\n\t\t\n\t\t<figure class=\"wpb_wrapper vc_figure\">\n\t\t\t<div class=\"vc_single_image-wrapper   vc_box_border_grey\"><img fetchpriority=\"high\" decoding=\"async\" width=\"800\" height=\"534\" src=\"https:\/\/ujinn.pl\/wp-content\/uploads\/2025\/01\/DSC_0026.jpg\" class=\"vc_single_image-img attachment-full\" alt=\"Stoisko Floria\u0144ska - zdj\u0119cie archiwalne\" title=\"Stoisko Floria\u0144ska - zdj\u0119cie archiwalne\" srcset=\"https:\/\/ujinn.pl\/wp-content\/uploads\/2025\/01\/DSC_0026.jpg 800w, https:\/\/ujinn.pl\/wp-content\/uploads\/2025\/01\/DSC_0026-300x200.jpg 300w, https:\/\/ujinn.pl\/wp-content\/uploads\/2025\/01\/DSC_0026-768x513.jpg 768w, https:\/\/ujinn.pl\/wp-content\/uploads\/2025\/01\/DSC_0026-18x12.jpg 18w\" sizes=\"(max-width: 800px) 100vw, 800px\" \/><\/div>\n\t\t<\/figure>\n\t<\/div>\n<div class=\"vc_empty_space\"   style=\"height: 32px\"><span class=\"vc_empty_space_inner\"><\/span><\/div><\/div><\/div><\/div><div class=\"wpb_column vc_column_container vc_col-sm-6\"><div class=\"vc_column-inner\"><div class=\"wpb_wrapper\">\n\t<div  class=\"wpb_single_image wpb_content_element vc_align_left\">\n\t\t\n\t\t<figure class=\"wpb_wrapper vc_figure\">\n\t\t\t<div class=\"vc_single_image-wrapper   vc_box_border_grey\"><img decoding=\"async\" width=\"800\" height=\"534\" src=\"https:\/\/ujinn.pl\/wp-content\/uploads\/2025\/01\/DSC_0044-1.jpg\" class=\"vc_single_image-img attachment-full\" alt=\"Stoisko Floria\u0144ska - zdj\u0119cie archiwalne\" title=\"Stoisko Floria\u0144ska - zdj\u0119cie archiwalne\" srcset=\"https:\/\/ujinn.pl\/wp-content\/uploads\/2025\/01\/DSC_0044-1.jpg 800w, https:\/\/ujinn.pl\/wp-content\/uploads\/2025\/01\/DSC_0044-1-300x200.jpg 300w, https:\/\/ujinn.pl\/wp-content\/uploads\/2025\/01\/DSC_0044-1-768x513.jpg 768w, https:\/\/ujinn.pl\/wp-content\/uploads\/2025\/01\/DSC_0044-1-18x12.jpg 18w\" sizes=\"(max-width: 800px) 100vw, 800px\" \/><\/div>\n\t\t<\/figure>\n\t<\/div>\n<div class=\"vc_empty_space\"   style=\"height: 15px\"><span class=\"vc_empty_space_inner\"><\/span><\/div><\/div><\/div><\/div><\/div><div class=\"vc_row-full-width vc_clearfix\"><\/div><div data-vc-full-width=\"true\" data-vc-full-width-init=\"false\" data-vc-parallax=\"1\" data-vc-parallax-image=\"https:\/\/ujinn.pl\/wp-content\/uploads\/2025\/07\/zdjecie-plecak-bluza.jpg\" class=\"vc_row wpb_row vc_row-fluid vc_custom_1751867828893 vc_row-has-fill vc_row-o-content-middle vc_row-flex vc_general vc_parallax vc_parallax-content-moving\"><div class=\"wpb_column vc_column_container vc_col-sm-6\"><div class=\"vc_column-inner\"><div class=\"wpb_wrapper\"><div class=\"vc_empty_space\"   style=\"height: 50px\"><span class=\"vc_empty_space_inner\"><\/span><\/div><div class=\"vc_row wpb_row vc_inner vc_row-fluid vc_custom_1693754661414 vc_row-has-fill\"><div class=\"wpb_column vc_column_container vc_col-sm-12\"><div class=\"vc_column-inner\"><div class=\"wpb_wrapper\">\n\t<div class=\"wpb_text_column wpb_content_element\" >\n\t\t<div class=\"wpb_wrapper\">\n\t\t\t<p>W zwi\u0105zku ze zwi\u0119kszon\u0105 popularno\u015bci\u0105 Stoiska i odpowiadaj\u0105c na potrzeby klient\u00f3w w 2019 r. powsta\u0142o\u00a0kolejne Stoisko\u00a0Promocyjne\u00a0w Muzeum UJ Collegium Maius, przy ul. Jagiello\u0144skiej 15. Znajduje si\u0119 ono w najstarszym budynku Uniwersytetu Jagiello\u0144skiego, a w swoim asortymencie posiada gad\u017cety z logo UJ, a tak\u017ce pami\u0105tki \u015bci\u015ble zwi\u0105zane z Muzeum UJ oraz eksponatami prezentowanymi w salach muzealnych.<\/p>\n\n\t\t<\/div>\n\t<\/div>\n<\/div><\/div><\/div><\/div><div class=\"vc_empty_space\"   style=\"height: 50px\"><span class=\"vc_empty_space_inner\"><\/span><\/div><div class=\"vc_row wpb_row vc_inner vc_row-fluid vc_custom_1693754706086 vc_row-has-fill\"><div class=\"wpb_column vc_column_container vc_col-sm-12\"><div class=\"vc_column-inner\"><div class=\"wpb_wrapper\">\n\t<div class=\"wpb_text_column wpb_content_element  vc_custom_1744200695581\" >\n\t\t<div class=\"wpb_wrapper\">\n\t\t\t<p>Ko\u0144cem 2022 r. Stoisko Promocyjne na ul. Floria\u0144skiej 49 zosta\u0142o zamkni\u0119te na czas remontu kamienicy UJ. W zwi\u0105zku z ca\u0142kowit\u0105 modernizacj\u0105, zaplanowano zako\u0144czenie dzia\u0142alno\u015bci Stoiska.<\/p>\n\n\t\t<\/div>\n\t<\/div>\n<\/div><\/div><\/div><\/div><div class=\"vc_empty_space\"   style=\"height: 50px\"><span class=\"vc_empty_space_inner\"><\/span><\/div><\/div><\/div><\/div><div class=\"wpb_column vc_column_container vc_col-sm-6\"><div class=\"vc_column-inner\"><div class=\"wpb_wrapper\"><div class=\"vc_empty_space\"   style=\"height: 200px\"><span class=\"vc_empty_space_inner\"><\/span><\/div><\/div><\/div><\/div><\/div><div class=\"vc_row-full-width vc_clearfix\"><\/div><div data-vc-full-width=\"true\" data-vc-full-width-init=\"false\" class=\"vc_row wpb_row vc_row-fluid\"><div class=\"wpb_column vc_column_container vc_col-sm-4\"><div class=\"vc_column-inner\"><div class=\"wpb_wrapper\"><div class=\"vc_empty_space\"   style=\"height: 50px\"><span class=\"vc_empty_space_inner\"><\/span><\/div>\n\t<div  class=\"wpb_single_image wpb_content_element vc_align_left\">\n\t\t\n\t\t<figure class=\"wpb_wrapper vc_figure\">\n\t\t\t<div class=\"vc_single_image-wrapper   vc_box_border_grey\"><img decoding=\"async\" width=\"2000\" height=\"1500\" src=\"https:\/\/ujinn.pl\/wp-content\/uploads\/2025\/04\/Stoisko_Maius.jpg\" class=\"vc_single_image-img attachment-full\" alt=\"Stoisko promocyjne - Maius UJ\" title=\"Stoisko_Maius\" srcset=\"https:\/\/ujinn.pl\/wp-content\/uploads\/2025\/04\/Stoisko_Maius.jpg 2000w, https:\/\/ujinn.pl\/wp-content\/uploads\/2025\/04\/Stoisko_Maius-300x225.jpg 300w, https:\/\/ujinn.pl\/wp-content\/uploads\/2025\/04\/Stoisko_Maius-1024x768.jpg 1024w, https:\/\/ujinn.pl\/wp-content\/uploads\/2025\/04\/Stoisko_Maius-768x576.jpg 768w, https:\/\/ujinn.pl\/wp-content\/uploads\/2025\/04\/Stoisko_Maius-1536x1152.jpg 1536w, https:\/\/ujinn.pl\/wp-content\/uploads\/2025\/04\/Stoisko_Maius-16x12.jpg 16w\" sizes=\"(max-width: 2000px) 100vw, 2000px\" \/><\/div>\n\t\t<\/figure>\n\t<\/div>\n<div class=\"vc_empty_space\"   style=\"height: 50px\"><span class=\"vc_empty_space_inner\"><\/span><\/div><\/div><\/div><\/div><div class=\"wpb_column vc_column_container vc_col-sm-4\"><div class=\"vc_column-inner\"><div class=\"wpb_wrapper\"><div class=\"vc_empty_space\"   style=\"height: 50px\"><span class=\"vc_empty_space_inner\"><\/span><\/div>\n\t<div  class=\"wpb_single_image wpb_content_element vc_align_left\">\n\t\t\n\t\t<figure class=\"wpb_wrapper vc_figure\">\n\t\t\t<div class=\"vc_single_image-wrapper   vc_box_border_grey\"><img loading=\"lazy\" decoding=\"async\" width=\"2000\" height=\"1500\" src=\"https:\/\/ujinn.pl\/wp-content\/uploads\/2025\/04\/Stoisko-promocyjne-Maius_sklep.jpg\" class=\"vc_single_image-img attachment-full\" alt=\"Stoisko promocyjne Maius - sklep\" title=\"Stoisko-promocyjne-Maius_sklep\" srcset=\"https:\/\/ujinn.pl\/wp-content\/uploads\/2025\/04\/Stoisko-promocyjne-Maius_sklep.jpg 2000w, https:\/\/ujinn.pl\/wp-content\/uploads\/2025\/04\/Stoisko-promocyjne-Maius_sklep-300x225.jpg 300w, https:\/\/ujinn.pl\/wp-content\/uploads\/2025\/04\/Stoisko-promocyjne-Maius_sklep-1024x768.jpg 1024w, https:\/\/ujinn.pl\/wp-content\/uploads\/2025\/04\/Stoisko-promocyjne-Maius_sklep-768x576.jpg 768w, https:\/\/ujinn.pl\/wp-content\/uploads\/2025\/04\/Stoisko-promocyjne-Maius_sklep-1536x1152.jpg 1536w, https:\/\/ujinn.pl\/wp-content\/uploads\/2025\/04\/Stoisko-promocyjne-Maius_sklep-16x12.jpg 16w\" sizes=\"(max-width: 2000px) 100vw, 2000px\" \/><\/div>\n\t\t<\/figure>\n\t<\/div>\n<\/div><\/div><\/div><div class=\"wpb_column vc_column_container vc_col-sm-4\"><div class=\"vc_column-inner\"><div class=\"wpb_wrapper\"><div class=\"vc_empty_space\"   style=\"height: 50px\"><span class=\"vc_empty_space_inner\"><\/span><\/div>\n\t<div  class=\"wpb_single_image wpb_content_element vc_align_left\">\n\t\t\n\t\t<figure class=\"wpb_wrapper vc_figure\">\n\t\t\t<div class=\"vc_single_image-wrapper   vc_box_border_grey\"><img loading=\"lazy\" decoding=\"async\" width=\"2000\" height=\"1489\" src=\"https:\/\/ujinn.pl\/wp-content\/uploads\/2025\/04\/Stoisko-promocyjne-Maius-przedmioty.jpg\" class=\"vc_single_image-img attachment-full\" alt=\"Stoisko promocyjne Maius - sklep\" title=\"Stoisko-promocyjne-Maius-przedmioty\" srcset=\"https:\/\/ujinn.pl\/wp-content\/uploads\/2025\/04\/Stoisko-promocyjne-Maius-przedmioty.jpg 2000w, https:\/\/ujinn.pl\/wp-content\/uploads\/2025\/04\/Stoisko-promocyjne-Maius-przedmioty-300x223.jpg 300w, https:\/\/ujinn.pl\/wp-content\/uploads\/2025\/04\/Stoisko-promocyjne-Maius-przedmioty-1024x762.jpg 1024w, https:\/\/ujinn.pl\/wp-content\/uploads\/2025\/04\/Stoisko-promocyjne-Maius-przedmioty-768x572.jpg 768w, https:\/\/ujinn.pl\/wp-content\/uploads\/2025\/04\/Stoisko-promocyjne-Maius-przedmioty-1536x1144.jpg 1536w, https:\/\/ujinn.pl\/wp-content\/uploads\/2025\/04\/Stoisko-promocyjne-Maius-przedmioty-16x12.jpg 16w\" sizes=\"(max-width: 2000px) 100vw, 2000px\" \/><\/div>\n\t\t<\/figure>\n\t<\/div>\n<\/div><\/div><\/div><\/div><div class=\"vc_row-full-width vc_clearfix\"><\/div><div data-vc-full-width=\"true\" data-vc-full-width-init=\"false\" class=\"vc_row wpb_row vc_row-fluid vc_custom_1692974303639 vc_row-has-fill\"><div class=\"wpb_column vc_column_container vc_col-sm-12\"><div class=\"vc_column-inner\"><div class=\"wpb_wrapper\"><div class=\"vc_empty_space\"   style=\"height: 50px\"><span class=\"vc_empty_space_inner\"><\/span><\/div><\/div><\/div><\/div><\/div><div class=\"vc_row-full-width vc_clearfix\"><\/div><div data-vc-full-width=\"true\" data-vc-full-width-init=\"false\" class=\"vc_row wpb_row vc_row-fluid vc_custom_1692974303639 vc_row-has-fill\"><div class=\"wpb_column vc_column_container vc_col-sm-6\"><div class=\"vc_column-inner\"><div class=\"wpb_wrapper\">\n\t<div  class=\"wpb_single_image wpb_content_element vc_align_left\">\n\t\t\n\t\t<figure class=\"wpb_wrapper vc_figure\">\n\t\t\t<div class=\"vc_single_image-wrapper   vc_box_border_grey\"><img loading=\"lazy\" decoding=\"async\" width=\"2193\" height=\"1124\" src=\"https:\/\/ujinn.pl\/wp-content\/uploads\/2025\/04\/Zrzut-ekranu-2025-04-08-082605.png\" class=\"vc_single_image-img attachment-full\" alt=\"\" title=\"Zrzut ekranu 2025-04-08 082605\" srcset=\"https:\/\/ujinn.pl\/wp-content\/uploads\/2025\/04\/Zrzut-ekranu-2025-04-08-082605.png 2193w, https:\/\/ujinn.pl\/wp-content\/uploads\/2025\/04\/Zrzut-ekranu-2025-04-08-082605-300x154.png 300w, https:\/\/ujinn.pl\/wp-content\/uploads\/2025\/04\/Zrzut-ekranu-2025-04-08-082605-1024x525.png 1024w, https:\/\/ujinn.pl\/wp-content\/uploads\/2025\/04\/Zrzut-ekranu-2025-04-08-082605-768x394.png 768w, https:\/\/ujinn.pl\/wp-content\/uploads\/2025\/04\/Zrzut-ekranu-2025-04-08-082605-1536x787.png 1536w, https:\/\/ujinn.pl\/wp-content\/uploads\/2025\/04\/Zrzut-ekranu-2025-04-08-082605-2048x1050.png 2048w, https:\/\/ujinn.pl\/wp-content\/uploads\/2025\/04\/Zrzut-ekranu-2025-04-08-082605-18x9.png 18w\" sizes=\"(max-width: 2193px) 100vw, 2193px\" \/><\/div>\n\t\t<\/figure>\n\t<\/div>\n<\/div><\/div><\/div><div class=\"wpb_column vc_column_container vc_col-sm-6\"><div class=\"vc_column-inner\"><div class=\"wpb_wrapper\"><div class=\"vc_empty_space\"   style=\"height: 60px\"><span class=\"vc_empty_space_inner\"><\/span><\/div>\n\t<div class=\"wpb_text_column wpb_content_element\" >\n\t\t<div class=\"wpb_wrapper\">\n\t\t\t<p>Konsekwencj\u0105 dzia\u0142alno\u015bci Stoisk stacjonarnych by\u0142o utworzenie Stoiska Promocyjnego Online w 2023 r. Jego celem by\u0142o i jest dotarcie do szerszego grona sympatyk\u00f3w UJ, nie tylko w Krakowie, ale r\u00f3wnie\u017c w Polsce i na \u015bwiecie. Niezale\u017cnie od lokalizacji, zar\u00f3wno studenci, pracownicy, absolwenci UJ, ale i wszyscy przyjaciele UJ mog\u0105 z dum\u0105 prezentowa\u0107 wyj\u0105tkowe pami\u0105tki z uczelnianym logotypem.<\/p>\n\n\t\t<\/div>\n\t<\/div>\n<\/div><\/div><\/div><\/div><div class=\"vc_row-full-width vc_clearfix\"><\/div><div data-vc-full-width=\"true\" data-vc-full-width-init=\"false\" class=\"vc_row wpb_row vc_row-fluid vc_custom_1692974303639 vc_row-has-fill\"><div class=\"wpb_column vc_column_container vc_col-sm-12\"><div class=\"vc_column-inner\"><div class=\"wpb_wrapper\"><div class=\"vc_empty_space\"   style=\"height: 50px\"><span class=\"vc_empty_space_inner\"><\/span><\/div><\/div><\/div><\/div><\/div><div class=\"vc_row-full-width vc_clearfix\"><\/div><div class=\"vc_row wpb_row vc_row-fluid\"><div class=\"wpb_column vc_column_container vc_col-sm-6\"><div class=\"vc_column-inner\"><div class=\"wpb_wrapper\"><div style=\"background-color:;height: 30px\" class=\"nicdark_section\"><\/div>\n\t<div class=\"wpb_text_column wpb_content_element\" >\n\t\t<div class=\"wpb_wrapper\">\n\t\t\t<p><strong>Stoisko Promocyjne w Muzeum UJ Collegium Maius<\/strong><br \/>\nadres: ul. Jagiello\u0144ska 15, 31-010 Krak\u00f3w<br \/>\nemail: sklep-maius@uj.edu.pl<br \/>\ntelefon: + 48 12 663 15 22<\/p>\n<p><a href=\"https:\/\/promocja.uj.edu.pl\/materialy-promocyjne\" target=\"_blank\" rel=\"noopener\">https:\/\/promocja.uj.edu.pl\/materialy-promocyjne<\/a><\/p>\n\n\t\t<\/div>\n\t<\/div>\n<div class=\"vc_row wpb_row vc_inner vc_row-fluid\"><div class=\"wpb_column vc_column_container vc_col-sm-2\"><div class=\"vc_column-inner\"><div class=\"wpb_wrapper\"><\/div><\/div><\/div><div class=\"wpb_column vc_column_container vc_col-sm-2\"><div class=\"vc_column-inner\"><div class=\"wpb_wrapper\"><\/div><\/div><\/div><div class=\"wpb_column vc_column_container vc_col-sm-2\"><div class=\"vc_column-inner\"><div class=\"wpb_wrapper\"><\/div><\/div><\/div><div class=\"wpb_column vc_column_container vc_col-sm-2\"><div class=\"vc_column-inner\"><div class=\"wpb_wrapper\"><\/div><\/div><\/div><div class=\"wpb_column vc_column_container vc_col-sm-2\"><div class=\"vc_column-inner\"><div class=\"wpb_wrapper\"><\/div><\/div><\/div><\/div>\n\t<div class=\"wpb_text_column wpb_content_element\" >\n\t\t<div class=\"wpb_wrapper\">\n\t\t\t<p><u><a href=\"https:\/\/ujinn.pl\/en\/deklaracja-dostepnosci\/\">Deklaracja dost\u0119pno\u015bci<\/a><\/u><\/p>\n\n\t\t<\/div>\n\t<\/div>\n<div class=\"vc_icon_element vc_icon_element-outer vc_icon_element-align-left vc_icon_element-have-style\"><div class=\"vc_icon_element-inner vc_icon_element-color-black vc_icon_element-have-style-inner vc_icon_element-size-md vc_icon_element-style-rounded vc_icon_element-background vc_icon_element-background-color-white\" ><span class=\"vc_icon_element-icon fab fa-instagram\" ><\/span><a class=\"vc_icon_element-link\" href=\"https:\/\/www.instagram.com\/uj.merch\/\"  title=\"Instagram Merch Uniwersytetu Jagiello\u0144skiego\" target=\"_blank\"><\/a><\/div><\/div><\/div><\/div><\/div><div class=\"wpb_column vc_column_container vc_col-sm-6\"><div class=\"vc_column-inner\"><div class=\"wpb_wrapper\"><div style=\"background-color:;height: 30px\" class=\"nicdark_section\"><\/div>\n\t<div class=\"wpb_text_column wpb_content_element\" >\n\t\t<div class=\"wpb_wrapper\">\n\t\t\t<p><strong>Stoisko Promocyjne Online<\/strong><br \/>\nadres: ul. Micha\u0142owskiego 9\/3, 31-126 Krak\u00f3w<br \/>\nemail: stoisko-online@uj.edu.pl<br \/>\ntelefon: +48 506 006 756<\/p>\n<p><a href=\"https:\/\/stoisko-online.uj.edu.pl\/\" target=\"_blank\" rel=\"noopener\">https:\/\/stoisko-online.uj.edu.pl\/<\/a><\/p>\n\n\t\t<\/div>\n\t<\/div>\n<div style=\"background-color:;height: 30px\" class=\"nicdark_section\"><\/div><\/div><\/div><\/div><\/div>\n<\/section>","protected":false},"excerpt":{"rendered":"STOISKO PROMOCYJNE O NAS OFERTA GALERIA KONTAKT Uniwersytet Jagiello\u0144ski ma przyjemno\u015b\u0107 zaprezentowa\u0107 Stoiska Promocyjne, gdzie mo\u017cna kupi\u0107 gad\u017cety z logo uczelni. Stoiska Promocyjne dysponuj\u0105 punktem stacjonarnym na ul. Jagiello\u0144skiej 15 (Muzeum UJ Collegium Maius), a tak\u017ce punktem online: https:\/\/stoisko-online.uj.edu.pl\/. Uniwersytet Jagiello\u0144ski jest najstarszym uniwersytetem w Polsce i jednym z najstarszych w Europie. Jego za\u0142o\u017cenie zapocz\u0105tkowa\u0142o [...]","protected":false},"author":1,"featured_media":0,"parent":4097,"menu_order":1,"comment_status":"closed","ping_status":"closed","template":"","meta":{"footnotes":""},"class_list":["post-4103","page","type-page","status-publish","hentry"],"_links":{"self":[{"href":"https:\/\/ujinn.pl\/en\/wp-json\/wp\/v2\/pages\/4103","targetHints":{"allow":["GET"]}}],"collection":[{"href":"https:\/\/ujinn.pl\/en\/wp-json\/wp\/v2\/pages"}],"about":[{"href":"https:\/\/ujinn.pl\/en\/wp-json\/wp\/v2\/types\/page"}],"author":[{"embeddable":true,"href":"https:\/\/ujinn.pl\/en\/wp-json\/wp\/v2\/users\/1"}],"replies":[{"embeddable":true,"href":"https:\/\/ujinn.pl\/en\/wp-json\/wp\/v2\/comments?post=4103"}],"version-history":[{"count":31,"href":"https:\/\/ujinn.pl\/en\/wp-json\/wp\/v2\/pages\/4103\/revisions"}],"predecessor-version":[{"id":4278,"href":"https:\/\/ujinn.pl\/en\/wp-json\/wp\/v2\/pages\/4103\/revisions\/4278"}],"up":[{"embeddable":true,"href":"https:\/\/ujinn.pl\/en\/wp-json\/wp\/v2\/pages\/4097"}],"wp:attachment":[{"href":"https:\/\/ujinn.pl\/en\/wp-json\/wp\/v2\/media?parent=4103"}],"curies":[{"name":"wp","href":"https:\/\/api.w.org\/{rel}","templated":true}]}}