{"id":4132,"date":"2025-01-27T14:40:35","date_gmt":"2025-01-27T13:40:35","guid":{"rendered":"https:\/\/ujinn.pl\/?page_id=4132"},"modified":"2025-04-09T14:44:08","modified_gmt":"2025-04-09T12:44:08","slug":"oferta","status":"publish","type":"page","link":"https:\/\/ujinn.pl\/en\/stoisko-promocyjne\/oferta\/","title":{"rendered":"What we offer"},"content":{"rendered":"<section class=\"wpb-content-wrapper\"><div class=\"vc_row wpb_row vc_row-fluid\"><div class=\"wpb_column vc_column_container vc_col-sm-12\"><div class=\"vc_column-inner\"><div class=\"wpb_wrapper\"><div class=\"nd_options_menu_component nd_options_section nd_options_menu_component_314\"><div class=\"menu-menu-stoiska-container\"><ul id=\"menu-menu-stoiska\" class=\"menu\"><li id=\"menu-item-4108\" class=\"menu-item menu-item-type-post_type menu-item-object-page menu-item-4108\"><a href=\"https:\/\/ujinn.pl\/en\/stoisko-promocyjne\/\">STOISKO PROMOCYJNE<\/a><\/li>\n<li id=\"menu-item-4107\" class=\"menu-item menu-item-type-post_type menu-item-object-page menu-item-4107\"><a href=\"https:\/\/ujinn.pl\/en\/stoisko-promocyjne\/o-nas\/\">ABOUT US<\/a><\/li>\n<li id=\"menu-item-4158\" class=\"menu-item menu-item-type-post_type menu-item-object-page menu-item-4158\"><a href=\"https:\/\/ujinn.pl\/en\/stoisko-promocyjne\/oferta\/\">WHAT WE OFFER<\/a><\/li>\n<li id=\"menu-item-4180\" class=\"menu-item menu-item-type-post_type menu-item-object-page menu-item-4180\"><a href=\"https:\/\/ujinn.pl\/en\/stoisko-promocyjne\/galeria\/\">GALLERY<\/a><\/li>\n<li id=\"menu-item-4186\" class=\"menu-item menu-item-type-post_type menu-item-object-page menu-item-4186\"><a href=\"https:\/\/ujinn.pl\/en\/stoisko-promocyjne\/kontakt\/\">CONTACT<\/a><\/li>\n<\/ul><\/div><\/div><\/div><\/div><\/div><\/div><div class=\"vc_row wpb_row vc_row-fluid\"><div class=\"wpb_column vc_column_container vc_col-sm-12\"><div class=\"vc_column-inner\"><div class=\"wpb_wrapper\"><div style=\"background-color:;height: 30px\" class=\"nicdark_section\"><\/div><\/div><\/div><\/div><\/div><div class=\"vc_row wpb_row vc_row-fluid\"><div class=\"wpb_column vc_column_container vc_col-sm-6\"><div class=\"vc_column-inner\"><div class=\"wpb_wrapper\">\n\t<div  class=\"wpb_single_image wpb_content_element vc_align_left\">\n\t\t\n\t\t<figure class=\"wpb_wrapper vc_figure\">\n\t\t\t<div class=\"vc_single_image-wrapper   vc_box_border_grey\"><img fetchpriority=\"high\" decoding=\"async\" width=\"1200\" height=\"900\" src=\"https:\/\/ujinn.pl\/wp-content\/uploads\/2025\/04\/Stoisko-promocyjne_4.jpg\" class=\"vc_single_image-img attachment-full\" alt=\"Stoisko promocyjne UJ - produkty\" title=\"Stoisko-promocyjne_4\" srcset=\"https:\/\/ujinn.pl\/wp-content\/uploads\/2025\/04\/Stoisko-promocyjne_4.jpg 1200w, https:\/\/ujinn.pl\/wp-content\/uploads\/2025\/04\/Stoisko-promocyjne_4-300x225.jpg 300w, https:\/\/ujinn.pl\/wp-content\/uploads\/2025\/04\/Stoisko-promocyjne_4-1024x768.jpg 1024w, https:\/\/ujinn.pl\/wp-content\/uploads\/2025\/04\/Stoisko-promocyjne_4-768x576.jpg 768w, https:\/\/ujinn.pl\/wp-content\/uploads\/2025\/04\/Stoisko-promocyjne_4-16x12.jpg 16w\" sizes=\"(max-width: 1200px) 100vw, 1200px\" \/><\/div>\n\t\t<\/figure>\n\t<\/div>\n<\/div><\/div><\/div><div class=\"wpb_column vc_column_container vc_col-sm-6\"><div class=\"vc_column-inner\"><div class=\"wpb_wrapper\"><div style=\"background-color:;height: 20px\" class=\"nicdark_section\"><\/div>\n\t<div class=\"wpb_text_column wpb_content_element\" >\n\t\t<div class=\"wpb_wrapper\">\n\t\t\t<p>W ofercie Stoisk Promocyjnych znajduj\u0105 si\u0119 liczne gad\u017cety promuj\u0105ce Uniwersytet Jagiello\u0144ski, m. in.:<\/p>\n<ul>\n<li>odzie\u017c: bluzy, swetry, koszulki oraz pozosta\u0142e dodatki odzie\u017cowe;<\/li>\n<li>kubki, bidony, butelki;<\/li>\n<li>torby, worki i plecaki;<\/li>\n<li>artyku\u0142y pi\u015bmiennicze: pi\u00f3ra wieczne i kulkowe, d\u0142ugopisy, o\u0142\u00f3wki;<\/li>\n<li>notesy oraz pozosta\u0142e artyku\u0142y biurowe;<\/li>\n<li>galanteria sk\u00f3rzana, jedwabna oraz we\u0142niana;<\/li>\n<li>opakowania prezentowe;<\/li>\n<li>akcesoria komputerowo-telefoniczne;<\/li>\n<li>przewodniki i albumy zwi\u0105zane z Uniwersytetem Jagiello\u0144skim;<\/li>\n<\/ul>\n<p>oraz wiele innych pami\u0105tek i materia\u0142\u00f3w promocyjnych.<\/p>\n\n\t\t<\/div>\n\t<\/div>\n<div style=\"background-color:;height: 20px\" class=\"nicdark_section\"><\/div><\/div><\/div><\/div><\/div><div class=\"vc_row wpb_row vc_row-fluid\"><div class=\"wpb_column vc_column_container vc_col-sm-12\"><div class=\"vc_column-inner\"><div class=\"wpb_wrapper\"><div style=\"background-color:;height: 30px\" class=\"nicdark_section\"><\/div><\/div><\/div><\/div><\/div><div class=\"vc_row wpb_row vc_row-fluid\"><div class=\"wpb_column vc_column_container vc_col-sm-4\"><div class=\"vc_column-inner\"><div class=\"wpb_wrapper\"><div style=\"background-color:;height: 20px\" class=\"nicdark_section\"><\/div>\n\t<div  class=\"wpb_single_image wpb_content_element vc_align_left\">\n\t\t\n\t\t<figure class=\"wpb_wrapper vc_figure\">\n\t\t\t<div class=\"vc_single_image-wrapper   vc_box_border_grey\"><img decoding=\"async\" width=\"960\" height=\"641\" src=\"https:\/\/ujinn.pl\/wp-content\/uploads\/2025\/01\/DSC_7638.jpg\" class=\"vc_single_image-img attachment-full\" alt=\"\" title=\"DSC_7638\" srcset=\"https:\/\/ujinn.pl\/wp-content\/uploads\/2025\/01\/DSC_7638.jpg 960w, https:\/\/ujinn.pl\/wp-content\/uploads\/2025\/01\/DSC_7638-300x200.jpg 300w, https:\/\/ujinn.pl\/wp-content\/uploads\/2025\/01\/DSC_7638-768x513.jpg 768w, https:\/\/ujinn.pl\/wp-content\/uploads\/2025\/01\/DSC_7638-18x12.jpg 18w\" sizes=\"(max-width: 960px) 100vw, 960px\" \/><\/div>\n\t\t<\/figure>\n\t<\/div>\n<\/div><\/div><\/div><div class=\"wpb_column vc_column_container vc_col-sm-4\"><div class=\"vc_column-inner\"><div class=\"wpb_wrapper\"><div style=\"background-color:;height: 20px\" class=\"nicdark_section\"><\/div>\n\t<div  class=\"wpb_single_image wpb_content_element vc_align_left\">\n\t\t\n\t\t<figure class=\"wpb_wrapper vc_figure\">\n\t\t\t<div class=\"vc_single_image-wrapper   vc_box_border_grey\"><img decoding=\"async\" width=\"960\" height=\"641\" src=\"https:\/\/ujinn.pl\/wp-content\/uploads\/2025\/01\/DSC_7396-min-min-Duzy.jpg\" class=\"vc_single_image-img attachment-full\" alt=\"\" title=\"DSC_7396-min-min (Du\u017cy)\" srcset=\"https:\/\/ujinn.pl\/wp-content\/uploads\/2025\/01\/DSC_7396-min-min-Duzy.jpg 960w, https:\/\/ujinn.pl\/wp-content\/uploads\/2025\/01\/DSC_7396-min-min-Duzy-300x200.jpg 300w, https:\/\/ujinn.pl\/wp-content\/uploads\/2025\/01\/DSC_7396-min-min-Duzy-768x513.jpg 768w, https:\/\/ujinn.pl\/wp-content\/uploads\/2025\/01\/DSC_7396-min-min-Duzy-18x12.jpg 18w\" sizes=\"(max-width: 960px) 100vw, 960px\" \/><\/div>\n\t\t<\/figure>\n\t<\/div>\n<\/div><\/div><\/div><div class=\"wpb_column vc_column_container vc_col-sm-4\"><div class=\"vc_column-inner\"><div class=\"wpb_wrapper\"><div style=\"background-color:;height: 20px\" class=\"nicdark_section\"><\/div>\n\t<div  class=\"wpb_single_image wpb_content_element vc_align_left\">\n\t\t\n\t\t<figure class=\"wpb_wrapper vc_figure\">\n\t\t\t<div class=\"vc_single_image-wrapper   vc_box_border_grey\"><img loading=\"lazy\" decoding=\"async\" width=\"1200\" height=\"801\" src=\"https:\/\/ujinn.pl\/wp-content\/uploads\/2025\/04\/Stoisko-promocyjne_13.jpg\" class=\"vc_single_image-img attachment-full\" alt=\"Stoisko promocyjne UJ - produkty\" title=\"Stoisko-promocyjne_13\" srcset=\"https:\/\/ujinn.pl\/wp-content\/uploads\/2025\/04\/Stoisko-promocyjne_13.jpg 1200w, https:\/\/ujinn.pl\/wp-content\/uploads\/2025\/04\/Stoisko-promocyjne_13-300x200.jpg 300w, https:\/\/ujinn.pl\/wp-content\/uploads\/2025\/04\/Stoisko-promocyjne_13-1024x684.jpg 1024w, https:\/\/ujinn.pl\/wp-content\/uploads\/2025\/04\/Stoisko-promocyjne_13-768x513.jpg 768w, https:\/\/ujinn.pl\/wp-content\/uploads\/2025\/04\/Stoisko-promocyjne_13-18x12.jpg 18w\" sizes=\"(max-width: 1200px) 100vw, 1200px\" \/><\/div>\n\t\t<\/figure>\n\t<\/div>\n<\/div><\/div><\/div><\/div><div class=\"vc_row wpb_row vc_row-fluid\"><div class=\"wpb_column vc_column_container vc_col-sm-12\"><div class=\"vc_column-inner\"><div class=\"wpb_wrapper\"><div style=\"background-color:;height: 50px\" class=\"nicdark_section\"><\/div><\/div><\/div><\/div><\/div><div data-vc-full-width=\"true\" data-vc-full-width-init=\"false\" class=\"vc_row wpb_row vc_row-fluid\"><div class=\"wpb_column vc_column_container vc_col-sm-12\"><div class=\"vc_column-inner\"><div class=\"wpb_wrapper\"><div class=\"vc_row wpb_row vc_inner vc_row-fluid\"><div class=\"wpb_column vc_column_container vc_col-sm-4\"><div class=\"vc_column-inner\"><div class=\"wpb_wrapper\">\n\t<div  class=\"wpb_single_image wpb_content_element vc_align_left\">\n\t\t\n\t\t<figure class=\"wpb_wrapper vc_figure\">\n\t\t\t<div class=\"vc_single_image-wrapper   vc_box_border_grey\"><img loading=\"lazy\" decoding=\"async\" width=\"1200\" height=\"900\" src=\"https:\/\/ujinn.pl\/wp-content\/uploads\/2025\/04\/Stoisko-promocyjne_7.jpg\" class=\"vc_single_image-img attachment-full\" alt=\"Stoisko promocyjne UJ - produkty\" title=\"Stoisko-promocyjne_7\" srcset=\"https:\/\/ujinn.pl\/wp-content\/uploads\/2025\/04\/Stoisko-promocyjne_7.jpg 1200w, https:\/\/ujinn.pl\/wp-content\/uploads\/2025\/04\/Stoisko-promocyjne_7-300x225.jpg 300w, https:\/\/ujinn.pl\/wp-content\/uploads\/2025\/04\/Stoisko-promocyjne_7-1024x768.jpg 1024w, https:\/\/ujinn.pl\/wp-content\/uploads\/2025\/04\/Stoisko-promocyjne_7-768x576.jpg 768w, https:\/\/ujinn.pl\/wp-content\/uploads\/2025\/04\/Stoisko-promocyjne_7-16x12.jpg 16w\" sizes=\"(max-width: 1200px) 100vw, 1200px\" \/><\/div>\n\t\t<\/figure>\n\t<\/div>\n<div style=\"background-color:;height: 50px\" class=\"nicdark_section\"><\/div><\/div><\/div><\/div><div class=\"wpb_column vc_column_container vc_col-sm-4\"><div class=\"vc_column-inner\"><div class=\"wpb_wrapper\">\n\t<div  class=\"wpb_single_image wpb_content_element vc_align_left\">\n\t\t\n\t\t<figure class=\"wpb_wrapper vc_figure\">\n\t\t\t<div class=\"vc_single_image-wrapper   vc_box_border_grey\"><img loading=\"lazy\" decoding=\"async\" width=\"1200\" height=\"900\" src=\"https:\/\/ujinn.pl\/wp-content\/uploads\/2025\/04\/Stoisko-promocyjne_8.jpg\" class=\"vc_single_image-img attachment-full\" alt=\"Stoisko promocyjne UJ - produkty\" title=\"Stoisko-promocyjne_8\" srcset=\"https:\/\/ujinn.pl\/wp-content\/uploads\/2025\/04\/Stoisko-promocyjne_8.jpg 1200w, https:\/\/ujinn.pl\/wp-content\/uploads\/2025\/04\/Stoisko-promocyjne_8-300x225.jpg 300w, https:\/\/ujinn.pl\/wp-content\/uploads\/2025\/04\/Stoisko-promocyjne_8-1024x768.jpg 1024w, https:\/\/ujinn.pl\/wp-content\/uploads\/2025\/04\/Stoisko-promocyjne_8-768x576.jpg 768w, https:\/\/ujinn.pl\/wp-content\/uploads\/2025\/04\/Stoisko-promocyjne_8-16x12.jpg 16w\" sizes=\"(max-width: 1200px) 100vw, 1200px\" \/><\/div>\n\t\t<\/figure>\n\t<\/div>\n<div style=\"background-color:;height: 50px\" class=\"nicdark_section\"><\/div><\/div><\/div><\/div><div class=\"wpb_column vc_column_container vc_col-sm-4\"><div class=\"vc_column-inner\"><div class=\"wpb_wrapper\">\n\t<div  class=\"wpb_single_image wpb_content_element vc_align_left\">\n\t\t\n\t\t<figure class=\"wpb_wrapper vc_figure\">\n\t\t\t<div class=\"vc_single_image-wrapper   vc_box_border_grey\"><img loading=\"lazy\" decoding=\"async\" width=\"1200\" height=\"900\" src=\"https:\/\/ujinn.pl\/wp-content\/uploads\/2025\/04\/Stoisko-promocyjne_6.jpg\" class=\"vc_single_image-img attachment-full\" alt=\"Stoisko promocyjne UJ - produkty\" title=\"Stoisko-promocyjne_6\" srcset=\"https:\/\/ujinn.pl\/wp-content\/uploads\/2025\/04\/Stoisko-promocyjne_6.jpg 1200w, https:\/\/ujinn.pl\/wp-content\/uploads\/2025\/04\/Stoisko-promocyjne_6-300x225.jpg 300w, https:\/\/ujinn.pl\/wp-content\/uploads\/2025\/04\/Stoisko-promocyjne_6-1024x768.jpg 1024w, https:\/\/ujinn.pl\/wp-content\/uploads\/2025\/04\/Stoisko-promocyjne_6-768x576.jpg 768w, https:\/\/ujinn.pl\/wp-content\/uploads\/2025\/04\/Stoisko-promocyjne_6-16x12.jpg 16w\" sizes=\"(max-width: 1200px) 100vw, 1200px\" \/><\/div>\n\t\t<\/figure>\n\t<\/div>\n<div style=\"background-color:;height: 50px\" class=\"nicdark_section\"><\/div><\/div><\/div><\/div><\/div><\/div><\/div><\/div><\/div><div class=\"vc_row-full-width vc_clearfix\"><\/div><div data-vc-full-width=\"true\" data-vc-full-width-init=\"false\" class=\"vc_row wpb_row vc_row-fluid\"><div class=\"wpb_column vc_column_container vc_col-sm-12\"><div class=\"vc_column-inner\"><div class=\"wpb_wrapper\"><div class=\"vc_row wpb_row vc_inner vc_row-fluid\"><div class=\"wpb_column vc_column_container vc_col-sm-4\"><div class=\"vc_column-inner\"><div class=\"wpb_wrapper\">\n\t<div  class=\"wpb_single_image wpb_content_element vc_align_left\">\n\t\t\n\t\t<figure class=\"wpb_wrapper vc_figure\">\n\t\t\t<div class=\"vc_single_image-wrapper   vc_box_border_grey\"><img loading=\"lazy\" decoding=\"async\" width=\"721\" height=\"959\" src=\"https:\/\/ujinn.pl\/wp-content\/uploads\/2025\/04\/Stoisko-promocyjne_18.jpg\" class=\"vc_single_image-img attachment-full\" alt=\"Stoisko promocyjne UJ - studentka z torb\u0105\" title=\"Stoisko-promocyjne_18\" srcset=\"https:\/\/ujinn.pl\/wp-content\/uploads\/2025\/04\/Stoisko-promocyjne_18.jpg 721w, https:\/\/ujinn.pl\/wp-content\/uploads\/2025\/04\/Stoisko-promocyjne_18-226x300.jpg 226w, https:\/\/ujinn.pl\/wp-content\/uploads\/2025\/04\/Stoisko-promocyjne_18-9x12.jpg 9w\" sizes=\"(max-width: 721px) 100vw, 721px\" \/><\/div>\n\t\t<\/figure>\n\t<\/div>\n<div style=\"background-color:;height: 50px\" class=\"nicdark_section\"><\/div><\/div><\/div><\/div><div class=\"wpb_column vc_column_container vc_col-sm-4\"><div class=\"vc_column-inner\"><div class=\"wpb_wrapper\">\n\t<div  class=\"wpb_single_image wpb_content_element vc_align_left\">\n\t\t\n\t\t<figure class=\"wpb_wrapper vc_figure\">\n\t\t\t<div class=\"vc_single_image-wrapper   vc_box_border_grey\"><img loading=\"lazy\" decoding=\"async\" width=\"960\" height=\"1278\" src=\"https:\/\/ujinn.pl\/wp-content\/uploads\/2025\/04\/Stoisko-promocyjne_16.jpg\" class=\"vc_single_image-img attachment-full\" alt=\"Stoisko promocyjne UJ - szalik na pomniku\" title=\"Stoisko-promocyjne_16\" srcset=\"https:\/\/ujinn.pl\/wp-content\/uploads\/2025\/04\/Stoisko-promocyjne_16.jpg 960w, https:\/\/ujinn.pl\/wp-content\/uploads\/2025\/04\/Stoisko-promocyjne_16-225x300.jpg 225w, https:\/\/ujinn.pl\/wp-content\/uploads\/2025\/04\/Stoisko-promocyjne_16-769x1024.jpg 769w, https:\/\/ujinn.pl\/wp-content\/uploads\/2025\/04\/Stoisko-promocyjne_16-768x1022.jpg 768w, https:\/\/ujinn.pl\/wp-content\/uploads\/2025\/04\/Stoisko-promocyjne_16-9x12.jpg 9w\" sizes=\"(max-width: 960px) 100vw, 960px\" \/><\/div>\n\t\t<\/figure>\n\t<\/div>\n<div style=\"background-color:;height: 50px\" class=\"nicdark_section\"><\/div><\/div><\/div><\/div><div class=\"wpb_column vc_column_container vc_col-sm-4\"><div class=\"vc_column-inner\"><div class=\"wpb_wrapper\">\n\t<div  class=\"wpb_single_image wpb_content_element vc_align_left\">\n\t\t\n\t\t<figure class=\"wpb_wrapper vc_figure\">\n\t\t\t<div class=\"vc_single_image-wrapper   vc_box_border_grey\"><img loading=\"lazy\" decoding=\"async\" width=\"960\" height=\"1278\" src=\"https:\/\/ujinn.pl\/wp-content\/uploads\/2025\/04\/Stoisko-promocyjne_17.jpg\" class=\"vc_single_image-img attachment-full\" alt=\"Stoisko promocyjne UJ - gra Gaudeamus\" title=\"Stoisko-promocyjne_17\" srcset=\"https:\/\/ujinn.pl\/wp-content\/uploads\/2025\/04\/Stoisko-promocyjne_17.jpg 960w, https:\/\/ujinn.pl\/wp-content\/uploads\/2025\/04\/Stoisko-promocyjne_17-225x300.jpg 225w, https:\/\/ujinn.pl\/wp-content\/uploads\/2025\/04\/Stoisko-promocyjne_17-769x1024.jpg 769w, https:\/\/ujinn.pl\/wp-content\/uploads\/2025\/04\/Stoisko-promocyjne_17-768x1022.jpg 768w, https:\/\/ujinn.pl\/wp-content\/uploads\/2025\/04\/Stoisko-promocyjne_17-9x12.jpg 9w\" sizes=\"(max-width: 960px) 100vw, 960px\" \/><\/div>\n\t\t<\/figure>\n\t<\/div>\n<div style=\"background-color:;height: 50px\" class=\"nicdark_section\"><\/div><\/div><\/div><\/div><\/div><\/div><\/div><\/div><\/div><div class=\"vc_row-full-width vc_clearfix\"><\/div><div data-vc-full-width=\"true\" data-vc-full-width-init=\"false\" class=\"vc_row wpb_row vc_row-fluid vc_custom_1692974303639 vc_row-has-fill\"><div class=\"wpb_column vc_column_container vc_col-sm-12\"><div class=\"vc_column-inner\"><div class=\"wpb_wrapper\"><div class=\"vc_empty_space\"   style=\"height: 1px\"><span class=\"vc_empty_space_inner\"><\/span><\/div><\/div><\/div><\/div><\/div><div class=\"vc_row-full-width vc_clearfix\"><\/div><div class=\"vc_row wpb_row vc_row-fluid\"><div class=\"wpb_column vc_column_container vc_col-sm-6\"><div class=\"vc_column-inner\"><div class=\"wpb_wrapper\"><div style=\"background-color:;height: 30px\" class=\"nicdark_section\"><\/div>\n\t<div class=\"wpb_text_column wpb_content_element\" >\n\t\t<div class=\"wpb_wrapper\">\n\t\t\t<p><strong>Stoisko Promocyjne w Muzeum UJ Collegium Maius<\/strong><br \/>\nadres: ul. Jagiello\u0144ska 15, 31-010 Krak\u00f3w<br \/>\nemail: sklep-maius@uj.edu.pl<br \/>\ntelefon: +48 12 663 15 22<\/p>\n<p><a href=\"https:\/\/promocja.uj.edu.pl\/materialy-promocyjne\" target=\"_blank\" rel=\"noopener\">https:\/\/promocja.uj.edu.pl\/materialy-promocyjne<\/a><\/p>\n\n\t\t<\/div>\n\t<\/div>\n<div class=\"vc_row wpb_row vc_inner vc_row-fluid\"><div class=\"wpb_column vc_column_container vc_col-sm-2\"><div class=\"vc_column-inner\"><div class=\"wpb_wrapper\"><\/div><\/div><\/div><div class=\"wpb_column vc_column_container vc_col-sm-2\"><div class=\"vc_column-inner\"><div class=\"wpb_wrapper\"><\/div><\/div><\/div><div class=\"wpb_column vc_column_container vc_col-sm-2\"><div class=\"vc_column-inner\"><div class=\"wpb_wrapper\"><\/div><\/div><\/div><div class=\"wpb_column vc_column_container vc_col-sm-2\"><div class=\"vc_column-inner\"><div class=\"wpb_wrapper\"><\/div><\/div><\/div><div class=\"wpb_column vc_column_container vc_col-sm-2\"><div class=\"vc_column-inner\"><div class=\"wpb_wrapper\"><\/div><\/div><\/div><div class=\"wpb_column vc_column_container vc_col-sm-2\"><div class=\"vc_column-inner\"><div class=\"wpb_wrapper\"><\/div><\/div><\/div><\/div><div class=\"vc_icon_element vc_icon_element-outer vc_icon_element-align-left vc_icon_element-have-style\"><div class=\"vc_icon_element-inner vc_icon_element-color-black vc_icon_element-have-style-inner vc_icon_element-size-md vc_icon_element-style-rounded vc_icon_element-background vc_icon_element-background-color-white\" ><span class=\"vc_icon_element-icon fab fa-instagram\" ><\/span><a class=\"vc_icon_element-link\" href=\"https:\/\/www.instagram.com\/uj.merch\/\"  title=\"Instagram Merch Uniwersytetu Jagiello\u0144skiego\" target=\"_blank\"><\/a><\/div><\/div>\n\t<div class=\"wpb_text_column wpb_content_element\" >\n\t\t<div class=\"wpb_wrapper\">\n\t\t\t<p><u><a href=\"https:\/\/ujinn.pl\/en\/deklaracja-dostepnosci\/\">Deklaracja dost\u0119pno\u015bci<\/a><\/u><\/p>\n\n\t\t<\/div>\n\t<\/div>\n<\/div><\/div><\/div><div class=\"wpb_column vc_column_container vc_col-sm-6\"><div class=\"vc_column-inner\"><div class=\"wpb_wrapper\"><div style=\"background-color:;height: 30px\" class=\"nicdark_section\"><\/div>\n\t<div class=\"wpb_text_column wpb_content_element\" >\n\t\t<div class=\"wpb_wrapper\">\n\t\t\t<p><strong>Stoisko Promocyjne Online<\/strong><br \/>\nadres: ul. Micha\u0142owskiego 9\/3, 31-126 Krak\u00f3w<br \/>\nemail: stoisko-online@uj.edu.pl<br \/>\ntelefon: + 48 506 006 756<\/p>\n<p><a href=\"https:\/\/stoisko-online.uj.edu.pl\/\" target=\"_blank\" rel=\"noopener\">https:\/\/stoisko-online.uj.edu.pl\/<\/a><\/p>\n\n\t\t<\/div>\n\t<\/div>\n<div style=\"background-color:;height: 30px\" class=\"nicdark_section\"><\/div><\/div><\/div><\/div><\/div>\n<\/section>","protected":false},"excerpt":{"rendered":"STOISKO PROMOCYJNE O NAS OFERTA GALERIA KONTAKT W ofercie Stoisk Promocyjnych znajduj\u0105 si\u0119 liczne gad\u017cety promuj\u0105ce Uniwersytet Jagiello\u0144ski, m. in.: odzie\u017c: bluzy, swetry, koszulki oraz pozosta\u0142e dodatki odzie\u017cowe; kubki, bidony, butelki; torby, worki i plecaki; artyku\u0142y pi\u015bmiennicze: pi\u00f3ra wieczne i kulkowe, d\u0142ugopisy, o\u0142\u00f3wki; notesy oraz pozosta\u0142e artyku\u0142y biurowe; galanteria sk\u00f3rzana, jedwabna oraz we\u0142niana; opakowania prezentowe; [...]","protected":false},"author":1,"featured_media":0,"parent":4097,"menu_order":2,"comment_status":"closed","ping_status":"closed","template":"","meta":{"footnotes":""},"class_list":["post-4132","page","type-page","status-publish","hentry"],"_links":{"self":[{"href":"https:\/\/ujinn.pl\/en\/wp-json\/wp\/v2\/pages\/4132","targetHints":{"allow":["GET"]}}],"collection":[{"href":"https:\/\/ujinn.pl\/en\/wp-json\/wp\/v2\/pages"}],"about":[{"href":"https:\/\/ujinn.pl\/en\/wp-json\/wp\/v2\/types\/page"}],"author":[{"embeddable":true,"href":"https:\/\/ujinn.pl\/en\/wp-json\/wp\/v2\/users\/1"}],"replies":[{"embeddable":true,"href":"https:\/\/ujinn.pl\/en\/wp-json\/wp\/v2\/comments?post=4132"}],"version-history":[{"count":17,"href":"https:\/\/ujinn.pl\/en\/wp-json\/wp\/v2\/pages\/4132\/revisions"}],"predecessor-version":[{"id":4241,"href":"https:\/\/ujinn.pl\/en\/wp-json\/wp\/v2\/pages\/4132\/revisions\/4241"}],"up":[{"embeddable":true,"href":"https:\/\/ujinn.pl\/en\/wp-json\/wp\/v2\/pages\/4097"}],"wp:attachment":[{"href":"https:\/\/ujinn.pl\/en\/wp-json\/wp\/v2\/media?parent=4132"}],"curies":[{"name":"wp","href":"https:\/\/api.w.org\/{rel}","templated":true}]}}