{"id":4160,"date":"2025-01-27T15:14:41","date_gmt":"2025-01-27T14:14:41","guid":{"rendered":"https:\/\/ujinn.pl\/?page_id=4160"},"modified":"2025-04-09T14:51:26","modified_gmt":"2025-04-09T12:51:26","slug":"galeria","status":"publish","type":"page","link":"https:\/\/ujinn.pl\/en\/stoisko-promocyjne\/galeria\/","title":{"rendered":"Gallery"},"content":{"rendered":"<section class=\"wpb-content-wrapper\"><div class=\"vc_row wpb_row vc_row-fluid\"><div class=\"wpb_column vc_column_container vc_col-sm-12\"><div class=\"vc_column-inner\"><div class=\"wpb_wrapper\"><div class=\"nd_options_menu_component nd_options_section nd_options_menu_component_499\"><div class=\"menu-menu-stoiska-container\"><ul id=\"menu-menu-stoiska\" class=\"menu\"><li id=\"menu-item-4108\" class=\"menu-item menu-item-type-post_type menu-item-object-page menu-item-4108\"><a href=\"https:\/\/ujinn.pl\/en\/stoisko-promocyjne\/\">STOISKO PROMOCYJNE<\/a><\/li>\n<li id=\"menu-item-4107\" class=\"menu-item menu-item-type-post_type menu-item-object-page menu-item-4107\"><a href=\"https:\/\/ujinn.pl\/en\/stoisko-promocyjne\/o-nas\/\">ABOUT US<\/a><\/li>\n<li id=\"menu-item-4158\" class=\"menu-item menu-item-type-post_type menu-item-object-page menu-item-4158\"><a href=\"https:\/\/ujinn.pl\/en\/stoisko-promocyjne\/oferta\/\">WHAT WE OFFER<\/a><\/li>\n<li id=\"menu-item-4180\" class=\"menu-item menu-item-type-post_type menu-item-object-page menu-item-4180\"><a href=\"https:\/\/ujinn.pl\/en\/stoisko-promocyjne\/galeria\/\">GALLERY<\/a><\/li>\n<li id=\"menu-item-4186\" class=\"menu-item menu-item-type-post_type menu-item-object-page menu-item-4186\"><a href=\"https:\/\/ujinn.pl\/en\/stoisko-promocyjne\/kontakt\/\">CONTACT<\/a><\/li>\n<\/ul><\/div><\/div><\/div><\/div><\/div><\/div><div class=\"vc_row wpb_row vc_row-fluid\"><div class=\"wpb_column vc_column_container vc_col-sm-12\"><div class=\"vc_column-inner\"><div class=\"wpb_wrapper\"><div style=\"background-color:;height: 30px\" class=\"nicdark_section\"><\/div><\/div><\/div><\/div><\/div><div class=\"vc_row wpb_row vc_row-fluid\"><div class=\"wpb_column vc_column_container vc_col-sm-12\"><div class=\"vc_column-inner\"><div class=\"wpb_wrapper\">\n<div class=\"vc_grid-container-wrapper vc_clearfix vc_grid-animation-zoomIn\">\n\t<div class=\"vc_grid-container vc_clearfix wpb_content_element vc_masonry_media_grid\" data-initial-loading-animation=\"zoomIn\" data-vc-grid-settings=\"{&quot;page_id&quot;:4160,&quot;style&quot;:&quot;all-masonry&quot;,&quot;action&quot;:&quot;vc_get_vc_grid_data&quot;,&quot;shortcode_id&quot;:&quot;1744202680711-ec19b4ed-6fad-8&quot;,&quot;tag&quot;:&quot;vc_masonry_media_grid&quot;}\" data-vc-request=\"https:\/\/ujinn.pl\/wp-admin\/admin-ajax.php\" data-vc-post-id=\"4160\" data-vc-public-nonce=\"2e31947d6b\">\n\t\t\n\t<\/div>\n<\/div><\/div><\/div><\/div><\/div><div class=\"vc_row wpb_row vc_row-fluid\"><div class=\"wpb_column vc_column_container vc_col-sm-12\"><div class=\"vc_column-inner\"><div class=\"wpb_wrapper\"><div style=\"background-color:;height: 30px\" class=\"nicdark_section\"><\/div><\/div><\/div><\/div><\/div><div data-vc-full-width=\"true\" data-vc-full-width-init=\"false\" class=\"vc_row wpb_row vc_row-fluid vc_custom_1692974303639 vc_row-has-fill\"><div class=\"wpb_column vc_column_container vc_col-sm-12\"><div class=\"vc_column-inner\"><div class=\"wpb_wrapper\"><div class=\"vc_empty_space\"   style=\"height: 1px\"><span class=\"vc_empty_space_inner\"><\/span><\/div><\/div><\/div><\/div><\/div><div class=\"vc_row-full-width vc_clearfix\"><\/div><div class=\"vc_row wpb_row vc_row-fluid\"><div class=\"wpb_column vc_column_container vc_col-sm-6\"><div class=\"vc_column-inner\"><div class=\"wpb_wrapper\"><div style=\"background-color:;height: 30px\" class=\"nicdark_section\"><\/div>\n\t<div class=\"wpb_text_column wpb_content_element\" >\n\t\t<div class=\"wpb_wrapper\">\n\t\t\t<p><strong>Stoisko Promocyjne w Muzeum UJ Collegium Maius<\/strong><br \/>\nadres: ul. Jagiello\u0144ska 15, 31-010 Krak\u00f3w<br \/>\nemail: sklep-maius@uj.edu.pl<br \/>\ntelefon: + 48 12 663 15 22<\/p>\n<p><a href=\"https:\/\/promocja.uj.edu.pl\/materialy-promocyjne\" target=\"_blank\" rel=\"noopener\">https:\/\/promocja.uj.edu.pl\/materialy-promocyjne<\/a><\/p>\n\n\t\t<\/div>\n\t<\/div>\n<div class=\"vc_row wpb_row vc_inner vc_row-fluid\"><div class=\"wpb_column vc_column_container vc_col-sm-2\"><div class=\"vc_column-inner\"><div class=\"wpb_wrapper\"><\/div><\/div><\/div><div class=\"wpb_column vc_column_container vc_col-sm-2\"><div class=\"vc_column-inner\"><div class=\"wpb_wrapper\"><\/div><\/div><\/div><div class=\"wpb_column vc_column_container vc_col-sm-2\"><div class=\"vc_column-inner\"><div class=\"wpb_wrapper\"><\/div><\/div><\/div><div class=\"wpb_column vc_column_container vc_col-sm-2\"><div class=\"vc_column-inner\"><div class=\"wpb_wrapper\"><\/div><\/div><\/div><div class=\"wpb_column vc_column_container vc_col-sm-2\"><div class=\"vc_column-inner\"><div class=\"wpb_wrapper\"><\/div><\/div><\/div><div class=\"wpb_column vc_column_container vc_col-sm-2\"><div class=\"vc_column-inner\"><div class=\"wpb_wrapper\"><\/div><\/div><\/div><\/div><div class=\"vc_icon_element vc_icon_element-outer vc_icon_element-align-left vc_icon_element-have-style\"><div class=\"vc_icon_element-inner vc_icon_element-color-black vc_icon_element-have-style-inner vc_icon_element-size-md vc_icon_element-style-rounded vc_icon_element-background vc_icon_element-background-color-white\" ><span class=\"vc_icon_element-icon fab fa-instagram\" ><\/span><a class=\"vc_icon_element-link\" href=\"https:\/\/www.instagram.com\/uj.merch\/\"  title=\"Instagram Merch Uniwersytetu Jagiello\u0144skiego\" target=\"_blank\"><\/a><\/div><\/div>\n\t<div class=\"wpb_text_column wpb_content_element\" >\n\t\t<div class=\"wpb_wrapper\">\n\t\t\t<p><u><a href=\"https:\/\/ujinn.pl\/en\/deklaracja-dostepnosci\/\">Deklaracja dost\u0119pno\u015bci<\/a><\/u><\/p>\n\n\t\t<\/div>\n\t<\/div>\n<\/div><\/div><\/div><div class=\"wpb_column vc_column_container vc_col-sm-6\"><div class=\"vc_column-inner\"><div class=\"wpb_wrapper\"><div style=\"background-color:;height: 30px\" class=\"nicdark_section\"><\/div>\n\t<div class=\"wpb_text_column wpb_content_element\" >\n\t\t<div class=\"wpb_wrapper\">\n\t\t\t<p><strong>Stoisko Promocyjne Online<\/strong><br \/>\nadres: ul. Micha\u0142owskiego 9\/3, 31-126 Krak\u00f3w<br \/>\nemail: stoisko-online@uj.edu.pl<br \/>\ntelefon: +48 506 006 756<\/p>\n<p><a href=\"https:\/\/stoisko-online.uj.edu.pl\/\" target=\"_blank\" rel=\"noopener\">https:\/\/stoisko-online.uj.edu.pl\/<\/a><\/p>\n\n\t\t<\/div>\n\t<\/div>\n<\/div><\/div><\/div><\/div><div class=\"vc_row wpb_row vc_row-fluid\"><div class=\"wpb_column vc_column_container vc_col-sm-12\"><div class=\"vc_column-inner\"><div class=\"wpb_wrapper\"><div style=\"background-color:;height: 30px\" class=\"nicdark_section\"><\/div><\/div><\/div><\/div><\/div>\n<\/section>","protected":false},"excerpt":{"rendered":"STOISKO PROMOCYJNE O NAS OFERTA GALERIA KONTAKT Stoisko Promocyjne w Muzeum UJ Collegium Maius adres: ul. Jagiello\u0144ska 15, 31-010 Krak\u00f3w email: sklep-maius@uj.edu.pl telefon: + 48 12 663 15 22 https:\/\/promocja.uj.edu.pl\/materialy-promocyjne Deklaracja dost\u0119pno\u015bci Stoisko Promocyjne Online adres: ul. Micha\u0142owskiego 9\/3, 31-126 Krak\u00f3w email: stoisko-online@uj.edu.pl telefon: +48 506 006 756 https:\/\/stoisko-online.uj.edu.pl\/","protected":false},"author":1,"featured_media":0,"parent":4097,"menu_order":3,"comment_status":"closed","ping_status":"closed","template":"","meta":{"footnotes":""},"class_list":["post-4160","page","type-page","status-publish","hentry"],"_links":{"self":[{"href":"https:\/\/ujinn.pl\/en\/wp-json\/wp\/v2\/pages\/4160","targetHints":{"allow":["GET"]}}],"collection":[{"href":"https:\/\/ujinn.pl\/en\/wp-json\/wp\/v2\/pages"}],"about":[{"href":"https:\/\/ujinn.pl\/en\/wp-json\/wp\/v2\/types\/page"}],"author":[{"embeddable":true,"href":"https:\/\/ujinn.pl\/en\/wp-json\/wp\/v2\/users\/1"}],"replies":[{"embeddable":true,"href":"https:\/\/ujinn.pl\/en\/wp-json\/wp\/v2\/comments?post=4160"}],"version-history":[{"count":5,"href":"https:\/\/ujinn.pl\/en\/wp-json\/wp\/v2\/pages\/4160\/revisions"}],"predecessor-version":[{"id":4254,"href":"https:\/\/ujinn.pl\/en\/wp-json\/wp\/v2\/pages\/4160\/revisions\/4254"}],"up":[{"embeddable":true,"href":"https:\/\/ujinn.pl\/en\/wp-json\/wp\/v2\/pages\/4097"}],"wp:attachment":[{"href":"https:\/\/ujinn.pl\/en\/wp-json\/wp\/v2\/media?parent=4160"}],"curies":[{"name":"wp","href":"https:\/\/api.w.org\/{rel}","templated":true}]}}