{"id":4356,"date":"2026-01-09T09:25:58","date_gmt":"2026-01-09T08:25:58","guid":{"rendered":"https:\/\/ujinn.pl\/?page_id=4356"},"modified":"2026-01-09T12:21:16","modified_gmt":"2026-01-09T11:21:16","slug":"cookies","status":"publish","type":"page","link":"https:\/\/ujinn.pl\/en\/cookies\/","title":{"rendered":"Ustawienia ciasteczek"},"content":{"rendered":"<p>&nbsp;<\/p>\n<h2>Niniejsza strona korzysta z plik\u00f3w cookie<\/h2>\n<p>Wykorzystujemy pliki cookie do spersonalizowania tre\u015bci, aby analizowa\u0107 ruch w naszej witrynie. Informacje o tym, jak korzystasz z naszej witryny, udost\u0119pniamy partnerom spo\u0142eczno\u015bciowym i analitycznym. Partnerzy mog\u0105 po\u0142\u0105czy\u0107 te informacje z innymi danymi otrzymanymi od Ciebie lub uzyskanymi podczas korzystania z ich us\u0142ug.<\/p>\n<p><strong>Niezb\u0119dne<\/strong><br \/>\nPliki cookies z tej kategorii, umo\u017cliwiaj\u0105ce korzystanie z us\u0142ug dost\u0119pnych w ramach strony oraz s\u0142u\u017c\u0105ce do zapewnienia bezpiecze\u0144stwa. Strona nie mo\u017ce dzia\u0142a\u0107 poprawnie bez tych plik\u00f3w cookie. Zgoda nie jest wymagana.<\/p>\n<p><strong>Analityczne<\/strong><br \/>\nAnalityczne pliki cookie pomagaj\u0105 nam zrozumie\u0107, w jaki spos\u00f3b odwiedzaj\u0105cy wchodz\u0105 w interakcje z nasz\u0105 stron\u0105 internetow\u0105, zbieraj\u0105c i analizuj\u0105c anonimowo informacje.<\/p>\n<p><strong>Funkcjonalne<\/strong><br \/>\nPliki cookie dotycz\u0105ce preferencji umo\u017cliwiaj\u0105 stronie zapami\u0119tanie informacji, kt\u00f3re zmieniaj\u0105 wygl\u0105d lub funkcjonowanie strony, np. preferowany j\u0119zyk lub region, w kt\u00f3rym znajduje si\u0119 u\u017cytkownik.<\/p>\n<p><strong>Marketingowe<\/strong><br \/>\nMarketingowe pliki cookie stosowane s\u0105 w celu \u015bledzenia u\u017cytkownik\u00f3w na stronach internetowych. Celem jest wy\u015bwietlanie reklam, kt\u00f3re s\u0105 istotne i interesuj\u0105ce dla poszczeg\u00f3lnych u\u017cytkownik\u00f3w i tym samym bardziej cenne dla wydawc\u00f3w i reklamodawc\u00f3w strony trzeciej.<\/p>","protected":false},"excerpt":{"rendered":"<p>&nbsp; Niniejsza strona korzysta z plik\u00f3w cookie Wykorzystujemy pliki cookie do spersonalizowania tre\u015bci, aby analizowa\u0107 ruch w naszej witrynie. Informacje o tym, jak korzystasz z naszej witryny, udost\u0119pniamy partnerom spo\u0142eczno\u015bciowym i analitycznym. Partnerzy mog\u0105 po\u0142\u0105czy\u0107 te informacje z innymi danymi otrzymanymi od Ciebie lub uzyskanymi podczas korzystania z ich us\u0142ug. Niezb\u0119dne Pliki cookies z tej [&hellip;]<\/p>","protected":false},"author":1,"featured_media":0,"parent":0,"menu_order":0,"comment_status":"closed","ping_status":"closed","template":"","meta":{"footnotes":""},"class_list":["post-4356","page","type-page","status-publish","hentry"],"_links":{"self":[{"href":"https:\/\/ujinn.pl\/en\/wp-json\/wp\/v2\/pages\/4356","targetHints":{"allow":["GET"]}}],"collection":[{"href":"https:\/\/ujinn.pl\/en\/wp-json\/wp\/v2\/pages"}],"about":[{"href":"https:\/\/ujinn.pl\/en\/wp-json\/wp\/v2\/types\/page"}],"author":[{"embeddable":true,"href":"https:\/\/ujinn.pl\/en\/wp-json\/wp\/v2\/users\/1"}],"replies":[{"embeddable":true,"href":"https:\/\/ujinn.pl\/en\/wp-json\/wp\/v2\/comments?post=4356"}],"version-history":[{"count":7,"href":"https:\/\/ujinn.pl\/en\/wp-json\/wp\/v2\/pages\/4356\/revisions"}],"predecessor-version":[{"id":4365,"href":"https:\/\/ujinn.pl\/en\/wp-json\/wp\/v2\/pages\/4356\/revisions\/4365"}],"wp:attachment":[{"href":"https:\/\/ujinn.pl\/en\/wp-json\/wp\/v2\/media?parent=4356"}],"curies":[{"name":"wp","href":"https:\/\/api.w.org\/{rel}","templated":true}]}}